{"id":343,"date":"2024-02-16T08:14:08","date_gmt":"2024-02-16T07:14:08","guid":{"rendered":"https:\/\/eager-benz.45-82-188-209.plesk.page\/product\/optical-ys-converter-c1-voor-rdx-behuizingen-50137\/"},"modified":"2024-04-18T12:11:53","modified_gmt":"2024-04-18T10:11:53","slug":"optical-ys-converter-c1-voor-rdx-behuizingen","status":"publish","type":"product","link":"https:\/\/seaandsea.eu\/de\/produkt\/optischer-ys-konverter-c1-fur-rdx-gehause\/","title":{"rendered":"Optischer YS-Konverter\/C1 f\u00fcr RDX-Geh\u00e4use"},"content":{"rendered":"","protected":false},"excerpt":{"rendered":"<p>Optischer YS-Konverter\/C1 f\u00fcr RDX-Geh\u00e4use<br \/>\nProdukt Nr. 50137<\/p>\n<p><span>Eine kompakte Einheit, die das TTL-Signal der Kamera in ein Lichtsignal umwandelt. Der Konverter kann auf dem Zubeh\u00f6rschuh der Kamera montiert und mit (einem) SEA &amp; SEA-Blitzger\u00e4t(en) mit Glasfaserkabel(n) (*) verbunden werden. Durch Dr\u00fccken des Betriebsartenschalters am Geh\u00e4use kann zwischen TTL- und manuellem Betrieb umgeschaltet werden.<br \/>\n* SEA &amp; SEA's Fiber Optical Cable II muss mit einem optischen YS-Konverter verwendet werden.<\/span><\/p>\n<p>Kompatibles Geh\u00e4use: RDX-100D<\/p>\n<p><strong>Spezifikationen<\/strong><br \/>\n<span>Betrieb: ON \/ OFF \/ TTL-Modus (durch blaues Licht angezeigt) \/ Manueller Modus (durch gr\u00fcnes Licht angezeigt)<br \/>\n* Der verbleibende Batteriestand wird durch ein blinkendes LED-Licht angezeigt.<br \/>\nAutomatische Abschaltung: Der Konverter schaltet sich automatisch aus, wenn der Ausl\u00f6ser oder der Modusschalter l\u00e4nger als eine Stunde nicht bet\u00e4tigt wird.<br \/>\n* Der Konverter kann durch Dr\u00fccken des Betriebsartenschalters wieder aktiviert werden.<br \/>\nStromquelle: 2 x AAA-Batterie (Alkaline: 3,0 V \/ Ni-MH: 2,4 V)<br \/>\nStromquelle: (* 1) Alkaline: 15 Stunden \/ Mi-MH: 12 Stunden (* 2)<br \/>\nKonstruktion: Aluminiumlegierung (Geh\u00e4use)<br \/>\nAbmessungen (BxHxT): 54,4 x 41,4 x 48,8 mm \/ 2,1 x 1,6 x 1,9 Zoll (ohne Kabel)<br \/>\nGewicht: 54 g \/ 1,9 oz.<\/p>\n<p>* 1 Die Lebensdauer der Batterie h\u00e4ngt von der Batteriemarke, der Temperatur und der Nutzungsh\u00e4ufigkeit ab.<br \/>\n* 2 Betriebsdauer getestet mit 750-mAh-Batterien.<\/p>\n<p>Das Video zum Thema \"Einbau des optischen YS-Konverters in ein kompatibles Geh\u00e4use\" wurde gerade auf YouTube ver\u00f6ffentlicht.<\/span><\/p>","protected":false},"featured_media":344,"comment_status":"closed","ping_status":"closed","template":"","meta":{"_acf_changed":false},"product_cat":[44,188],"product_tag":[196,36,76,38,149],"class_list":{"0":"post-343","1":"product","2":"type-product","3":"status-publish","4":"has-post-thumbnail","6":"product_cat-accessoires","7":"product_cat-behuizing-accessoires","8":"product_tag-converter","9":"product_tag-optical","10":"product_tag-rdx","11":"product_tag-sea-sea","12":"product_tag-ys","14":"first","15":"instock","16":"product-type-simple"},"acf":[],"_links":{"self":[{"href":"https:\/\/seaandsea.eu\/de\/wp-json\/wp\/v2\/product\/343","targetHints":{"allow":["GET"]}}],"collection":[{"href":"https:\/\/seaandsea.eu\/de\/wp-json\/wp\/v2\/product"}],"about":[{"href":"https:\/\/seaandsea.eu\/de\/wp-json\/wp\/v2\/types\/product"}],"replies":[{"embeddable":true,"href":"https:\/\/seaandsea.eu\/de\/wp-json\/wp\/v2\/comments?post=343"}],"wp:featuredmedia":[{"embeddable":true,"href":"https:\/\/seaandsea.eu\/de\/wp-json\/wp\/v2\/media\/344"}],"wp:attachment":[{"href":"https:\/\/seaandsea.eu\/de\/wp-json\/wp\/v2\/media?parent=343"}],"wp:term":[{"taxonomy":"product_cat","embeddable":true,"href":"https:\/\/seaandsea.eu\/de\/wp-json\/wp\/v2\/product_cat?post=343"},{"taxonomy":"product_tag","embeddable":true,"href":"https:\/\/seaandsea.eu\/de\/wp-json\/wp\/v2\/product_tag?post=343"}],"curies":[{"name":"wp","href":"https:\/\/api.w.org\/{rel}","templated":true}]}}