{"id":349,"date":"2024-02-16T08:14:08","date_gmt":"2024-02-16T07:14:08","guid":{"rendered":"https:\/\/eager-benz.45-82-188-209.plesk.page\/product\/vf180-12-viewfinder-46112\/"},"modified":"2024-04-19T16:22:34","modified_gmt":"2024-04-19T14:22:34","slug":"vf180-12-viewfinder-46112","status":"publish","type":"product","link":"https:\/\/seaandsea.eu\/de\/produkt\/vf180-12-viewfinder-46112\/","title":{"rendered":"VF180 1.2 Sucher"},"content":{"rendered":"","protected":false},"excerpt":{"rendered":"<p>VF180 1.2x<br \/>\nProdukt Nr. 46112<\/p>\n<p><span>Gerader Prismensucher, kompatibel mit den Geh\u00e4usen der Serien RDX und MDX. Kann am Geh\u00e4use angebracht werden, indem der Originalsucher ersetzt wird. Das Vergr\u00f6\u00dferungsverh\u00e4ltnis betr\u00e4gt 1,2x ohne Einbu\u00dfen beim Sichtfeld. Da der VF180 1.2x ein gerader Sucher ist, k\u00f6nnen Sie Ihre Bilder so komponieren, als ob Sie direkt durch den Sucher der Kamera schauen w\u00fcrden. Die optischen Linsen mit 8 Elementen und 6 Gruppen geben nat\u00fcrliche Farben wieder. Der Sucher ist mit Stickstoffgas gef\u00fcllt, um Kondensation und Beschlagen zu verhindern. Der Augenschutz gew\u00e4hrleistet eine klare Sicht, da kein Licht in den Sucher eindringen kann.<br \/>\n* Zur Befestigung des Suchers am Geh\u00e4use wird ein Zubeh\u00f6rteil ben\u00f6tigt.<\/span><\/p>\n<p><strong>Spezifikationen<\/strong><br \/>\n<span>Konstruktion: korrosionsbest\u00e4ndige Aluminiumlegierung<br \/>\nTauchtiefe: 100m \/ 330ft<br \/>\n<\/span><span>Abmessungen (DIAxD): 45\u00d7111 mm \/ 1,8 x 4,4 Zoll<br \/>\nGewicht: 275 g \/ 9,6 Unzen<br \/>\nKompatible Geh\u00e4use: (Modelle, die nach dem Jahr 2007 hergestellt wurden)RDX-750D RDX-100D RDX-650D RDX-600D RDX-550D<br \/>\n(*2) MDX-D850 (*3) MDX-5D Mark IV MDX-80D MDX-D500 MDX-EM5 Mark II06177 MDX-\u03b17 II MDX-5D Mark III ver.2 MDX-7D Mark II MDX-70D MDX-5D Mark III MDX- 6D MDX-7D MDX-PRO 5D Mark II\uff08*1\uff09MDX-40D\uff08*2\uff09MDX-D800 MDX-D7100 MDX-D7000 MDX-D300s MDX-PRO D700 MDX-PRO D3 \uff08*2\uff09 MDX-D300\uff08*2\uff09<\/p>\n<p>* 1 Zubeh\u00f6r-Abstandshalter ist erforderlich, um den Sucher am Geh\u00e4use zu installieren.<br \/>\n* 2 F\u00fcr die Installation des Suchers ist eine werkseitige Modifikation erforderlich. Bitte wenden Sie sich an einen offiziellen SEA &amp; SEA H\u00e4ndler oder Distributor.<br \/>\n* 3 Der untere Teil des Kamerasuchers (wo die Aufnahmedaten angezeigt werden) kann aufgrund von Vignettierung nicht angezeigt werden.<\/span><\/p>","protected":false},"featured_media":350,"comment_status":"closed","ping_status":"closed","template":"","meta":{"_acf_changed":false},"product_cat":[44,188],"product_tag":[201,38,180,202],"class_list":{"0":"post-349","1":"product","2":"type-product","3":"status-publish","4":"has-post-thumbnail","6":"product_cat-accessoires","7":"product_cat-behuizing-accessoires","8":"product_tag-201","9":"product_tag-sea-sea","10":"product_tag-stay","11":"product_tag-viewfinder","13":"first","14":"instock","15":"product-type-simple"},"acf":[],"_links":{"self":[{"href":"https:\/\/seaandsea.eu\/de\/wp-json\/wp\/v2\/product\/349","targetHints":{"allow":["GET"]}}],"collection":[{"href":"https:\/\/seaandsea.eu\/de\/wp-json\/wp\/v2\/product"}],"about":[{"href":"https:\/\/seaandsea.eu\/de\/wp-json\/wp\/v2\/types\/product"}],"replies":[{"embeddable":true,"href":"https:\/\/seaandsea.eu\/de\/wp-json\/wp\/v2\/comments?post=349"}],"wp:featuredmedia":[{"embeddable":true,"href":"https:\/\/seaandsea.eu\/de\/wp-json\/wp\/v2\/media\/350"}],"wp:attachment":[{"href":"https:\/\/seaandsea.eu\/de\/wp-json\/wp\/v2\/media?parent=349"}],"wp:term":[{"taxonomy":"product_cat","embeddable":true,"href":"https:\/\/seaandsea.eu\/de\/wp-json\/wp\/v2\/product_cat?post=349"},{"taxonomy":"product_tag","embeddable":true,"href":"https:\/\/seaandsea.eu\/de\/wp-json\/wp\/v2\/product_tag?post=349"}],"curies":[{"name":"wp","href":"https:\/\/api.w.org\/{rel}","templated":true}]}}