{"id":351,"date":"2024-02-16T08:14:08","date_gmt":"2024-02-16T07:14:08","guid":{"rendered":"https:\/\/eager-benz.45-82-188-209.plesk.page\/product\/vf45-1-2-viewfinder-46111\/"},"modified":"2024-04-18T12:11:18","modified_gmt":"2024-04-18T10:11:18","slug":"vf45-1-2-viewfinder","status":"publish","type":"product","link":"https:\/\/seaandsea.eu\/de\/produkt\/vf45-1-2-sucher\/","title":{"rendered":"VF45 1.2 Sucher"},"content":{"rendered":"","protected":false},"excerpt":{"rendered":"<p>VF45 1.2x<br \/>\nProdukt Nr. 46111<\/p>\n<p><span>Ein 45\u00b0-Prismensucher (Vergr\u00f6\u00dferung: 1,2x).<br \/>\nDer optionale Prismensucher VF45 ersetzt den urspr\u00fcnglichen Sucher Ihres Geh\u00e4uses und bietet eine hervorragende Sicht. Der VF45 deckt das gesamte Sichtfeld ab, erh\u00f6ht die Vergr\u00f6\u00dferung um das 1,2-fache und erm\u00f6glicht ein feines Einrahmen und Fokussieren von Motiven. Das Okular ist um 360\u00b0 in 90\u00b0-Schritten drehbar und erm\u00f6glicht so die ideale Kameraposition, egal ob im Hoch- oder Querformat. Der 45-Grad-Prismensucher ist ideal f\u00fcr alle Bedingungen, eignet sich aber besonders f\u00fcr die Makrofotografie, bei der die Kamera oft tiefer als der Fotograf positioniert ist. Das ergonomisch geformte Okular verhindert unn\u00f6tigen Lichteinfall, so dass klare und genaue Bilder durch den Sucher extrahiert werden k\u00f6nnen.<\/span><\/p>\n<p><strong>Spezifikationen<br \/>\n<\/strong>[Konstruktion] korrosionsbest\u00e4ndige Aluminiumlegierung<br \/>\n[Tiefenleistung] 100m \/ 330ft<br \/>\n[Abmessungen (BxHxT)] 57.5\u00d798.7x96mm \/ 2.3\u00d73.9\u00d73.8inch<br \/>\n[Gewicht] 390 g \/ 13,7 Unzen<br \/>\n[Kompatible Geh\u00e4use]MDX-5D Mark III, MDX-6D, MDX-7D, MDX-PRO 5D Mark II \uff08\uff081 \u203b, MDX-40D \uff08\u203b 2\uff09MDX-D800, MDX-D7100, MDX-D7000, MDX-D300s, MDX-PRO D700, MDX-PRO D3 \uff08\u203b 2\uff09, MDX-D300 \uff08\u203b 2\uff09<br \/>\n* 1 F\u00fcr die Installation des Suchers am Geh\u00e4use ist ein Zubeh\u00f6r-Abstandshalter erforderlich* 2 F\u00fcr die Installation des Suchers ist eine werkseitige \u00c4nderung erforderlich. Bitte wenden Sie sich an einen offiziellen SEA &amp; SEA H\u00e4ndler oder Distributor.<\/p>","protected":false},"featured_media":352,"comment_status":"closed","ping_status":"closed","template":"","meta":{"_acf_changed":false},"product_cat":[44,188],"product_tag":[38,203,202],"class_list":{"0":"post-351","1":"product","2":"type-product","3":"status-publish","4":"has-post-thumbnail","6":"product_cat-accessoires","7":"product_cat-behuizing-accessoires","8":"product_tag-sea-sea","9":"product_tag-vf45","10":"product_tag-viewfinder","12":"first","13":"instock","14":"product-type-simple"},"acf":[],"_links":{"self":[{"href":"https:\/\/seaandsea.eu\/de\/wp-json\/wp\/v2\/product\/351","targetHints":{"allow":["GET"]}}],"collection":[{"href":"https:\/\/seaandsea.eu\/de\/wp-json\/wp\/v2\/product"}],"about":[{"href":"https:\/\/seaandsea.eu\/de\/wp-json\/wp\/v2\/types\/product"}],"replies":[{"embeddable":true,"href":"https:\/\/seaandsea.eu\/de\/wp-json\/wp\/v2\/comments?post=351"}],"wp:featuredmedia":[{"embeddable":true,"href":"https:\/\/seaandsea.eu\/de\/wp-json\/wp\/v2\/media\/352"}],"wp:attachment":[{"href":"https:\/\/seaandsea.eu\/de\/wp-json\/wp\/v2\/media?parent=351"}],"wp:term":[{"taxonomy":"product_cat","embeddable":true,"href":"https:\/\/seaandsea.eu\/de\/wp-json\/wp\/v2\/product_cat?post=351"},{"taxonomy":"product_tag","embeddable":true,"href":"https:\/\/seaandsea.eu\/de\/wp-json\/wp\/v2\/product_tag?post=351"}],"curies":[{"name":"wp","href":"https:\/\/api.w.org\/{rel}","templated":true}]}}