{"id":383,"date":"2024-02-16T08:14:14","date_gmt":"2024-02-16T07:14:14","guid":{"rendered":"https:\/\/eager-benz.45-82-188-209.plesk.page\/product\/m67-wide-angle-conversion-lens-06x-52123\/"},"modified":"2024-04-18T12:08:00","modified_gmt":"2024-04-18T10:08:00","slug":"m67-wide-angle-conversion-lens-06x","status":"publish","type":"product","link":"https:\/\/seaandsea.eu\/de\/produkt\/m67-weitwinkel-konversionsobjektiv-06x\/","title":{"rendered":"M67 Weitwinkel-Konversionsobjektiv 0,6x"},"content":{"rendered":"","protected":false},"excerpt":{"rendered":"<p>M67 Weitwinkel-Konversionsobjektiv 0,6x<br \/>\nProdukt-Nr. 52123<\/p>\n<p>Eine Weitwinkel-Konvertierungslinse mit einem <span>Schraubbefestigung M67.<br \/>\nWenn das Objektiv montiert ist, vergr\u00f6\u00dfert sich der Blickwinkel von 28 mm auf maximal 17 mm (entspricht einer 35-mm-Filmkamera). Das Objektiv kann unter Wasser abgenommen und angebracht werden; es kann auch an Land verwendet werden.<br \/>\n- Es wird dringend empfohlen, einen externen Blitz zu verwenden; wenn Sie den eingebauten Blitz verwenden, w\u00e4hrend das Objektiv montiert ist, k\u00f6nnen Schatten auf den Bildern erscheinen.<br \/>\n- Das Objektiv ist kompatibel mit der MDX-RX100III, MDX-RX100 \/ II, MDX-X10*, der Nikon WP-N1+ \/ WP-N2* \/ WP-N3, der Olympus PT-EP06L, PT-EP05L ab M\u00e4rz 2015.<br \/>\n* Bei Geh\u00e4usen mit Stern (*) die Teleaufnahme leicht vergr\u00f6\u00dfern, um Vignettierung zu vermeiden.<\/span><\/p>\n<p><strong>Spezifikationen<\/strong><br \/>\n<span>Objektiv: 3 Elemente in 3 Gruppen<br \/>\nBlickwinkel unter Wasser: 94 Grad (150 Grad an Land)<br \/>\nVergr\u00f6\u00dferung: 0,6x<br \/>\nTauchtiefe: 60m \/ 200ft<br \/>\nGewicht: 426 g \/ 15 Unzen (220 g \/ 7,8 Unzen unter Wasser)<br \/>\nAbmessungen: (DIA x D) 96 x 44 mm \/ 3,8 x 1,7 Zoll<br \/>\nKonstruktion: korrosionsbest\u00e4ndige Aluminiumlegierung.<\/span><\/p>","protected":false},"featured_media":384,"comment_status":"closed","ping_status":"closed","template":"","meta":{"_acf_changed":false},"product_cat":[44,231],"product_tag":[38],"class_list":{"0":"post-383","1":"product","2":"type-product","3":"status-publish","4":"has-post-thumbnail","6":"product_cat-accessoires","7":"product_cat-lenses-and-accessories","8":"product_tag-sea-sea","10":"first","11":"instock","12":"product-type-simple"},"acf":[],"_links":{"self":[{"href":"https:\/\/seaandsea.eu\/de\/wp-json\/wp\/v2\/product\/383","targetHints":{"allow":["GET"]}}],"collection":[{"href":"https:\/\/seaandsea.eu\/de\/wp-json\/wp\/v2\/product"}],"about":[{"href":"https:\/\/seaandsea.eu\/de\/wp-json\/wp\/v2\/types\/product"}],"replies":[{"embeddable":true,"href":"https:\/\/seaandsea.eu\/de\/wp-json\/wp\/v2\/comments?post=383"}],"wp:featuredmedia":[{"embeddable":true,"href":"https:\/\/seaandsea.eu\/de\/wp-json\/wp\/v2\/media\/384"}],"wp:attachment":[{"href":"https:\/\/seaandsea.eu\/de\/wp-json\/wp\/v2\/media?parent=383"}],"wp:term":[{"taxonomy":"product_cat","embeddable":true,"href":"https:\/\/seaandsea.eu\/de\/wp-json\/wp\/v2\/product_cat?post=383"},{"taxonomy":"product_tag","embeddable":true,"href":"https:\/\/seaandsea.eu\/de\/wp-json\/wp\/v2\/product_tag?post=383"}],"curies":[{"name":"wp","href":"https:\/\/api.w.org\/{rel}","templated":true}]}}