{"id":387,"date":"2024-02-16T08:14:14","date_gmt":"2024-02-16T07:14:14","guid":{"rendered":"https:\/\/eager-benz.45-82-188-209.plesk.page\/product\/lcd-monitor-hood-with-lens-52121\/"},"modified":"2024-04-18T12:08:10","modified_gmt":"2024-04-18T10:08:10","slug":"lcd-monitor-hood-with-lens","status":"publish","type":"product","link":"https:\/\/seaandsea.eu\/de\/produkt\/lcd-monitor-haube-mit-objektiv\/","title":{"rendered":"LCD-Monitorhaube mit Objektiv"},"content":{"rendered":"","protected":false},"excerpt":{"rendered":"<p>LCD-Monitorhaube mit Objektiv<br \/>\nProdukt-Nr. 52121<\/p>\n<p>Die Haube wird auf dem LCD-Monitor einer kompakten Digitalkamera angebracht. Die Gegenlichtblende reduziert Licht und Reflexionen und sorgt f\u00fcr klare Bilder des LCD-Monitors von Ecke zu Ecke. Das Objektiv ist mit einer Antireflexionsbeschichtung versehen, um unn\u00f6tige Reflexionen und Blendungen weiter zu reduzieren. Ideal f\u00fcr alle, die einen gr\u00f6\u00dferen und klareren Blick auf den LCD-Monitor w\u00fcnschen.<\/p>\n<p><strong>Spezifikationen<\/strong><br \/>\n<span title=\"\">Kompatibles Modell: MDX-RX100III, MDX-RX100 \/ II, MDX-GRD IV, DX-GE5<\/span><br \/>\n<span title=\"\">Kompatible Gr\u00f6\u00dfe des LCD-Monitors: Ca.<\/span> <span title=\"\">62x47mm \/ 2,4\u00d71,9 Zoll<\/span><br \/>\n<span title=\"\">Gewicht: Ca.<\/span> <span title=\"\">123 g \/ 4,3 Unzen<\/span><br \/>\n<span title=\"\">Abmessungen (DIAxD): ca.<\/span> <span title=\"\">84x85x67mm \/ 3.3\u00d73.3\u00d72.6inch<\/span><\/p>","protected":false},"featured_media":388,"comment_status":"closed","ping_status":"closed","template":"","meta":{"_acf_changed":false},"product_cat":[44,231],"product_tag":[38],"class_list":{"0":"post-387","1":"product","2":"type-product","3":"status-publish","4":"has-post-thumbnail","6":"product_cat-accessoires","7":"product_cat-lenses-and-accessories","8":"product_tag-sea-sea","10":"first","11":"instock","12":"product-type-simple"},"acf":[],"_links":{"self":[{"href":"https:\/\/seaandsea.eu\/de\/wp-json\/wp\/v2\/product\/387","targetHints":{"allow":["GET"]}}],"collection":[{"href":"https:\/\/seaandsea.eu\/de\/wp-json\/wp\/v2\/product"}],"about":[{"href":"https:\/\/seaandsea.eu\/de\/wp-json\/wp\/v2\/types\/product"}],"replies":[{"embeddable":true,"href":"https:\/\/seaandsea.eu\/de\/wp-json\/wp\/v2\/comments?post=387"}],"wp:featuredmedia":[{"embeddable":true,"href":"https:\/\/seaandsea.eu\/de\/wp-json\/wp\/v2\/media\/388"}],"wp:attachment":[{"href":"https:\/\/seaandsea.eu\/de\/wp-json\/wp\/v2\/media?parent=387"}],"wp:term":[{"taxonomy":"product_cat","embeddable":true,"href":"https:\/\/seaandsea.eu\/de\/wp-json\/wp\/v2\/product_cat?post=387"},{"taxonomy":"product_tag","embeddable":true,"href":"https:\/\/seaandsea.eu\/de\/wp-json\/wp\/v2\/product_tag?post=387"}],"curies":[{"name":"wp","href":"https:\/\/api.w.org\/{rel}","templated":true}]}}