{"id":395,"date":"2024-02-16T08:14:14","date_gmt":"2024-02-16T07:14:14","guid":{"rendered":"https:\/\/eager-benz.45-82-188-209.plesk.page\/product\/mdx-z7-behuizing-voor-nikon-z7-z6-06189\/"},"modified":"2024-04-18T12:06:26","modified_gmt":"2024-04-18T10:06:26","slug":"mdx-z7-behuizing-voor-nikon-z7-z6","status":"publish","type":"product","link":"https:\/\/seaandsea.eu\/de\/produkt\/mdx-z7-gehause-fur-nikon-z7-z6\/","title":{"rendered":"MDX-Z7 Geh\u00e4use f\u00fcr Nikon Z7 &amp; Z6"},"content":{"rendered":"","protected":false},"excerpt":{"rendered":"<p>Sea &amp; Sea MDX-Z7 Tasche f\u00fcr die Nikon Z7<\/p>\n<p>MDX-Z7 (Schwarz)(nur Geh\u00e4use)<br \/>\nProdukt-Nr. 06189<\/p>\n<p>Hochmodernes Geh\u00e4use f\u00fcr Nikons spiegellose Spiegelreflex-\/Systemkameras Z7 und Z6, kompakt und ergonomisch im Design. Ausgestattet mit optischem YS-Konverter.<\/p>\n<p>Kompakte Bauweise.<br \/>\nDas Geh\u00e4use nutzt die Vorteile der kompakten Bauweise und des geringen Gewichts der Z7\/6-Kamera und wurde entsprechend entwickelt, um diese Eigenschaften zu verbessern. Im Vergleich zum SLR-Kamerageh\u00e4use MDX-850 ist das MDX-Z7\/6 an Land um 100 g\/3,5 oz leichter.<\/p>\n<p>Gewicht: MDX-Z7 2700g\/95,2oz (an Land), MDX-D850 2800g\/98,8oz (an Land).<\/p>\n<p>Es k\u00f6nnen Ports und Zahnr\u00e4der f\u00fcr die SLR-Geh\u00e4use der MDX-Serie verwendet werden.<br \/>\nDas MDX-Z7\/6 ist mit der Systemtabelle f\u00fcr die SLR-Geh\u00e4use der MDX-Serie kompatibel. Sie k\u00f6nnen F-Mount-Objektive mit dem Anschlussadapter FTZ und Anschl\u00fcssen\/Getrieben f\u00fcr die Geh\u00e4use der MDX-Serie verwenden.<\/p>\n<p>Kompatibel mit optischem YS-Konverter\/N1. TTL-Stroboskopaufnahmen m\u00f6glich.<br \/>\nEin optionaler optischer YS-Konverter, der das TTL-Signal des Blitzschuhs der Kamera in ein LED-Lichtsignal umwandelt, ist mit dem Geh\u00e4use kompatibel. Manuelle Blitzlichtaufnahmen sind ebenfalls m\u00f6glich.<\/p>\n<p>Geeignet f\u00fcr F-Mount-Objektive mit dem Anschlussadapter FTZ und Z-Mount-Objektive.<br \/>\nDas Fokus\/Zoom-Einstellrad verf\u00fcgt \u00fcber zwei Zahnr\u00e4der, eines f\u00fcr F-Mount-Objektive mit dem Anschlussadapter FTZ und das andere f\u00fcr Z-Mount-Objektive. Die MDX-Z7 wurde so konzipiert, dass sie verschiedene Z-Mount-Objektive ber\u00fccksichtigt, die bald erh\u00e4ltlich sein werden.<\/p>\n<p>Das obere Bedienfeld der Kamera ist zu sehen.<br \/>\nEin Fenster f\u00fcr das obere Bedienfeld der Kamera ist ebenfalls integriert. Da die Helligkeit des oberen Bedienfelds der Kamera erh\u00f6ht wurde, ist die Sichtbarkeit nun deutlich verbessert.<\/p>\n<p>MDX-Z7 Weitere Merkmale<\/p>\n<p>-Die Portsperre verhindert, dass sich der Port dreht oder lockert, und der Portsperrhebel ist so angebracht, dass er nicht versehentlich entriegelt werden kann.<br \/>\n-Geh\u00e4use ist mit einem Entriegelungsknopf f\u00fcr die Objektivverriegelung ausgestattet, der einen einfachen Objektivwechsel erm\u00f6glicht, ohne das Geh\u00e4use zu \u00f6ffnen.<br \/>\nDurch Herausziehen des Fokus-\/Zoom-Einstellrads entsteht im Inneren des Geh\u00e4uses gen\u00fcgend Platz, um auch Objektive mit gr\u00f6\u00dferem Durchmesser problemlos aufzunehmen.<br \/>\n-Das Dioptrien-Einstellrad der Kamera kann von au\u00dferhalb des Geh\u00e4uses bedient werden. Diese Funktion ist n\u00fctzlich, wenn zwei oder mehr Personen mit unterschiedlichem Sehverm\u00f6gen das Geh\u00e4use benutzen.<br \/>\n-Alle Bedienelemente haben Leuchtaufkleber, die in dunkler Umgebung leuchten.<br \/>\nStandardm\u00e4\u00dfig mit dem optischen Sucher 0,5x ausgestattet. Andere optionale Sucher wie der optische Sucher 0,66x und 0,8x k\u00f6nnen verwendet werden.<br \/>\nWenn der VF45 und der VF180 1.2x auf einem Geh\u00e4use montiert sind, k\u00f6nnen die Ecken des Kamerasuchers aufgrund von Vignettierung nicht gesehen werden.<br \/>\n-Der 2-polige Anschluss f\u00fcr das Synchronisationskabel erm\u00f6glicht die Verwendung eines herk\u00f6mmlichen festverdrahteten Synchronisationskabels (nur im manuellen Modus).<br \/>\nAusgestattet mit zwei Zink-Opferdioden (eine auf der Vorderseite und eine auf der R\u00fcckseite), um Elektrolysesch\u00e4den zu vermeiden.<br \/>\n-Ausgestattet mit einem Unterschutz zum Schutz vor Kratzern.<\/p>\n<p>Spezifikationen<br \/>\nMDX-Z7<br \/>\n[Aufbau] Geh\u00e4use: korrosionsbest\u00e4ndige Aluminiumlegierung (maschinell bearbeitet)<br \/>\nGriff: korrosionsbest\u00e4ndige Aluminium-Druckgusslegierung<br \/>\n[Tiefenleistung] 100m \/ 330ft<br \/>\n[Abmessungen (BxHxT)] 339 x 169 x 158 mm \/ 13,3 x 6,7 x 6,2 Zoll<br \/>\n[Gewicht] Ca. 2.700g (nur Geh\u00e4use)<\/p>","protected":false},"featured_media":396,"comment_status":"closed","ping_status":"closed","template":"","meta":{"_acf_changed":false},"product_cat":[150],"product_tag":[151,123,233,38,234],"class_list":{"0":"post-395","1":"product","2":"type-product","3":"status-publish","4":"has-post-thumbnail","6":"product_cat-behuizingen","7":"product_tag-behuizing","8":"product_tag-housing","9":"product_tag-nikon-z6","10":"product_tag-sea-sea","11":"product_tag-z7","13":"first","14":"instock","15":"product-type-simple"},"acf":[],"_links":{"self":[{"href":"https:\/\/seaandsea.eu\/de\/wp-json\/wp\/v2\/product\/395","targetHints":{"allow":["GET"]}}],"collection":[{"href":"https:\/\/seaandsea.eu\/de\/wp-json\/wp\/v2\/product"}],"about":[{"href":"https:\/\/seaandsea.eu\/de\/wp-json\/wp\/v2\/types\/product"}],"replies":[{"embeddable":true,"href":"https:\/\/seaandsea.eu\/de\/wp-json\/wp\/v2\/comments?post=395"}],"wp:featuredmedia":[{"embeddable":true,"href":"https:\/\/seaandsea.eu\/de\/wp-json\/wp\/v2\/media\/396"}],"wp:attachment":[{"href":"https:\/\/seaandsea.eu\/de\/wp-json\/wp\/v2\/media?parent=395"}],"wp:term":[{"taxonomy":"product_cat","embeddable":true,"href":"https:\/\/seaandsea.eu\/de\/wp-json\/wp\/v2\/product_cat?post=395"},{"taxonomy":"product_tag","embeddable":true,"href":"https:\/\/seaandsea.eu\/de\/wp-json\/wp\/v2\/product_tag?post=395"}],"curies":[{"name":"wp","href":"https:\/\/api.w.org\/{rel}","templated":true}]}}