{"id":405,"date":"2024-02-16T08:14:14","date_gmt":"2024-02-16T07:14:14","guid":{"rendered":"https:\/\/eager-benz.45-82-188-209.plesk.page\/product\/grip-extension-geel-voor-behuizingen-22144\/"},"modified":"2024-04-18T12:10:53","modified_gmt":"2024-04-18T10:10:53","slug":"grip-extension-geel-voor-behuizingen","status":"publish","type":"product","link":"https:\/\/seaandsea.eu\/de\/produkt\/grip-extension-yellow-for-enclosures\/","title":{"rendered":"Grip Extension Gelb f\u00fcr Geh\u00e4use"},"content":{"rendered":"","protected":false},"excerpt":{"rendered":"<p>Grip Extension Gelb<br \/>\nArtikel #22144<\/p>\n<p>Obwohl der Abstand zwischen dem Geh\u00e4use und den Griffen genau gemessen wird, kann es in unseren westlichen L\u00e4ndern vorkommen, dass die H\u00e4nde eine Nummer zu dick sind und man die Hand des Griffs etwas weiter vom Geh\u00e4use entfernt haben m\u00f6chte.<br \/>\nLegen Sie dieses Set dann zwischen den Griff und das Geh\u00e4use und Sie haben den kleinen zus\u00e4tzlichen Platz, um das Geh\u00e4use leichter zu bedienen.<\/p>\n<p>Erh\u00e4ltlich in grau und in orange\/gelb<br \/>\nWird mit den Verl\u00e4ngerungsbolzen aus rostfreiem Stahl geliefert.<\/p>","protected":false},"featured_media":406,"comment_status":"closed","ping_status":"closed","template":"","meta":{"_acf_changed":false},"product_cat":[44,188],"product_tag":[243,242,115,128,38],"class_list":{"0":"post-405","1":"product","2":"type-product","3":"status-publish","4":"has-post-thumbnail","6":"product_cat-accessoires","7":"product_cat-behuizing-accessoires","8":"product_tag-243","9":"product_tag-242","10":"product_tag-extension","11":"product_tag-grip","12":"product_tag-sea-sea","14":"first","15":"instock","16":"product-type-simple"},"acf":[],"_links":{"self":[{"href":"https:\/\/seaandsea.eu\/de\/wp-json\/wp\/v2\/product\/405","targetHints":{"allow":["GET"]}}],"collection":[{"href":"https:\/\/seaandsea.eu\/de\/wp-json\/wp\/v2\/product"}],"about":[{"href":"https:\/\/seaandsea.eu\/de\/wp-json\/wp\/v2\/types\/product"}],"replies":[{"embeddable":true,"href":"https:\/\/seaandsea.eu\/de\/wp-json\/wp\/v2\/comments?post=405"}],"wp:featuredmedia":[{"embeddable":true,"href":"https:\/\/seaandsea.eu\/de\/wp-json\/wp\/v2\/media\/406"}],"wp:attachment":[{"href":"https:\/\/seaandsea.eu\/de\/wp-json\/wp\/v2\/media?parent=405"}],"wp:term":[{"taxonomy":"product_cat","embeddable":true,"href":"https:\/\/seaandsea.eu\/de\/wp-json\/wp\/v2\/product_cat?post=405"},{"taxonomy":"product_tag","embeddable":true,"href":"https:\/\/seaandsea.eu\/de\/wp-json\/wp\/v2\/product_tag?post=405"}],"curies":[{"name":"wp","href":"https:\/\/api.w.org\/{rel}","templated":true}]}}