{"id":133,"date":"2024-02-16T08:13:37","date_gmt":"2024-02-16T07:13:37","guid":{"rendered":"https:\/\/eager-benz.45-82-188-209.plesk.page\/product\/optical-dome-port-ii-230-30137\/"},"modified":"2024-04-18T13:25:09","modified_gmt":"2024-04-18T11:25:09","slug":"optical-dome-port-ii-230","status":"publish","type":"product","link":"https:\/\/seaandsea.eu\/es\/producto\/domo-optico-puerto-ii-230\/","title":{"rendered":"Domo \u00f3ptico Puerto II 230"},"content":{"rendered":"","protected":false},"excerpt":{"rendered":"<p>Domo \u00f3ptico Puerto II 230<br \/>\nC\u00f3digo 30137<\/p>\n<p>Ejemplo de sistema<\/p>\n<p>Di\u00e1metro 230 mm. Puerto de c\u00fapula \u00f3ptica vers\u00e1til, compatible con varios objetivos ojo de pez y gran angular. Proporciona la mejor calidad de imagen, incluida la calidad de imagen perif\u00e9rica. Adecuado para im\u00e1genes mitad bajo el agua y mitad por encima. La calidad de imagen perif\u00e9rica ser\u00e1 a\u00fan mejor si se utiliza con un objetivo de correcci\u00f3n interna.<\/p>\n<p><strong>Caracter\u00edsticas<\/strong><br \/>\nUtiliza cristal BK7 de alta calidad.<br \/>\n\u30fb Para optimizar la calidad de imagen se utilizan dos revestimientos antirreflectantes diferentes, uno para el exterior y otro para el interior de las c\u00fapulas \u00f3pticas. En el exterior de la c\u00fapula se utiliza un revestimiento multicapa y el interior de las c\u00fapulas est\u00e1 recubierto de s\u00edlice para suprimir eficazmente la sobrerradiaci\u00f3n y las im\u00e1genes fantasma. Como resultado, el \u00edndice de refracci\u00f3n de cada puerto se reduce a menos de 0,01% y las c\u00fapulas producen im\u00e1genes de muy alto contraste.<\/p>\n<p>Diferencia de calidad de imagen entre el Fisheye Dome Port 240 y el Optical Dome Port l 165 a contraluz. Equipo utilizado: Canon 5D Mark lll y EF 16-35mm F2.8L ll. Profundidad: 5 m<\/p>\n<p><strong>Especificaciones<\/strong><br \/>\nDimensiones (DIAxP): 250 x 120 mm \/ 9,8 x 4,7 pulgadas<br \/>\nPeso: Aprox. 2100 g \/ 74.1 oz<br \/>\nProfundidad: 100 m<br \/>\nConstrucci\u00f3n: aleaci\u00f3n de aluminio resistente a la corrosi\u00f3n (anodizado), cristal BK7 (c\u00fapula) y resina POM (tapa).<br \/>\nAccesorios: Manual de instrucciones, v\u00e1lvula de compuerta de c\u00fapula \u00f3ptica, carcasa de la compuerta<\/p>","protected":false},"featured_media":134,"comment_status":"closed","ping_status":"closed","template":"","meta":{"_acf_changed":false},"product_cat":[29,28],"product_tag":[42,43,34,35,36,37,38],"class_list":{"0":"post-133","1":"product","2":"type-product","3":"status-publish","4":"has-post-thumbnail","6":"product_cat-domeports","7":"product_cat-porten","8":"product_tag-42","9":"product_tag-43","10":"product_tag-dome","11":"product_tag-ii","12":"product_tag-optical","13":"product_tag-port","14":"product_tag-sea-sea","16":"first","17":"instock","18":"product-type-simple"},"acf":[],"_links":{"self":[{"href":"https:\/\/seaandsea.eu\/es\/wp-json\/wp\/v2\/product\/133","targetHints":{"allow":["GET"]}}],"collection":[{"href":"https:\/\/seaandsea.eu\/es\/wp-json\/wp\/v2\/product"}],"about":[{"href":"https:\/\/seaandsea.eu\/es\/wp-json\/wp\/v2\/types\/product"}],"replies":[{"embeddable":true,"href":"https:\/\/seaandsea.eu\/es\/wp-json\/wp\/v2\/comments?post=133"}],"wp:featuredmedia":[{"embeddable":true,"href":"https:\/\/seaandsea.eu\/es\/wp-json\/wp\/v2\/media\/134"}],"wp:attachment":[{"href":"https:\/\/seaandsea.eu\/es\/wp-json\/wp\/v2\/media?parent=133"}],"wp:term":[{"taxonomy":"product_cat","embeddable":true,"href":"https:\/\/seaandsea.eu\/es\/wp-json\/wp\/v2\/product_cat?post=133"},{"taxonomy":"product_tag","embeddable":true,"href":"https:\/\/seaandsea.eu\/es\/wp-json\/wp\/v2\/product_tag?post=133"}],"curies":[{"name":"wp","href":"https:\/\/api.w.org\/{rel}","templated":true}]}}