{"id":145,"date":"2024-02-16T08:13:37","date_gmt":"2024-02-16T07:13:37","guid":{"rendered":"https:\/\/eager-benz.45-82-188-209.plesk.page\/product\/ml-flat-port-63-30128\/"},"modified":"2024-04-19T16:04:45","modified_gmt":"2024-04-19T14:04:45","slug":"ml-flat-port-63-30128","status":"publish","type":"product","link":"https:\/\/seaandsea.eu\/es\/producto\/ml-puerto-plano-63-30128\/","title":{"rendered":"ML Puerto plano 63"},"content":{"rendered":"","protected":false},"excerpt":{"rendered":"<p>ML Puerto plano 63<br \/>\nC\u00f3digo 30128<\/p>\n<p>Para carcasas de c\u00e1maras sin espejo.<\/p>\n<p><strong>Especificaciones<\/strong><br \/>\nDimensiones (DIAxP): 104 x 84 mm \/ 4,1 x 3,3 pulgadas<br \/>\nPeso: 337 g \/ 11.9 oz<br \/>\nProfundidad: 100 m<br \/>\nConstrucci\u00f3n: aleaci\u00f3n de aluminio resistente a la corrosi\u00f3n (anodizado, revestimiento antirreflectante en la superficie interior)<br \/>\nDistancia entre el conjunto de puertos y la superficie interior del cristal: 63 mm \/ 2,5 pulgadas<\/p>","protected":false},"featured_media":146,"comment_status":"closed","ping_status":"closed","template":"","meta":{"_acf_changed":false},"product_cat":[28,72],"product_tag":[63,73,74,64,37,38],"class_list":{"0":"post-145","1":"product","2":"type-product","3":"status-publish","4":"has-post-thumbnail","6":"product_cat-porten","7":"product_cat-standard-ports","8":"product_tag-63","9":"product_tag-73","10":"product_tag-flat","11":"product_tag-ml","12":"product_tag-port","13":"product_tag-sea-sea","15":"first","16":"instock","17":"product-type-simple"},"acf":[],"_links":{"self":[{"href":"https:\/\/seaandsea.eu\/es\/wp-json\/wp\/v2\/product\/145","targetHints":{"allow":["GET"]}}],"collection":[{"href":"https:\/\/seaandsea.eu\/es\/wp-json\/wp\/v2\/product"}],"about":[{"href":"https:\/\/seaandsea.eu\/es\/wp-json\/wp\/v2\/types\/product"}],"replies":[{"embeddable":true,"href":"https:\/\/seaandsea.eu\/es\/wp-json\/wp\/v2\/comments?post=145"}],"wp:featuredmedia":[{"embeddable":true,"href":"https:\/\/seaandsea.eu\/es\/wp-json\/wp\/v2\/media\/146"}],"wp:attachment":[{"href":"https:\/\/seaandsea.eu\/es\/wp-json\/wp\/v2\/media?parent=145"}],"wp:term":[{"taxonomy":"product_cat","embeddable":true,"href":"https:\/\/seaandsea.eu\/es\/wp-json\/wp\/v2\/product_cat?post=145"},{"taxonomy":"product_tag","embeddable":true,"href":"https:\/\/seaandsea.eu\/es\/wp-json\/wp\/v2\/product_tag?post=145"}],"curies":[{"name":"wp","href":"https:\/\/api.w.org\/{rel}","templated":true}]}}