{"id":1450,"date":"2024-10-11T16:57:56","date_gmt":"2024-10-11T14:57:56","guid":{"rendered":"https:\/\/seaandsea.eu\/?post_type=product&#038;p=1450"},"modified":"2024-10-11T17:07:10","modified_gmt":"2024-10-11T15:07:10","slug":"photo-video-light-kit-lx-2400sw-flood-spot-zwart","status":"publish","type":"product","link":"https:\/\/seaandsea.eu\/es\/producto\/kit-de-iluminacion-foto-video-lx-2400sw-flood-spot-negro\/","title":{"rendered":"KIT LUZ FOTO V\u00cdDEO LX-2400SW Inundaci\u00f3n y Foco - negro"},"content":{"rendered":"","protected":false},"excerpt":{"rendered":"<p>Kit de iluminaci\u00f3n foto\/v\u00eddeo LX-2400SW Flood &amp; Spot - negro<br \/>\nC\u00f3digo 09132<\/p>\n<p>\u00a1As\u00ed de bonita y avanzada puede ser la iluminaci\u00f3n subacu\u00e1tica para foto\/v\u00eddeo! Hablamos de la nueva l\u00e1mpara LX de Sea &amp; Sea. Esta l\u00e1mpara de alta calidad de\u00a0<strong>Corredur\u00eda JAPANS<\/strong>\u00a0deber\u00eda tenerse en cuenta. Apuesto a que quedar\u00e1 impresionado por la calidad, el dise\u00f1o y la facilidad de uso. Casi nos atrever\u00edamos a decir que no existe un sistema mejor.<\/p>\n<p>S\u00f3lo una breve lista de caracter\u00edsticas: (m\u00e1s destacadas a continuaci\u00f3n).<\/p>\n<ol>\n<li><em>Funci\u00f3n de doble l\u00e1mpara: Spot y Flood conmutables en 1 l\u00e1mpara.\u00a0<\/em><\/li>\n<li><em>LED COB para una distribuci\u00f3n uniforme de la luz.<\/em><\/li>\n<li><em>Sombras uniformes en lugar de multi-sombras gracias al COB<\/em><\/li>\n<li><em>Potencia luminosa regulable en 100 o en 4 pasos, con memoria para ambas l\u00e1mparas.<\/em><\/li>\n<li><em>Sensor de detecci\u00f3n de flash, apaga brevemente la l\u00e1mpara si hay flash.<\/em><\/li>\n<li><em>Cabezales de l\u00e1mpara intercambiables para cambiar la potencia de salida.<\/em><\/li>\n<li><em>Bater\u00eda recargable intercambiable que puede cargarse en la l\u00e1mpara o por separado sin l\u00e1mpara. Pr\u00e1ctica en combinaci\u00f3n con una segunda bater\u00eda.\u00a0<\/em><\/li>\n<li><em>Pantalla de lectura clara con visualizaci\u00f3n completa de las funciones. Manejo sencillo.<\/em><\/li>\n<li><em>Incluye 5 opciones de montaje.\u00a0<\/em><\/li>\n<\/ol>\n<p>&nbsp;<\/p>\n<p><strong>#1 - Dos luces en una: \u00a1inundaci\u00f3n y puntual!<\/strong><\/p>\n<p>La l\u00e1mpara puede conmutarse entre iluminaci\u00f3n gran angular y puntual mediante botones de control. El \u00e1ngulo del haz es de 100\u00b0 para gran angular y de 30\u00b0 para puntual. Esto resulta muy pr\u00e1ctico, ya que permite cambiar f\u00e1cilmente de gran angular a puntual y de puntual a gran angular manteniendo pulsado el bot\u00f3n de encendido\/apagado\/ajuste de la luz. Es posible utilizar la luz puntual para mirar a tu alrededor mientras buceas, y luego cambiar a gran angular en cuanto quieras empezar a hacer fotos. La Spot tiene la ventaja de consumir mucha menos energ\u00eda que la Flood. As\u00ed tendr\u00e1s m\u00e1s tiempo bajo el agua para buscar el sujeto ideal antes de encender el gran angular.<\/p>\n<p><strong>#2 - Luz COB con la \"distribuci\u00f3n central de la luz\" ideal m\u00e1s bella posible.<\/strong><\/p>\n<p>La fuente luminosa es COB (LED), que goza de gran reputaci\u00f3n por su distribuci\u00f3n uniforme de la luz. El dise\u00f1o original adapta el COB a la forma de un donut. La fuente de luz ancha se coloca en el donut y los LED de luz puntual se colocan en el centro de la superficie emisora (el orificio del donut). Tanto si se trata de iluminaci\u00f3n amplia como puntual, el eje \u00f3ptico se encuentra en el centro de la superficie emisora y garantiza una iluminaci\u00f3n \u00f3ptima en todo momento.<\/p>\n<p><strong>Nuevo tipo de \"COB\".<\/strong><br \/>\nCOB\" es un tipo de LED. Es la abreviatura de \"Chip on board\" (chip en placa) y, como su nombre indica, se colocan varios chips de LED directamente en la placa. Al estar dispuestos de forma concentrada, se consigue una gran luminancia. Tambi\u00e9n se puede iluminar uniformemente una gran superficie, ya que la luz se emite a trav\u00e9s de una superficie. SEA&amp;SEA es la primera empresa japonesa en poner 'COB' en forma de donut. Incluso con mucha luz, es menos probable que se produzcan sombras en el centro, lo que da como resultado una luz uniforme.<\/p>\n<p><strong>#3 - Evita claramente las sombras m\u00faltiples gracias al LED COB.<\/strong><\/p>\n<p>La COB elimina las \"multi-sombras\" tanto en gran angular como en iluminaci\u00f3n puntual. Las sombras naturales resaltan el sujeto de forma clara y n\u00edtida, lo que la convierte en una luz ideal para la fotograf\u00eda y la iluminaci\u00f3n de v\u00eddeo.<\/p>\n<p><strong>Sombras m\u00faltiples<\/strong><br \/>\nSombras exclusivas de la iluminaci\u00f3n LED. Cuando un objeto se ilumina con iluminaci\u00f3n LED compuesta por numerosas secciones luminosas, se producen sombras m\u00faltiples no naturales, diferentes de las producidas por la luz solar. Las sombras m\u00faltiples pueden oscurecer el contorno de un objeto y reducir su visibilidad. La fuente luminosa \u00fanica COB no produce sombras m\u00faltiples.<\/p>\n<p><strong># 4 - Cuatro o 100 pasos\u00a0<\/strong><strong>regulaci\u00f3n de la luz, con memoria de desconexi\u00f3n para ambas fuentes luminosas.<\/strong><\/p>\n<p><strong>Regulaci\u00f3n de la luz en 4 pasos (en pasos de 25%)<\/strong><br \/>\nPara ajustar la luz en 4 pasos, pulsa el bot\u00f3n de encendido\/apagado\/ajuste de la luz cuando la luz est\u00e9 encendida. Circula entre 25%, 50%, 75% y 100% por pulsaci\u00f3n para ajustar la intensidad de la luz seg\u00fan la situaci\u00f3n. La intensidad de la luz es claramente visible con la pantalla %.<\/p>\n<p><strong>Ajuste de la luz en 100 pasos (en pasos de 1%)<\/strong><br \/>\nEl ajuste de la luz en 100 pasos de 0 a 100% se realiza mediante los botones de ajuste de la intensidad de la luz situados en los lados izquierdo y derecho. El ajuste sutil es posible en incrementos de 1%. La indicaci\u00f3n digital de ajuste fino de % es claramente legible en la pantalla.<\/p>\n<p><strong>Funci\u00f3n de memoria<\/strong><br \/>\nLas LX-Lights est\u00e1n equipadas con una \"funci\u00f3n de memoria\" que hace que la l\u00e1mpara conserve la configuraci\u00f3n en la que se apag\u00f3. En cuanto se vuelva a encender la l\u00e1mpara, se encontrar\u00e1 en el mismo ajuste. que se enciende de nuevo con la misma intensidad de luz que cuando se apag\u00f3 la l\u00e1mpara. Es especialmente \u00fatil cuando se graba v\u00eddeo porque se enciende con la misma intensidad de luz que cuando se apag\u00f3 la l\u00e1mpara.<\/p>\n<p><strong>#5 - Sensor de detecci\u00f3n de flash incorporado (activable y desactivable) para su uso con un flash externo.\u00a0<\/strong><\/p>\n<p>Las luces Sea &amp; Sea LX est\u00e1n equipadas con un \"sensor de detecci\u00f3n de flash\" que detecta la luz del flash externo y, en ese momento, apaga autom\u00e1ticamente la luz brevemente y la vuelve a encender un segundo despu\u00e9s. Como la luz se apaga en respuesta a la emisi\u00f3n de la luz del flash, la luz de v\u00eddeo no afecta a la toma cuando se utiliza la luz puntual como luz de enfoque, por ejemplo. La luz amplia se puede utilizar para buscar sujetos o ver el entorno y realizar tomas sin preocuparse por una exposici\u00f3n desigual o por la p\u00e9rdida de color.<\/p>\n<p><strong>#6 - \u00a1Cambio de potencia sustituyendo el foco!<\/strong><\/p>\n<p>Todas las series de luces LX tienen la misma carcasa. Los focos son compatibles. El foco LX2400SW FS puede utilizarse como carcasa de 2400 lm y el foco LX-4000SW FS puede utilizarse como carcasa de 4000 lm cuando se ajusta al LX-1200SW FS.<\/p>\n<p><em>*Es necesario ajustar la configuraci\u00f3n despu\u00e9s de sustituir el foco.<\/em><em><br \/>\nConsulte el manual del usuario para obtener m\u00e1s informaci\u00f3n.<\/em><\/p>\n<p><strong>#7 - Dos opciones de carga de la bater\u00eda.\u00a0<\/strong><\/p>\n<p>El cuerpo compacto aloja la bater\u00eda de iones de litio de gran capacidad de 3400 mAh. Se puede cargar de 2 formas.<\/p>\n<p><strong>1.Carga a trav\u00e9s de la luz exterior<\/strong><\/p>\n<p>La bater\u00eda puede cargarse directamente conectando el enchufe de carga especial suministrado en la parte posterior al conector del mando a distancia (polo magn\u00e9tico) situado en la parte posterior de la carcasa, mientras la bater\u00eda permanece conectada a la carcasa. Como no es necesario extraer la bater\u00eda de la carcasa, no hay riesgo de fugas por un cierre incorrecto de la l\u00e1mpara.<\/p>\n<p><strong>2. Carga mediante bater\u00eda, sin l\u00e1mpara<\/strong><\/p>\n<p>La bater\u00eda puede extraerse de la carcasa y cargarse directamente con el cargador. Esto permite trabajar con 2 o m\u00e1s bater\u00edas. Cuando la l\u00e1mpara est\u00e1 en uso, la bater\u00eda de repuesto se puede cargar al mismo tiempo.<br \/>\n*Tambi\u00e9n es bueno saber que la bater\u00eda se puede extraer cuando se lleva como equipaje de mano en el avi\u00f3n.<\/p>\n<p><strong>#8 - Pantalla de f\u00e1cil lectura y c\u00f3modo manejo.<\/strong><\/p>\n<p>En una pantalla LCD en color de gran visibilidad se muestran diversas funciones. La \"intensidad de la luz\" y el \"tiempo de iluminaci\u00f3n restante\", las m\u00e1s importantes bajo el agua, se muestran en gran medida en la misma pantalla de f\u00e1cil lectura. La intensidad de la luz se puede ajustar con los botones de control mientras se ve la pantalla del panel. Cuando queda poca bater\u00eda, reduce autom\u00e1ticamente la intensidad de la luz a 20% y el indicador de bater\u00eda parpadea. La pantalla muestra '10min' y comienza la cuenta atr\u00e1s.<\/p>\n<p><strong>Funciones y vistas adicionales\u00a0<\/strong><\/p>\n<p>La l\u00e1mpara est\u00e1 preparada con funciones para prevenir posibles problemas y proporcionar asistencia en situaciones de emergencia poco probables.<\/p>\n<p>Modo de seguridad: Cuando la bater\u00eda est\u00e1 baja, la intensidad de la luz se reduce autom\u00e1ticamente a 20% y el indicador de bater\u00eda parpadea. La pantalla muestra '10min' y comienza la cuenta atr\u00e1s.<\/p>\n<p>Modo de protecci\u00f3n contra altas temperaturas: Si el foco alcanza una temperatura de 55 \u00b0C (131 \u00b0F) o superior durante el funcionamiento, pasa autom\u00e1ticamente al modo de protecci\u00f3n y reduce la intensidad luminosa a 20% del m\u00e1ximo.<\/p>\n<p>Modo de se\u00f1al intermitente: parpadea r\u00e1pidamente manteniendo pulsados simult\u00e1neamente el bot\u00f3n de ajuste de la intensidad de la luz (+) y el bot\u00f3n de encendido\/apagado\/ajuste de la luz durante unos 2 segundos. \u00datil como se\u00f1al para tu compa\u00f1ero o se\u00f1ales durante inmersiones nocturnas.<\/p>\n<p>Modo SOS: parpadea como se\u00f1al de emergencia para el rescate en modo SOS manteniendo pulsado el bot\u00f3n de ajuste de la intensidad de la luz (-) y el bot\u00f3n de encendido\/apagado\/ajuste de la luz simult\u00e1neamente durante unos 2 segundos.<\/p>\n<p><strong>#9 - Amplia gama de adaptadores de montaje<\/strong><\/p>\n<p>El paquete incluye varios adaptadores. Como la empu\u00f1adura Gun para utilizar la l\u00e1mpara como una l\u00e1mpara de mano. Y tambi\u00e9n 4 soportes, YS-mount, Ball mount, GoPro mount, y un Loc-line mount que se puede utilizar para montar la l\u00e1mpara de la manera deseada en el brazo o la carcasa.<\/p>\n<p>Cada accesorio debe fijarse firmemente con tornillos de fijaci\u00f3n de la base una vez insertado en el soporte de la base de la l\u00e1mpara.<\/p>","protected":false},"featured_media":1451,"comment_status":"open","ping_status":"closed","template":"","meta":{"_acf_changed":false},"product_cat":[274],"product_tag":[246,146,213,280,275,168,38,39],"class_list":{"0":"post-1450","1":"product","2":"type-product","3":"status-publish","4":"has-post-thumbnail","6":"product_cat-lampen","7":"product_tag-duiken","8":"product_tag-fotografie","9":"product_tag-light","10":"product_tag-light-kit","11":"product_tag-lx-lights","12":"product_tag-onderwater","13":"product_tag-sea-sea","14":"product_tag-seasea","16":"first","17":"instock","18":"shipping-taxable","19":"product-type-simple"},"acf":[],"_links":{"self":[{"href":"https:\/\/seaandsea.eu\/es\/wp-json\/wp\/v2\/product\/1450","targetHints":{"allow":["GET"]}}],"collection":[{"href":"https:\/\/seaandsea.eu\/es\/wp-json\/wp\/v2\/product"}],"about":[{"href":"https:\/\/seaandsea.eu\/es\/wp-json\/wp\/v2\/types\/product"}],"replies":[{"embeddable":true,"href":"https:\/\/seaandsea.eu\/es\/wp-json\/wp\/v2\/comments?post=1450"}],"wp:featuredmedia":[{"embeddable":true,"href":"https:\/\/seaandsea.eu\/es\/wp-json\/wp\/v2\/media\/1451"}],"wp:attachment":[{"href":"https:\/\/seaandsea.eu\/es\/wp-json\/wp\/v2\/media?parent=1450"}],"wp:term":[{"taxonomy":"product_cat","embeddable":true,"href":"https:\/\/seaandsea.eu\/es\/wp-json\/wp\/v2\/product_cat?post=1450"},{"taxonomy":"product_tag","embeddable":true,"href":"https:\/\/seaandsea.eu\/es\/wp-json\/wp\/v2\/product_tag?post=1450"}],"curies":[{"name":"wp","href":"https:\/\/api.w.org\/{rel}","templated":true}]}}