{"id":1530,"date":"2026-01-15T16:45:07","date_gmt":"2026-01-15T15:45:07","guid":{"rendered":"https:\/\/seaandsea.eu\/?post_type=product&#038;p=1530"},"modified":"2026-01-15T16:45:07","modified_gmt":"2026-01-15T15:45:07","slug":"ys-d130r","status":"publish","type":"product","link":"https:\/\/seaandsea.eu\/es\/producto\/ys-d130r\/","title":{"rendered":"YS-D130R"},"content":{"rendered":"<p data-start=\"119\" data-end=\"181\">El nuevo flash de Sea &amp; Sea es el <strong data-start=\"168\" data-end=\"180\">YS-D130R<\/strong>.<\/p>\n<p data-start=\"183\" data-end=\"430\">Un potente flash con una potencia luminosa de <strong data-start=\"232\" data-end=\"256\">130 vatios por segundo<\/strong>. Equipado con un <strong data-start=\"276\" data-end=\"291\">flash de anillo<\/strong> para una iluminaci\u00f3n \u00f3ptima y uniforme del sujeto. Funciona en un <strong data-start=\"369\" data-end=\"390\">Bater\u00eda (versi\u00f3n Pro)<\/strong> o <strong data-start=\"394\" data-end=\"429\">Pilas AA (versi\u00f3n est\u00e1ndar)<\/strong>.<\/p>\n<p data-start=\"432\" data-end=\"446\"><strong data-start=\"432\" data-end=\"446\">Caracter\u00edsticas:<\/strong><\/p>\n<ul data-start=\"447\" data-end=\"1456\">\n<li data-start=\"447\" data-end=\"493\">\n<p data-start=\"449\" data-end=\"493\">Flash redondo para una iluminaci\u00f3n uniforme<\/p>\n<\/li>\n<li data-start=\"494\" data-end=\"548\">\n<p data-start=\"496\" data-end=\"548\">Unidad de flash anular YS-D130R \/ tubo de flash est\u00e1ndar (recto)<\/p>\n<\/li>\n<li data-start=\"549\" data-end=\"628\">\n<p data-start=\"551\" data-end=\"628\">Modo RC certificado oficialmente por <strong data-start=\"590\" data-end=\"626\">OM Digital Solutions Corporation<\/strong><\/p>\n<\/li>\n<li data-start=\"629\" data-end=\"695\">\n<p data-start=\"631\" data-end=\"695\">Pantalla LCD para mejorar significativamente la experiencia del usuario<\/p>\n<\/li>\n<li data-start=\"696\" data-end=\"815\">\n<p data-start=\"698\" data-end=\"815\">Bater\u00eda especial de iones de litio y sistema de doble alimentaci\u00f3n<br data-start=\"744\" data-end=\"747\" \/>(<em data-start=\"750\" data-end=\"812\">La bater\u00eda de iones de litio se incluye de serie en el paquete PRO<\/em>)<\/p>\n<\/li>\n<li data-start=\"816\" data-end=\"858\">\n<p data-start=\"818\" data-end=\"858\">Novedad: <strong data-start=\"825\" data-end=\"856\">Modo HSS (Sincronizaci\u00f3n de alta velocidad)<\/strong><\/p>\n<\/li>\n<li data-start=\"859\" data-end=\"1081\">\n<p data-start=\"861\" data-end=\"1081\">HSS permite disparar el flash con velocidades de obturaci\u00f3n m\u00e1s r\u00e1pidas que la velocidad de sincronizaci\u00f3n normal de la c\u00e1mara<br data-start=\"958\" data-end=\"961\" \/>(<em data-start=\"964\" data-end=\"1078\">Es necesario instalar un convertidor HSS-TTL en la carcasa para activar el modo HSS en la YS-D130R<\/em>)<\/p>\n<\/li>\n<li data-start=\"1082\" data-end=\"1118\">\n<p data-start=\"1084\" data-end=\"1118\">Nuevo dise\u00f1o de la tapa de la bater\u00eda<\/p>\n<\/li>\n<li data-start=\"1119\" data-end=\"1299\">\n<p data-start=\"1121\" data-end=\"1226\"><strong data-start=\"1121\" data-end=\"1137\">4 modos de grabaci\u00f3n<\/strong>YS-D130R ofrece cuatro modos de disparo que se adaptan a la c\u00e1mara y a la situaci\u00f3n de disparo:<\/p>\n<ul data-start=\"1229\" data-end=\"1299\">\n<li data-start=\"1229\" data-end=\"1241\">\n<p data-start=\"1231\" data-end=\"1241\">Modo RC<\/p>\n<\/li>\n<li data-start=\"1244\" data-end=\"1264\">\n<p data-start=\"1246\" data-end=\"1264\">Modo manual<\/p>\n<\/li>\n<li data-start=\"1267\" data-end=\"1283\">\n<p data-start=\"1269\" data-end=\"1283\">Modo DS-TTL<\/p>\n<\/li>\n<li data-start=\"1286\" data-end=\"1299\">\n<p data-start=\"1288\" data-end=\"1299\">Modo HSS<\/p>\n<\/li>\n<\/ul>\n<\/li>\n<li data-start=\"1300\" data-end=\"1330\">\n<p data-start=\"1302\" data-end=\"1330\">Funci\u00f3n de flash de repetici\u00f3n r\u00e1pida<\/p>\n<\/li>\n<li data-start=\"1331\" data-end=\"1363\">\n<p data-start=\"1333\" data-end=\"1363\">Iluminaci\u00f3n de ajuste mejorada<\/p>\n<\/li>\n<li data-start=\"1364\" data-end=\"1405\">\n<p data-start=\"1366\" data-end=\"1405\">Funciones personalizables por el usuario<\/p>\n<\/li>\n<li data-start=\"1406\" data-end=\"1426\">\n<p data-start=\"1408\" data-end=\"1426\">Corto tiempo de carga<\/p>\n<\/li>\n<li data-start=\"1427\" data-end=\"1456\">\n<p data-start=\"1429\" data-end=\"1456\">Luz natural y suave<\/p>\n<\/li>\n<\/ul>","protected":false},"excerpt":{"rendered":"<p>El nuevo flash de Sea &amp; Sea es el YS-D130R. Un potente flash con una potencia lum\u00ednica de 130 vatios por segundo. Equipado [...]<\/p>","protected":false},"featured_media":1532,"comment_status":"open","ping_status":"closed","template":"","meta":{"_acf_changed":false},"product_cat":[142],"product_tag":[],"class_list":{"0":"post-1530","1":"product","2":"type-product","3":"status-publish","4":"has-post-thumbnail","6":"product_cat-flitsers","8":"first","9":"instock","10":"shipping-taxable","11":"product-type-simple"},"acf":[],"_links":{"self":[{"href":"https:\/\/seaandsea.eu\/es\/wp-json\/wp\/v2\/product\/1530","targetHints":{"allow":["GET"]}}],"collection":[{"href":"https:\/\/seaandsea.eu\/es\/wp-json\/wp\/v2\/product"}],"about":[{"href":"https:\/\/seaandsea.eu\/es\/wp-json\/wp\/v2\/types\/product"}],"replies":[{"embeddable":true,"href":"https:\/\/seaandsea.eu\/es\/wp-json\/wp\/v2\/comments?post=1530"}],"wp:featuredmedia":[{"embeddable":true,"href":"https:\/\/seaandsea.eu\/es\/wp-json\/wp\/v2\/media\/1532"}],"wp:attachment":[{"href":"https:\/\/seaandsea.eu\/es\/wp-json\/wp\/v2\/media?parent=1530"}],"wp:term":[{"taxonomy":"product_cat","embeddable":true,"href":"https:\/\/seaandsea.eu\/es\/wp-json\/wp\/v2\/product_cat?post=1530"},{"taxonomy":"product_tag","embeddable":true,"href":"https:\/\/seaandsea.eu\/es\/wp-json\/wp\/v2\/product_tag?post=1530"}],"curies":[{"name":"wp","href":"https:\/\/api.w.org\/{rel}","templated":true}]}}