{"id":177,"date":"2024-02-16T08:13:43","date_gmt":"2024-02-16T07:13:43","guid":{"rendered":"https:\/\/eager-benz.45-82-188-209.plesk.page\/product\/dx-compact-macro-port-m-67-56221\/"},"modified":"2024-04-18T13:18:14","modified_gmt":"2024-04-18T11:18:14","slug":"dx-compact-macro-port-m-67","status":"publish","type":"product","link":"https:\/\/seaandsea.eu\/es\/producto\/dx-compacto-macropuerto-m-67\/","title":{"rendered":"Puerto macro compacto DX M (67)"},"content":{"rendered":"","protected":false},"excerpt":{"rendered":"<p>Puerto macro compacto M (67)<br \/>\nN.\u00ba de producto 56221<\/p>\n<p><span><strong>Especificaciones<\/strong><br \/>\nDimensiones (DIAxD): 102,5 x 83 mm \/ 4,1 x 3,3 pulgadas<br \/>\nPeso: Aprox. 278 g \/ 9.7 oz<br \/>\nProfundidad: 100 m<br \/>\nConstrucci\u00f3n: aleaci\u00f3n de aluminio resistente a la corrosi\u00f3n (revestimiento de alumita) + vidrio templado<br \/>\nDistancia: entre el soporte y la superficie interior del cristal: 53,5 mm \/ 2,1 pulgadas<\/span><\/p>","protected":false},"featured_media":178,"comment_status":"closed","ping_status":"closed","template":"","meta":{"_acf_changed":false},"product_cat":[91,28],"product_tag":[100,66,101,53,67,37,38],"class_list":{"0":"post-177","1":"product","2":"type-product","3":"status-publish","4":"has-post-thumbnail","6":"product_cat-macro-ports","7":"product_cat-porten","8":"product_tag-100","9":"product_tag-compact","10":"product_tag-m","11":"product_tag-macro","12":"product_tag-nx","13":"product_tag-port","14":"product_tag-sea-sea","16":"first","17":"instock","18":"product-type-simple"},"acf":[],"_links":{"self":[{"href":"https:\/\/seaandsea.eu\/es\/wp-json\/wp\/v2\/product\/177","targetHints":{"allow":["GET"]}}],"collection":[{"href":"https:\/\/seaandsea.eu\/es\/wp-json\/wp\/v2\/product"}],"about":[{"href":"https:\/\/seaandsea.eu\/es\/wp-json\/wp\/v2\/types\/product"}],"replies":[{"embeddable":true,"href":"https:\/\/seaandsea.eu\/es\/wp-json\/wp\/v2\/comments?post=177"}],"wp:featuredmedia":[{"embeddable":true,"href":"https:\/\/seaandsea.eu\/es\/wp-json\/wp\/v2\/media\/178"}],"wp:attachment":[{"href":"https:\/\/seaandsea.eu\/es\/wp-json\/wp\/v2\/media?parent=177"}],"wp:term":[{"taxonomy":"product_cat","embeddable":true,"href":"https:\/\/seaandsea.eu\/es\/wp-json\/wp\/v2\/product_cat?post=177"},{"taxonomy":"product_tag","embeddable":true,"href":"https:\/\/seaandsea.eu\/es\/wp-json\/wp\/v2\/product_tag?post=177"}],"curies":[{"name":"wp","href":"https:\/\/api.w.org\/{rel}","templated":true}]}}