{"id":225,"date":"2024-02-16T08:13:48","date_gmt":"2024-02-16T07:13:48","guid":{"rendered":"https:\/\/eager-benz.45-82-188-209.plesk.page\/product\/ys-01-flitser-03112\/"},"modified":"2024-04-18T11:46:25","modified_gmt":"2024-04-18T09:46:25","slug":"ys-01-flitser","status":"publish","type":"product","link":"https:\/\/seaandsea.eu\/es\/producto\/flash-ys-01\/","title":{"rendered":"Flash YS-01"},"content":{"rendered":"","protected":false},"excerpt":{"rendered":"<p>YS-01<br \/>\nC\u00f3digo 03112<\/p>\n<p>&lt; niet meer leverbaar, vervangen door Nr. 03124 YS-01 Solis &gt;<\/p>\n<p>Flash compacto asequible DS-TTL y manual con luz de objetivo.<\/p>\n<p>Caracter\u00edsticas:<br \/>\nM\u00faltiples funciones reunidas en un dise\u00f1o compacto<br \/>\n\u00c1ngulo de haz circular de 100\u00b0 x100\u00b0 y n\u00famero gu\u00eda de hasta 20. El YS-01 es un nuevo flash esclavo compacto que puede utilizarse para todas las aplicaciones, desde gran angular hasta macrofotograf\u00eda.<br \/>\nPuede alternar entre DS-TTL (Digital Slave TTL) y un modo de control manual de diez niveles, lo que permite ajustar con precisi\u00f3n el nivel de luz a las intenciones del fot\u00f3grafo. Tambi\u00e9n puede configurar un sistema de iluminaci\u00f3n que utilice dos unidades de flash en modo DS-TTL. La alimentaci\u00f3n proviene de cuatro pilas AA para un flash potente y duradero. Puedes hacer fotos durante todo el d\u00eda sin tener que recargar las pilas. El tiempo de reciclado es de unos dos segundos con bater\u00edas de n\u00edquel e hidruro met\u00e1lico (2700 mAh) para un disparo continuo sin estr\u00e9s. La YS-01 est\u00e1 equipada con una luz de objetivo LED blanca muy brillante (1W) que indica el eje \u00f3ptico del flash acoplado en la parte frontal, eficaz para el buceo nocturno.<br \/>\nPodr\u00e1 ejercer plenamente su creatividad con el YS-01, que puede utilizarse como flash principal o secundario en una amplia gama de aplicaciones, desde c\u00e1maras digitales compactas hasta c\u00e1maras r\u00e9flex digitales.<\/p>\n<p>Especificaciones:<br \/>\n[N\u00famero gu\u00eda (ISO 100 \/ m) (pa\u00eds)] 20<br \/>\n[\u00c1ngulo del haz] 100 \u00b0 x 100 \u00b0 (con difusor 110 \u00b0 x 110 \u00b0)<br \/>\n[Pilas] 4xAA A: 6V Ni-MH: 4,8V<br \/>\n[N\u00famero de flashes] A: 230 Ni-MH: 330<br \/>\n[Tiempo de reciclaje (lleno)] A: 2,5 seg. Ni-MH: 1,9 seg.<br \/>\n[Temperatura de color] 5600K<br \/>\n[Temperatura de color con difusor] 5250K<br \/>\n[Profundidad] 75m \/ 250ft<br \/>\n[Dimensiones (AnxAlxPr)] 68x108x129mm \/ 2.7\u00d74.3\u00d75.2inch<br \/>\n[Peso] 450 g \/ 15,8 oz (sin pilas) * Sujeta un perno de montaje al Estroboscopio.<br \/>\n[Peso bajo el agua]: aprox. +10 g \/ -0,4 oz (con pilas)<br \/>\n[Otros]<br \/>\n- Control de exposici\u00f3n: DS-TTL, dial de control del nivel de luz (GN): 1 \/ 1,4 \/ 2 \/ 2,8 \/ 4 \/ 5,6 \/ 8\/11\/16\/20 (10 pasos)<br \/>\n- Control de pre-flash: Equipado con modo de cancelaci\u00f3n de pre-flash<br \/>\n- Funci\u00f3n DS-TTL<br \/>\n- Funci\u00f3n esclava<br \/>\n- Funci\u00f3n de desconexi\u00f3n autom\u00e1tica<br \/>\n- Cable de sincronizaci\u00f3n: cable de fibra de vidrio<br \/>\n- V\u00e1lvula de seguridad de sobrepresi\u00f3n<br \/>\n- Luz de punter\u00eda LED<\/p>\n<p>&nbsp;<\/p>","protected":false},"featured_media":226,"comment_status":"closed","ping_status":"closed","template":"","meta":{"_acf_changed":false},"product_cat":[142],"product_tag":[38],"class_list":{"0":"post-225","1":"product","2":"type-product","3":"status-publish","4":"has-post-thumbnail","6":"product_cat-flitsers","7":"product_tag-sea-sea","9":"first","10":"outofstock","11":"product-type-simple"},"acf":[],"_links":{"self":[{"href":"https:\/\/seaandsea.eu\/es\/wp-json\/wp\/v2\/product\/225","targetHints":{"allow":["GET"]}}],"collection":[{"href":"https:\/\/seaandsea.eu\/es\/wp-json\/wp\/v2\/product"}],"about":[{"href":"https:\/\/seaandsea.eu\/es\/wp-json\/wp\/v2\/types\/product"}],"replies":[{"embeddable":true,"href":"https:\/\/seaandsea.eu\/es\/wp-json\/wp\/v2\/comments?post=225"}],"wp:featuredmedia":[{"embeddable":true,"href":"https:\/\/seaandsea.eu\/es\/wp-json\/wp\/v2\/media\/226"}],"wp:attachment":[{"href":"https:\/\/seaandsea.eu\/es\/wp-json\/wp\/v2\/media?parent=225"}],"wp:term":[{"taxonomy":"product_cat","embeddable":true,"href":"https:\/\/seaandsea.eu\/es\/wp-json\/wp\/v2\/product_cat?post=225"},{"taxonomy":"product_tag","embeddable":true,"href":"https:\/\/seaandsea.eu\/es\/wp-json\/wp\/v2\/product_tag?post=225"}],"curies":[{"name":"wp","href":"https:\/\/api.w.org\/{rel}","templated":true}]}}