{"id":251,"date":"2024-02-16T08:13:56","date_gmt":"2024-02-16T07:13:56","guid":{"rendered":"https:\/\/eager-benz.45-82-188-209.plesk.page\/product\/mdx-d850-behuizing-voor-nikon-d850-06187\/"},"modified":"2024-04-18T12:19:15","modified_gmt":"2024-04-18T10:19:15","slug":"mdx-d850-behuizing-voor-nikon-d850","status":"publish","type":"product","link":"https:\/\/seaandsea.eu\/es\/producto\/funda-mdx-d850-para-nikon-d850\/","title":{"rendered":"Funda MDX-D850 para Nikon D850"},"content":{"rendered":"","protected":false},"excerpt":{"rendered":"<p><span class=\"tlid-translation translation\" lang=\"nl\">MDX-D850 (negro) (s\u00f3lo carcasa)<br \/>\nC\u00f3digo 06187<\/p>\n<p>Carcasa subacu\u00e1tica para Nikon D850<\/p>\n<p><strong>Mucho m\u00e1s ligeras que las carcasas anteriores<\/strong>.<br \/>\nGracias a un mecanizado de precisi\u00f3n sin precedentes, las dimensiones de la carcasa son similares a las de la c\u00e1mara. Adem\u00e1s, el dise\u00f1o interno revisado tambi\u00e9n ha contribuido a reducir el peso. La MDX-D850 es unos 11% (350 g \/ 12,3 oz) m\u00e1s ligera que la anterior carcasa MDX-D810.<\/p>\n<p>Se pueden accionar varios controles mientras se sujetan las empu\u00f1aduras.<br \/>\nLos diales de ajuste principal y secundario m\u00e1s utilizados se encuentran ahora directamente en el lado derecho de la carcasa. ISO, REC y otras funciones de la c\u00e1mara se pueden controlar con palancas externas mientras se sujetan las empu\u00f1aduras. La funci\u00f3n de bloqueo de AF permite fijar el punto de enfoque como se desee.<\/p>\n<p>Convertidor \u00f3ptico YS \/ N1 integrable en la carcasa<\/p>\n<p>Compatible con el convertidor \u00f3ptico YS \/ N1 para carcasa MDX, que convierte la se\u00f1al TTL de la zapata de la c\u00e1mara en una se\u00f1al luminosa. Ambos ajustes de flash TTL y manual se pueden utilizar y controlar desde la carcasa mediante un cable de fibra \u00f3ptica II.<br \/>\n* Se requiere cable de fibra \u00f3ptica II cuando se utiliza el convertidor \u00f3ptico YS.<br \/>\n* Los n\u00fameros de serie 124000274 y superiores son compatibles con la Nikon D850. Los n\u00fameros de serie inferiores a 124000274 no son compatibles. Se requiere un nuevo firmware y\/o la conversi\u00f3n del conversor.<\/p>\n<p>Todos los diales tienen un muelle (amortiguador) para evitar que los mandos patinen, aunque los tama\u00f1os de las c\u00e1maras difieran ligeramente o aunque los engranajes u otras piezas se desgasten ligeramente.<\/p>\n<p><strong>MDX-D850 Otras funciones<\/strong><br \/>\n-El bloqueo del port\u00f3n impide que \u00e9ste gire o se afloje, y la palanca de bloqueo del port\u00f3n est\u00e1 especialmente colocada para evitar el desbloqueo accidental.<br \/>\n-La carcasa incorpora un bot\u00f3n de bloqueo del objetivo que facilita el cambio de objetivos sin necesidad de abrir la carcasa.<br \/>\n-El control di\u00f3ptrico de la c\u00e1mara puede manejarse desde el exterior de la carcasa. Esta funci\u00f3n es \u00fatil cuando dos o m\u00e1s personas con distinta visi\u00f3n utilizan la carcasa.<br \/>\n-La ampliaci\u00f3n del dial de enfoque\/zoom proporciona suficiente espacio en la carcasa para alojar f\u00e1cilmente objetivos de mayor di\u00e1metro.<br \/>\n-Todos los mandos tienen pegatinas Glow in the dark que se iluminan en entornos oscuros.<br \/>\n-Equipada con el visor \u00f3ptico est\u00e1ndar 0,5x. Pueden utilizarse otros visores opcionales como el VF180 1,2x, el VF45 1,2x y el visor \u00f3ptico 0,8x.<br \/>\n* Cuando el VF180 1.2x est\u00e1 montado en la carcasa de la MDX-D850, la parte inferior del visor de la c\u00e1mara (donde se muestran los datos de disparo) no puede verse debido a los restos de luz.<br \/>\n-El conector de 2 clavijas del cable de sincronizaci\u00f3n permite utilizar un cable de sincronizaci\u00f3n convencional (s\u00f3lo en modo manual).<br \/>\n-El puerto para accesorios permite el uso de Leak Sentinel (sensor de vac\u00edo).<br \/>\n-Equipado con dos diodos de zinc (uno delante y otro detr\u00e1s) para evitar los da\u00f1os causados por la electr\u00f3lisis.<br \/>\n-El sensor de fugas integrado le avisa inmediatamente de la entrada de agua.<br \/>\n-El soporte atornillado est\u00e1 situado en la parte inferior central de la carcasa.<\/p>\n<p><strong>Especificaciones<\/strong><br \/>\nMDX-D850<br \/>\n[Construcci\u00f3n] Cuerpo: aleaci\u00f3n de aluminio resistente a la corrosi\u00f3n (mecanizado)<br \/>\nEmpu\u00f1adura: aleaci\u00f3n de aluminio fundido resistente a la corrosi\u00f3n<br \/>\n[Profundidad] 100m \/ 330ft<br \/>\n[Dimensiones (AnxAlxPr)] 346 x 202 x 140 mm \/ 13,6 x 8,0 x 5,5 pulgadas<br \/>\n[Peso] Aprox. 2.850 g \/ 101 oz (s\u00f3lo carcasa)<\/span><\/p>","protected":false},"featured_media":252,"comment_status":"closed","ping_status":"closed","template":"","meta":{"_acf_changed":false},"product_cat":[150],"product_tag":[151,152,153,155,54,38,147,148],"class_list":{"0":"post-251","1":"product","2":"type-product","3":"status-publish","4":"has-post-thumbnail","6":"product_cat-behuizingen","7":"product_tag-behuizing","8":"product_tag-camera","9":"product_tag-camerabehuizing","10":"product_tag-d850","11":"product_tag-nikon","12":"product_tag-sea-sea","13":"product_tag-sea-and-sea","14":"product_tag-sea-en-sea","16":"first","17":"instock","18":"product-type-simple"},"acf":[],"_links":{"self":[{"href":"https:\/\/seaandsea.eu\/es\/wp-json\/wp\/v2\/product\/251","targetHints":{"allow":["GET"]}}],"collection":[{"href":"https:\/\/seaandsea.eu\/es\/wp-json\/wp\/v2\/product"}],"about":[{"href":"https:\/\/seaandsea.eu\/es\/wp-json\/wp\/v2\/types\/product"}],"replies":[{"embeddable":true,"href":"https:\/\/seaandsea.eu\/es\/wp-json\/wp\/v2\/comments?post=251"}],"wp:featuredmedia":[{"embeddable":true,"href":"https:\/\/seaandsea.eu\/es\/wp-json\/wp\/v2\/media\/252"}],"wp:attachment":[{"href":"https:\/\/seaandsea.eu\/es\/wp-json\/wp\/v2\/media?parent=251"}],"wp:term":[{"taxonomy":"product_cat","embeddable":true,"href":"https:\/\/seaandsea.eu\/es\/wp-json\/wp\/v2\/product_cat?post=251"},{"taxonomy":"product_tag","embeddable":true,"href":"https:\/\/seaandsea.eu\/es\/wp-json\/wp\/v2\/product_tag?post=251"}],"curies":[{"name":"wp","href":"https:\/\/api.w.org\/{rel}","templated":true}]}}