{"id":271,"date":"2024-02-16T08:13:56","date_gmt":"2024-02-16T07:13:56","guid":{"rendered":"https:\/\/eager-benz.45-82-188-209.plesk.page\/product\/sa8-ball-clamp-ii-22139\/"},"modified":"2024-04-19T15:05:20","modified_gmt":"2024-04-19T13:05:20","slug":"sa8-ball-clamp-ii-22139","status":"publish","type":"product","link":"https:\/\/seaandsea.eu\/es\/producto\/sa8-ball-clamp-ii-22139\/","title":{"rendered":"Abrazadera de bola SA8 II"},"content":{"rendered":"","protected":false},"excerpt":{"rendered":"<p>Abrazadera de bola SA8 II<br \/>\nart\u00edculo: 22138<\/p>\n<p>El sistema de brazo Sea Arm 8 de Sea &amp; Sea tiene muchas posibilidades. Es modular, por lo que puede adaptarse a cualquier sistema de c\u00e1maras.<br \/>\nSA8 est\u00e1 fabricado con materiales de la m\u00e1s alta calidad y, por tanto, es robusto y duradero.<\/p>\n<p>F\u00edjese tambi\u00e9n en los dem\u00e1s elementos para montar y utilizar de forma \u00f3ptima su exposici\u00f3n en el set de su c\u00e1mara.<\/p>","protected":false},"featured_media":272,"comment_status":"closed","ping_status":"closed","template":"","meta":{"_acf_changed":false},"product_cat":[171,172],"product_tag":[173,174,38,175],"class_list":{"0":"post-271","1":"product","2":"type-product","3":"status-publish","4":"has-post-thumbnail","6":"product_cat-arm-systemen","7":"product_cat-sea-arm","8":"product_tag-ball-clamb","9":"product_tag-sa8","10":"product_tag-sea-sea","11":"product_tag-sea-arm-8","13":"first","14":"instock","15":"product-type-simple"},"acf":[],"_links":{"self":[{"href":"https:\/\/seaandsea.eu\/es\/wp-json\/wp\/v2\/product\/271","targetHints":{"allow":["GET"]}}],"collection":[{"href":"https:\/\/seaandsea.eu\/es\/wp-json\/wp\/v2\/product"}],"about":[{"href":"https:\/\/seaandsea.eu\/es\/wp-json\/wp\/v2\/types\/product"}],"replies":[{"embeddable":true,"href":"https:\/\/seaandsea.eu\/es\/wp-json\/wp\/v2\/comments?post=271"}],"wp:featuredmedia":[{"embeddable":true,"href":"https:\/\/seaandsea.eu\/es\/wp-json\/wp\/v2\/media\/272"}],"wp:attachment":[{"href":"https:\/\/seaandsea.eu\/es\/wp-json\/wp\/v2\/media?parent=271"}],"wp:term":[{"taxonomy":"product_cat","embeddable":true,"href":"https:\/\/seaandsea.eu\/es\/wp-json\/wp\/v2\/product_cat?post=271"},{"taxonomy":"product_tag","embeddable":true,"href":"https:\/\/seaandsea.eu\/es\/wp-json\/wp\/v2\/product_tag?post=271"}],"curies":[{"name":"wp","href":"https:\/\/api.w.org\/{rel}","templated":true}]}}