{"id":297,"date":"2024-02-16T08:14:02","date_gmt":"2024-02-16T07:14:02","guid":{"rendered":"https:\/\/eager-benz.45-82-188-209.plesk.page\/product\/sa8-camera-tray-adapter-22123\/"},"modified":"2024-04-18T12:17:31","modified_gmt":"2024-04-18T10:17:31","slug":"sa8-camera-tray-adapter","status":"publish","type":"product","link":"https:\/\/seaandsea.eu\/es\/producto\/adaptador-de-bandeja-de-camara-sa8\/","title":{"rendered":"SA8 Adaptador de bandeja de c\u00e1mara"},"content":{"rendered":"","protected":false},"excerpt":{"rendered":"<p>SA8 Adaptador de bandeja de c\u00e1mara<br \/>\nart\u00edculo: 22123<\/p>\n<p>El sistema de brazo Sea Arm 8 de Sea &amp; Sea tiene muchas posibilidades. Es modular, por lo que puede adaptarse a cualquier sistema de c\u00e1maras.<br \/>\nSA8 est\u00e1 fabricado con materiales de la m\u00e1s alta calidad y, por tanto, es robusto y duradero.<\/p>\n<p>F\u00edjese tambi\u00e9n en los dem\u00e1s elementos para montar y utilizar de forma \u00f3ptima su exposici\u00f3n en el set de su c\u00e1mara.<\/p>","protected":false},"featured_media":298,"comment_status":"closed","ping_status":"closed","template":"","meta":{"_acf_changed":false},"product_cat":[171,172],"product_tag":[174,38,175],"class_list":{"0":"post-297","1":"product","2":"type-product","3":"status-publish","4":"has-post-thumbnail","6":"product_cat-arm-systemen","7":"product_cat-sea-arm","8":"product_tag-sa8","9":"product_tag-sea-sea","10":"product_tag-sea-arm-8","12":"first","13":"instock","14":"product-type-simple"},"acf":[],"_links":{"self":[{"href":"https:\/\/seaandsea.eu\/es\/wp-json\/wp\/v2\/product\/297","targetHints":{"allow":["GET"]}}],"collection":[{"href":"https:\/\/seaandsea.eu\/es\/wp-json\/wp\/v2\/product"}],"about":[{"href":"https:\/\/seaandsea.eu\/es\/wp-json\/wp\/v2\/types\/product"}],"replies":[{"embeddable":true,"href":"https:\/\/seaandsea.eu\/es\/wp-json\/wp\/v2\/comments?post=297"}],"wp:featuredmedia":[{"embeddable":true,"href":"https:\/\/seaandsea.eu\/es\/wp-json\/wp\/v2\/media\/298"}],"wp:attachment":[{"href":"https:\/\/seaandsea.eu\/es\/wp-json\/wp\/v2\/media?parent=297"}],"wp:term":[{"taxonomy":"product_cat","embeddable":true,"href":"https:\/\/seaandsea.eu\/es\/wp-json\/wp\/v2\/product_cat?post=297"},{"taxonomy":"product_tag","embeddable":true,"href":"https:\/\/seaandsea.eu\/es\/wp-json\/wp\/v2\/product_tag?post=297"}],"curies":[{"name":"wp","href":"https:\/\/api.w.org\/{rel}","templated":true}]}}