{"id":313,"date":"2024-02-16T08:14:02","date_gmt":"2024-02-16T07:14:02","guid":{"rendered":"https:\/\/eager-benz.45-82-188-209.plesk.page\/product\/fiber-optical-cable-s-50135\/"},"modified":"2024-04-18T12:16:16","modified_gmt":"2024-04-18T10:16:16","slug":"fiber-optical-cable-s","status":"publish","type":"product","link":"https:\/\/seaandsea.eu\/es\/producto\/cable-de-fibra-optica\/","title":{"rendered":"Cable de fibra \u00f3ptica S"},"content":{"rendered":"","protected":false},"excerpt":{"rendered":"<p>Cable de fibra \u00f3ptica II Conectores S\/2<br \/>\nN.\u00ba de producto 50135<\/p>\n<p><span title=\"\">El cable de fibra \u00f3ptica de mejor calidad consta de 613 fibras (n\u00facleos).<\/span> <span title=\"\">Aunque el cable est\u00e9 doblado, la atenuaci\u00f3n de la luz es m\u00ednima.<\/span> <span title=\"\">Por lo tanto, la se\u00f1al luminosa se env\u00eda a un estrobo sin p\u00e9rdidas.<\/span> <span title=\"\">En comparaci\u00f3n con los cables de una sola fibra, el cable de fibra \u00f3ptica II es m\u00e1s resistente a la distorsi\u00f3n, la flexi\u00f3n y los impactos f\u00edsicos.<\/span><\/p>\n<p>Especificaciones<br \/>\n<span title=\"\">Construcci\u00f3n: Resina metacr\u00edlica<\/span><br \/>\n<span title=\"\">Di\u00e1metro de la fibra: 1,5 mm \/ 0,059 pulgadas<\/span><br \/>\n<span title=\"\">Di\u00e1metro del cable 2,7 mm \/ 0,105 pulgadas<\/span><br \/>\n<span title=\"\">Longitud: 310 mm<\/span><\/p>","protected":false},"featured_media":314,"comment_status":"closed","ping_status":"closed","template":"","meta":{"_acf_changed":false},"product_cat":[44,184],"product_tag":[38],"class_list":{"0":"post-313","1":"product","2":"type-product","3":"status-publish","4":"has-post-thumbnail","6":"product_cat-accessoires","7":"product_cat-flitser-accessoires","8":"product_tag-sea-sea","10":"first","11":"instock","12":"product-type-simple"},"acf":[],"_links":{"self":[{"href":"https:\/\/seaandsea.eu\/es\/wp-json\/wp\/v2\/product\/313","targetHints":{"allow":["GET"]}}],"collection":[{"href":"https:\/\/seaandsea.eu\/es\/wp-json\/wp\/v2\/product"}],"about":[{"href":"https:\/\/seaandsea.eu\/es\/wp-json\/wp\/v2\/types\/product"}],"replies":[{"embeddable":true,"href":"https:\/\/seaandsea.eu\/es\/wp-json\/wp\/v2\/comments?post=313"}],"wp:featuredmedia":[{"embeddable":true,"href":"https:\/\/seaandsea.eu\/es\/wp-json\/wp\/v2\/media\/314"}],"wp:attachment":[{"href":"https:\/\/seaandsea.eu\/es\/wp-json\/wp\/v2\/media?parent=313"}],"wp:term":[{"taxonomy":"product_cat","embeddable":true,"href":"https:\/\/seaandsea.eu\/es\/wp-json\/wp\/v2\/product_cat?post=313"},{"taxonomy":"product_tag","embeddable":true,"href":"https:\/\/seaandsea.eu\/es\/wp-json\/wp\/v2\/product_tag?post=313"}],"curies":[{"name":"wp","href":"https:\/\/api.w.org\/{rel}","templated":true}]}}