{"id":315,"date":"2024-02-16T08:14:02","date_gmt":"2024-02-16T07:14:02","guid":{"rendered":"https:\/\/eager-benz.45-82-188-209.plesk.page\/product\/fiber-optical-cable-m-50128\/"},"modified":"2024-04-18T12:14:33","modified_gmt":"2024-04-18T10:14:33","slug":"fiber-optical-cable-m","status":"publish","type":"product","link":"https:\/\/seaandsea.eu\/es\/producto\/cable-de-fibra-optica-m\/","title":{"rendered":"Cable de fibra \u00f3ptica M"},"content":{"rendered":"","protected":false},"excerpt":{"rendered":"<p>Cable de fibra \u00f3ptica II Conectores M\/2<br \/>\nN.\u00ba de producto 50128<\/p>\n<p><span>El cable de fibra \u00f3ptica de mejor calidad consta de 613 fibras (n\u00facleos). Aunque el cable se doble, la atenuaci\u00f3n de la luz es m\u00ednima. Por lo tanto, la se\u00f1al luminosa se env\u00eda al estrobo sin p\u00e9rdidas. En comparaci\u00f3n con los cables de una sola fibra, el cable de fibra \u00f3ptica II es m\u00e1s resistente a la distorsi\u00f3n, la flexi\u00f3n y los impactos f\u00edsicos.<\/span><\/p>\n<p><strong>Especificaciones<\/strong><br \/>\n<span>Construcci\u00f3n: Resina metacr\u00edlica<br \/>\nDi\u00e1metro de la fibra: 1,5 mm \/ 0,059 pulgadas<br \/>\nDi\u00e1metro del cable: 2,7 mm \/ 0,105 pulgadas<br \/>\nLongitud: 453 mm \/ 17,8 pulgadas<\/span><\/p>","protected":false},"featured_media":316,"comment_status":"closed","ping_status":"closed","template":"","meta":{"_acf_changed":false},"product_cat":[44,184],"product_tag":[38],"class_list":{"0":"post-315","1":"product","2":"type-product","3":"status-publish","4":"has-post-thumbnail","6":"product_cat-accessoires","7":"product_cat-flitser-accessoires","8":"product_tag-sea-sea","10":"first","11":"instock","12":"product-type-simple"},"acf":[],"_links":{"self":[{"href":"https:\/\/seaandsea.eu\/es\/wp-json\/wp\/v2\/product\/315","targetHints":{"allow":["GET"]}}],"collection":[{"href":"https:\/\/seaandsea.eu\/es\/wp-json\/wp\/v2\/product"}],"about":[{"href":"https:\/\/seaandsea.eu\/es\/wp-json\/wp\/v2\/types\/product"}],"replies":[{"embeddable":true,"href":"https:\/\/seaandsea.eu\/es\/wp-json\/wp\/v2\/comments?post=315"}],"wp:featuredmedia":[{"embeddable":true,"href":"https:\/\/seaandsea.eu\/es\/wp-json\/wp\/v2\/media\/316"}],"wp:attachment":[{"href":"https:\/\/seaandsea.eu\/es\/wp-json\/wp\/v2\/media?parent=315"}],"wp:term":[{"taxonomy":"product_cat","embeddable":true,"href":"https:\/\/seaandsea.eu\/es\/wp-json\/wp\/v2\/product_cat?post=315"},{"taxonomy":"product_tag","embeddable":true,"href":"https:\/\/seaandsea.eu\/es\/wp-json\/wp\/v2\/product_tag?post=315"}],"curies":[{"name":"wp","href":"https:\/\/api.w.org\/{rel}","templated":true}]}}