{"id":331,"date":"2024-02-16T08:14:08","date_gmt":"2024-02-16T07:14:08","guid":{"rendered":"https:\/\/eager-benz.45-82-188-209.plesk.page\/product\/handvat-met-drijfvermogen-46124-46131-46132\/"},"modified":"2024-04-19T15:00:28","modified_gmt":"2024-04-19T13:00:28","slug":"handvat-met-drijfvermogen","status":"publish","type":"product","link":"https:\/\/seaandsea.eu\/es\/producto\/asa-con-poder\/","title":{"rendered":"Asa de flotaci\u00f3n"},"content":{"rendered":"","protected":false},"excerpt":{"rendered":"<p>Asa de flotaci\u00f3n<br \/>\nN.\u00ba de producto 46124<\/p>\n<p>Negro: 46124<\/p>\n<p>Balsa vers\u00e1til que puede utilizarse como brazo flotador y como asa.<\/p>\n<p>&nbsp;<\/p>\n<p>En tierra, el asa permite transportar la caja con seguridad gracias a su dise\u00f1o ergon\u00f3mico y a su material no el\u00e1stico. Bajo el agua, el asa funciona como flotador y, al ser flotante, no interferir\u00e1 en el funcionamiento de la carcasa.<\/p>\n<p>El kit de montaje de base esf\u00e9rica fija SA8 opcional se puede utilizar para acoplar dos bases esf\u00e9ricas fijas SA8 a la empu\u00f1adura del brazo flotante. Esto le permite utilizar el mango como brazo de flash o adaptarlo a sus propias ideas.<\/p>\n<p><strong>Especificaciones<br \/>\n<\/strong>Construcci\u00f3n: polietileno<br \/>\nProfundidad: 50 m \/ 165 pies.<br \/>\nTemperatura de servicio: 1-40 grados Celsius \/ 32-104 grados Fahrenheit<br \/>\nDimensiones (AnxAlxPr): 256 x 76 x 62 mm \/ 10,1 x 3,0 x 2,4 pulgadas<br \/>\nPeso en tierra: 210 g \/ 7,4 oz.<br \/>\nFlotabilidad bajo el agua: unos 280 g \/ 9,9 oz.<br \/>\n* El peso en tierra y la flotabilidad bajo el agua de los mangos individuales pueden diferir ligeramente.<\/p>","protected":false},"featured_media":1278,"comment_status":"closed","ping_status":"closed","template":"","meta":{"_acf_changed":false},"product_cat":[44,188],"product_tag":[38],"class_list":{"0":"post-331","1":"product","2":"type-product","3":"status-publish","4":"has-post-thumbnail","6":"product_cat-accessoires","7":"product_cat-behuizing-accessoires","8":"product_tag-sea-sea","10":"first","11":"instock","12":"product-type-simple"},"acf":[],"_links":{"self":[{"href":"https:\/\/seaandsea.eu\/es\/wp-json\/wp\/v2\/product\/331","targetHints":{"allow":["GET"]}}],"collection":[{"href":"https:\/\/seaandsea.eu\/es\/wp-json\/wp\/v2\/product"}],"about":[{"href":"https:\/\/seaandsea.eu\/es\/wp-json\/wp\/v2\/types\/product"}],"replies":[{"embeddable":true,"href":"https:\/\/seaandsea.eu\/es\/wp-json\/wp\/v2\/comments?post=331"}],"wp:featuredmedia":[{"embeddable":true,"href":"https:\/\/seaandsea.eu\/es\/wp-json\/wp\/v2\/media\/1278"}],"wp:attachment":[{"href":"https:\/\/seaandsea.eu\/es\/wp-json\/wp\/v2\/media?parent=331"}],"wp:term":[{"taxonomy":"product_cat","embeddable":true,"href":"https:\/\/seaandsea.eu\/es\/wp-json\/wp\/v2\/product_cat?post=331"},{"taxonomy":"product_tag","embeddable":true,"href":"https:\/\/seaandsea.eu\/es\/wp-json\/wp\/v2\/product_tag?post=331"}],"curies":[{"name":"wp","href":"https:\/\/api.w.org\/{rel}","templated":true}]}}