{"id":333,"date":"2024-02-16T08:14:08","date_gmt":"2024-02-16T07:14:08","guid":{"rendered":"https:\/\/eager-benz.45-82-188-209.plesk.page\/product\/carry-clip-hardware-kit-46130\/"},"modified":"2024-04-18T12:14:10","modified_gmt":"2024-04-18T10:14:10","slug":"carry-clip-hardware-kit","status":"publish","type":"product","link":"https:\/\/seaandsea.eu\/es\/producto\/kit-de-herrajes-para-clip-de-transporte\/","title":{"rendered":"Clip de transporte Kit de herrajes"},"content":{"rendered":"","protected":false},"excerpt":{"rendered":"<p>Kit de herrajes para clip de transporte<br \/>\nN.\u00ba de producto 46130<\/p>\n<p><span>Sirve para sujetar el asa a la carcasa y utilizarla como asa de transporte.<br \/>\n<\/span><span>* Con este juego se incluyen cuatro anillas de goma. Evitan que los lazos met\u00e1licos de la eslinga entren en contacto directo entre s\u00ed para reducir el ruido.<\/span><\/p>\n<p><strong>Especificaciones<\/strong><br \/>\n<span>Material: acero inoxidable (base del gancho, espaciador, perno de fijaci\u00f3n, arandelas, placa de fijaci\u00f3n y gancho) Anillo de caucho sint\u00e9tico<br \/>\nPeso: 96 g \/ 3,4 oz.<br \/>\nAccesorios: Hoja de instrucciones y llave Allen<\/span><\/p>","protected":false},"featured_media":334,"comment_status":"closed","ping_status":"closed","template":"","meta":{"_acf_changed":false},"product_cat":[44,188],"product_tag":[38],"class_list":{"0":"post-333","1":"product","2":"type-product","3":"status-publish","4":"has-post-thumbnail","6":"product_cat-accessoires","7":"product_cat-behuizing-accessoires","8":"product_tag-sea-sea","10":"first","11":"instock","12":"product-type-simple"},"acf":[],"_links":{"self":[{"href":"https:\/\/seaandsea.eu\/es\/wp-json\/wp\/v2\/product\/333","targetHints":{"allow":["GET"]}}],"collection":[{"href":"https:\/\/seaandsea.eu\/es\/wp-json\/wp\/v2\/product"}],"about":[{"href":"https:\/\/seaandsea.eu\/es\/wp-json\/wp\/v2\/types\/product"}],"replies":[{"embeddable":true,"href":"https:\/\/seaandsea.eu\/es\/wp-json\/wp\/v2\/comments?post=333"}],"wp:featuredmedia":[{"embeddable":true,"href":"https:\/\/seaandsea.eu\/es\/wp-json\/wp\/v2\/media\/334"}],"wp:attachment":[{"href":"https:\/\/seaandsea.eu\/es\/wp-json\/wp\/v2\/media?parent=333"}],"wp:term":[{"taxonomy":"product_cat","embeddable":true,"href":"https:\/\/seaandsea.eu\/es\/wp-json\/wp\/v2\/product_cat?post=333"},{"taxonomy":"product_tag","embeddable":true,"href":"https:\/\/seaandsea.eu\/es\/wp-json\/wp\/v2\/product_tag?post=333"}],"curies":[{"name":"wp","href":"https:\/\/api.w.org\/{rel}","templated":true}]}}