{"id":341,"date":"2024-02-16T08:14:08","date_gmt":"2024-02-16T07:14:08","guid":{"rendered":"https:\/\/eager-benz.45-82-188-209.plesk.page\/product\/opticals-ys-converter-c2-voor-mdx-behuizingen-50142\/"},"modified":"2024-04-18T12:13:10","modified_gmt":"2024-04-18T10:13:10","slug":"opticals-ys-converter-c2-voor-mdx-behuizingen","status":"publish","type":"product","link":"https:\/\/seaandsea.eu\/es\/producto\/opticals-ys-converter-c2-para-cajas-mdx\/","title":{"rendered":"Opticals YS Converter\/C2 para recintos MDX"},"content":{"rendered":"","protected":false},"excerpt":{"rendered":"<p>Convertidor \u00f3ptico YS\/C2 para cajas MDX<br \/>\nN.\u00ba de producto 50142<\/p>\n<p><span>Una unidad compacta que convierte la se\u00f1al TTL de la c\u00e1mara en una se\u00f1al luminosa. El convertidor se puede montar en la zapata de accesorios de la c\u00e1mara y se puede conectar a (una) unidad(es) de flash de SEA &amp; SEA con Cable(s) de Fibra \u00d3ptica (*). Los modos TTL y manual pueden conmutarse pulsando el interruptor de modo de la carcasa.* El cable de fibra \u00f3ptica II de SEA &amp; SEA debe utilizarse con un convertidor \u00f3ptico YS.<\/span><\/p>\n<p><span>Carcasas compatibles: MDX-7D Mark II, MDX-5D Mark III ver.2 (con Canon EOS 5Ds o 5DsR).<\/span><\/p>\n<p><strong>Especificaciones<\/strong><br \/>\nOperaci\u00f3n<span>: ON \/ OFF \/ Modo TTL (indicado con luz azul) \/ Modo manual (indicado con luz verde)<br \/>\n* El nivel de bater\u00eda restante se indica mediante una luz LED parpadeante.<br \/>\nApagado autom\u00e1tico: el convertidor se apaga autom\u00e1ticamente si la palanca del obturador o el interruptor de modo no se activan durante m\u00e1s de una hora.<br \/>\n* El convertidor puede reactivarse pulsando el interruptor de modo.<br \/>\nFuente de alimentaci\u00f3n: 2 pilas AAA (alcalinas: 3,0 V \/ Ni-MH: 2,4 V)<br \/>\nFuente de alimentaci\u00f3n: (* 1) Alcalina: 15 horas \/ Mi-MH: 12 horas (* 2)<br \/>\nConstrucci\u00f3n: Aleaci\u00f3n de aluminio (carcasa)<br \/>\nDimensiones (AnxAlxPr): 54,4 x 39,5 x 53,3 mm \/ 2,1 x 1,6 x 2,1 pulgadas (sin cable)<br \/>\nPeso: 54 g \/ 1,9 oz.<br \/>\n* 1 La duraci\u00f3n de las pilas depende de la marca, la temperatura y la frecuencia de uso.<br \/>\n* 2 Tiempo de funcionamiento probado con bater\u00edas de 750 mAh.<\/p>\n<p>El v\u00eddeo sobre \"C\u00f3mo montar el conversor \u00f3ptico YS en una carcasa compatible\" acaba de publicarse en YouTube.<\/span><\/p>","protected":false},"featured_media":342,"comment_status":"closed","ping_status":"closed","template":"","meta":{"_acf_changed":false},"product_cat":[44,188],"product_tag":[196,197,143,123,198,36,38,144,149],"class_list":{"0":"post-341","1":"product","2":"type-product","3":"status-publish","4":"has-post-thumbnail","6":"product_cat-accessoires","7":"product_cat-behuizing-accessoires","8":"product_tag-converter","9":"product_tag-flash","10":"product_tag-flitser","11":"product_tag-housing","12":"product_tag-mdx","13":"product_tag-optical","14":"product_tag-sea-sea","15":"product_tag-strobe","16":"product_tag-ys","18":"first","19":"instock","20":"product-type-simple"},"acf":[],"_links":{"self":[{"href":"https:\/\/seaandsea.eu\/es\/wp-json\/wp\/v2\/product\/341","targetHints":{"allow":["GET"]}}],"collection":[{"href":"https:\/\/seaandsea.eu\/es\/wp-json\/wp\/v2\/product"}],"about":[{"href":"https:\/\/seaandsea.eu\/es\/wp-json\/wp\/v2\/types\/product"}],"replies":[{"embeddable":true,"href":"https:\/\/seaandsea.eu\/es\/wp-json\/wp\/v2\/comments?post=341"}],"wp:featuredmedia":[{"embeddable":true,"href":"https:\/\/seaandsea.eu\/es\/wp-json\/wp\/v2\/media\/342"}],"wp:attachment":[{"href":"https:\/\/seaandsea.eu\/es\/wp-json\/wp\/v2\/media?parent=341"}],"wp:term":[{"taxonomy":"product_cat","embeddable":true,"href":"https:\/\/seaandsea.eu\/es\/wp-json\/wp\/v2\/product_cat?post=341"},{"taxonomy":"product_tag","embeddable":true,"href":"https:\/\/seaandsea.eu\/es\/wp-json\/wp\/v2\/product_tag?post=341"}],"curies":[{"name":"wp","href":"https:\/\/api.w.org\/{rel}","templated":true}]}}