{"id":349,"date":"2024-02-16T08:14:08","date_gmt":"2024-02-16T07:14:08","guid":{"rendered":"https:\/\/eager-benz.45-82-188-209.plesk.page\/product\/vf180-12-viewfinder-46112\/"},"modified":"2024-04-19T16:22:34","modified_gmt":"2024-04-19T14:22:34","slug":"vf180-12-viewfinder-46112","status":"publish","type":"product","link":"https:\/\/seaandsea.eu\/es\/producto\/vf180-12-viewfinder-46112\/","title":{"rendered":"Visor VF180 1.2"},"content":{"rendered":"","protected":false},"excerpt":{"rendered":"<p>VF180 1.2x<br \/>\nC\u00f3digo 46112<\/p>\n<p><span>Visor de prisma recto compatible con las carcasas de las series RDX y MDX. Se puede acoplar a la carcasa sustituyendo el visor original. La relaci\u00f3n de ampliaci\u00f3n es de 1,2x sin sacrificar el campo de visi\u00f3n. Como el VF180 1.2x es un visor recto, puede componer sus im\u00e1genes como si estuviera mirando directamente a trav\u00e9s del visor de la c\u00e1mara. Los objetivos \u00f3pticos de 8 elementos y 6 grupos reproducen colores naturales. El visor est\u00e1 relleno de gas nitr\u00f3geno para evitar la condensaci\u00f3n y el empa\u00f1amiento. El protector ocular garantiza una visi\u00f3n clara, ya que no puede entrar luz en el visor.<br \/>\n* Se necesita un accesorio para fijar el visor a la carcasa.<\/span><\/p>\n<p><strong>Especificaciones<\/strong><br \/>\n<span>Construcci\u00f3n: aleaci\u00f3n de aluminio resistente a la corrosi\u00f3n<br \/>\nProfundidad: 100 m<br \/>\n<\/span><span>Dimensiones (DIAxD): 45\u00d7111 mm \/ 1,8 x 4,4 pulgadas<br \/>\nPeso: 275 g<br \/>\nCarcasas compatibles: (modelos fabricados despu\u00e9s del a\u00f1o 2007)RDX-750D RDX-100D RDX-650D RDX-600D RDX-550D<br \/>\n(*2) MDX-D850 (*3) MDX-5D Mark IV MDX-80D MDX-D500 MDX-EM5 Mark II06177 MDX-\u03b17 II MDX-5D Mark III ver.2 MDX-7D Mark II MDX-70D MDX-5D Mark III MDX- 6D MDX-7D MDX-PRO 5D Mark II\uff08*1\uff09MDX-40D\uff08*2\uff09MDX-D800 MDX-D7100 MDX-D7000 MDX-D300s MDX-PRO D700 MDX-PRO D3 \uff08*2\uff09 MDX-D300\uff08*2\uff09<\/p>\n<p>* 1 Para instalar el visor en la carcasa se necesita un soporte distanciador accesorio.<br \/>\n* 2 Se requiere una modificaci\u00f3n de f\u00e1brica para instalar el visor. P\u00f3ngase en contacto con un concesionario o distribuidor oficial de SEA &amp; SEA.<br \/>\n* 3 La parte inferior del visor de la c\u00e1mara (donde se muestran los datos de disparo) no puede verse debido al vi\u00f1eteado.<\/span><\/p>","protected":false},"featured_media":350,"comment_status":"closed","ping_status":"closed","template":"","meta":{"_acf_changed":false},"product_cat":[44,188],"product_tag":[201,38,180,202],"class_list":{"0":"post-349","1":"product","2":"type-product","3":"status-publish","4":"has-post-thumbnail","6":"product_cat-accessoires","7":"product_cat-behuizing-accessoires","8":"product_tag-201","9":"product_tag-sea-sea","10":"product_tag-stay","11":"product_tag-viewfinder","13":"first","14":"instock","15":"product-type-simple"},"acf":[],"_links":{"self":[{"href":"https:\/\/seaandsea.eu\/es\/wp-json\/wp\/v2\/product\/349","targetHints":{"allow":["GET"]}}],"collection":[{"href":"https:\/\/seaandsea.eu\/es\/wp-json\/wp\/v2\/product"}],"about":[{"href":"https:\/\/seaandsea.eu\/es\/wp-json\/wp\/v2\/types\/product"}],"replies":[{"embeddable":true,"href":"https:\/\/seaandsea.eu\/es\/wp-json\/wp\/v2\/comments?post=349"}],"wp:featuredmedia":[{"embeddable":true,"href":"https:\/\/seaandsea.eu\/es\/wp-json\/wp\/v2\/media\/350"}],"wp:attachment":[{"href":"https:\/\/seaandsea.eu\/es\/wp-json\/wp\/v2\/media?parent=349"}],"wp:term":[{"taxonomy":"product_cat","embeddable":true,"href":"https:\/\/seaandsea.eu\/es\/wp-json\/wp\/v2\/product_cat?post=349"},{"taxonomy":"product_tag","embeddable":true,"href":"https:\/\/seaandsea.eu\/es\/wp-json\/wp\/v2\/product_tag?post=349"}],"curies":[{"name":"wp","href":"https:\/\/api.w.org\/{rel}","templated":true}]}}