{"id":357,"date":"2024-02-16T08:14:08","date_gmt":"2024-02-16T07:14:08","guid":{"rendered":"https:\/\/eager-benz.45-82-188-209.plesk.page\/product\/optical-viewfinder-0-5-46108\/"},"modified":"2024-04-18T12:12:15","modified_gmt":"2024-04-18T10:12:15","slug":"optical-viewfinder-0-5","status":"publish","type":"product","link":"https:\/\/seaandsea.eu\/es\/producto\/visor-optico-0-5\/","title":{"rendered":"Visor \u00f3ptico 0,5"},"content":{"rendered":"","protected":false},"excerpt":{"rendered":"<p>Visor \u00f3ptico 0,5x<br \/>\nC\u00f3digo 46108<\/p>\n<p><span>Reduce el vi\u00f1eteado en la imagen del visor. Recomendado para fotograf\u00eda gran angular u otras situaciones en las que es esencial comprobar la composici\u00f3n general de la imagen. Dependiendo de la situaci\u00f3n, el visor puede sustituirse por un visor de grabaci\u00f3n est\u00e1ndar.<br \/>\n<\/span><span>* La imagen reflejada aparece en las cuatro esquinas del visor, seg\u00fan el modelo de c\u00e1mara.<\/span><\/p>","protected":false},"featured_media":358,"comment_status":"closed","ping_status":"closed","template":"","meta":{"_acf_changed":false},"product_cat":[44,188],"product_tag":[204,205,36,38,202],"class_list":{"0":"post-357","1":"product","2":"type-product","3":"status-publish","4":"has-post-thumbnail","6":"product_cat-accessoires","7":"product_cat-behuizing-accessoires","8":"product_tag-204","9":"product_tag-205","10":"product_tag-optical","11":"product_tag-sea-sea","12":"product_tag-viewfinder","14":"first","15":"instock","16":"product-type-simple"},"acf":[],"_links":{"self":[{"href":"https:\/\/seaandsea.eu\/es\/wp-json\/wp\/v2\/product\/357","targetHints":{"allow":["GET"]}}],"collection":[{"href":"https:\/\/seaandsea.eu\/es\/wp-json\/wp\/v2\/product"}],"about":[{"href":"https:\/\/seaandsea.eu\/es\/wp-json\/wp\/v2\/types\/product"}],"replies":[{"embeddable":true,"href":"https:\/\/seaandsea.eu\/es\/wp-json\/wp\/v2\/comments?post=357"}],"wp:featuredmedia":[{"embeddable":true,"href":"https:\/\/seaandsea.eu\/es\/wp-json\/wp\/v2\/media\/358"}],"wp:attachment":[{"href":"https:\/\/seaandsea.eu\/es\/wp-json\/wp\/v2\/media?parent=357"}],"wp:term":[{"taxonomy":"product_cat","embeddable":true,"href":"https:\/\/seaandsea.eu\/es\/wp-json\/wp\/v2\/product_cat?post=357"},{"taxonomy":"product_tag","embeddable":true,"href":"https:\/\/seaandsea.eu\/es\/wp-json\/wp\/v2\/product_tag?post=357"}],"curies":[{"name":"wp","href":"https:\/\/api.w.org\/{rel}","templated":true}]}}