{"id":387,"date":"2024-02-16T08:14:14","date_gmt":"2024-02-16T07:14:14","guid":{"rendered":"https:\/\/eager-benz.45-82-188-209.plesk.page\/product\/lcd-monitor-hood-with-lens-52121\/"},"modified":"2024-04-18T12:08:10","modified_gmt":"2024-04-18T10:08:10","slug":"lcd-monitor-hood-with-lens","status":"publish","type":"product","link":"https:\/\/seaandsea.eu\/es\/producto\/capucha-para-monitor-lcd-con-objetivo\/","title":{"rendered":"Capucha para monitor LCD con objetivo"},"content":{"rendered":"","protected":false},"excerpt":{"rendered":"<p>Capucha para monitor LCD con objetivo<br \/>\nArt\u00edculo n\u00ba 52121<\/p>\n<p>El parasol se acopla a la zona del monitor LCD del cuerpo de una c\u00e1mara digital compacta. El parasol reduce la luz y los reflejos y garantiza im\u00e1genes n\u00edtidas del monitor LCD de esquina a esquina. El objetivo tiene un revestimiento antirreflejos para reducir a\u00fan m\u00e1s los reflejos y brillos innecesarios. Ideal para quienes desean una visi\u00f3n m\u00e1s amplia y clara del monitor LCD.<\/p>\n<p><strong>Especificaciones<\/strong><br \/>\n<span title=\"\">Modelo compatible: MDX-RX100III, MDX-RX100 \/ II, MDX-GRD IV, DX-GE5<\/span><br \/>\n<span title=\"\">Tama\u00f1o compatible monitor LCD: Aprox.<\/span> <span title=\"\">62x47mm \/ 2,4\u00d71,9 pulgadas<\/span><br \/>\n<span title=\"\">Peso: Aprox.<\/span> <span title=\"\">123 g \/ 4,3 oz<\/span><br \/>\n<span title=\"\">Dimensiones (DIAxD): aprox.<\/span> <span title=\"\">84x85x67mm \/ 3.3\u00d73.3\u00d72.6inch<\/span><\/p>","protected":false},"featured_media":388,"comment_status":"closed","ping_status":"closed","template":"","meta":{"_acf_changed":false},"product_cat":[44,231],"product_tag":[38],"class_list":{"0":"post-387","1":"product","2":"type-product","3":"status-publish","4":"has-post-thumbnail","6":"product_cat-accessoires","7":"product_cat-lenses-and-accessories","8":"product_tag-sea-sea","10":"first","11":"instock","12":"product-type-simple"},"acf":[],"_links":{"self":[{"href":"https:\/\/seaandsea.eu\/es\/wp-json\/wp\/v2\/product\/387","targetHints":{"allow":["GET"]}}],"collection":[{"href":"https:\/\/seaandsea.eu\/es\/wp-json\/wp\/v2\/product"}],"about":[{"href":"https:\/\/seaandsea.eu\/es\/wp-json\/wp\/v2\/types\/product"}],"replies":[{"embeddable":true,"href":"https:\/\/seaandsea.eu\/es\/wp-json\/wp\/v2\/comments?post=387"}],"wp:featuredmedia":[{"embeddable":true,"href":"https:\/\/seaandsea.eu\/es\/wp-json\/wp\/v2\/media\/388"}],"wp:attachment":[{"href":"https:\/\/seaandsea.eu\/es\/wp-json\/wp\/v2\/media?parent=387"}],"wp:term":[{"taxonomy":"product_cat","embeddable":true,"href":"https:\/\/seaandsea.eu\/es\/wp-json\/wp\/v2\/product_cat?post=387"},{"taxonomy":"product_tag","embeddable":true,"href":"https:\/\/seaandsea.eu\/es\/wp-json\/wp\/v2\/product_tag?post=387"}],"curies":[{"name":"wp","href":"https:\/\/api.w.org\/{rel}","templated":true}]}}