{"id":395,"date":"2024-02-16T08:14:14","date_gmt":"2024-02-16T07:14:14","guid":{"rendered":"https:\/\/eager-benz.45-82-188-209.plesk.page\/product\/mdx-z7-behuizing-voor-nikon-z7-z6-06189\/"},"modified":"2024-04-18T12:06:26","modified_gmt":"2024-04-18T10:06:26","slug":"mdx-z7-behuizing-voor-nikon-z7-z6","status":"publish","type":"product","link":"https:\/\/seaandsea.eu\/es\/producto\/carcasa-mdx-z7-para-nikon-z7-z6\/","title":{"rendered":"Carcasa MDX-Z7 para Nikon Z7 &amp; Z6"},"content":{"rendered":"","protected":false},"excerpt":{"rendered":"<p>Funda Sea &amp; Sea MDX-Z7 para la Nikon Z7<\/p>\n<p>MDX-Z7 (Negro)(S\u00f3lo carcasa)<br \/>\nN.\u00ba de producto 06189<\/p>\n<p>Carcasa de \u00faltima generaci\u00f3n para la c\u00e1mara r\u00e9flex sin espejo fuul frame \/ c\u00e1mara de sistema Z7 y Z6 de Nikon, de dise\u00f1o compacto y ergon\u00f3mico. Equipada con convertidor \u00f3ptico YS.<\/p>\n<p>Dise\u00f1o compacto.<br \/>\nAprovechando el dise\u00f1o compacto y el peso ligero de la c\u00e1mara Z7\/6, las carcasas se han dise\u00f1ado en consecuencia para mejorar estas caracter\u00edsticas. En comparaci\u00f3n con la carcasa de la c\u00e1mara SLR MDX-850, la MDX-Z7\/6 es 100 g\/3,5 oz m\u00e1s ligera en tierra.<\/p>\n<p>Peso: MDX-Z7 2700g\/95,2oz (en tierra), MDX-D850 2800g\/98,8oz (en tierra).<\/p>\n<p>Se pueden utilizar puertos y engranajes para las carcasas SLR de la serie MDX.<br \/>\nLa MDX-Z7\/6 es compatible con la tabla de sistemas de las carcasas SLR de la serie MDX. Puede utilizar objetivos de montura F con el adaptador de montura FTZ y puertos\/engranajes para las carcasas de la serie MDX.<\/p>\n<p>Compatible con el convertidor \u00f3ptico YS\/N1. Posibilidad de fotograf\u00eda estrobosc\u00f3pica TTL.<br \/>\nLa carcasa es compatible con un conversor \u00f3ptico YS opcional que convierte la se\u00f1al TTL de la zapata de la c\u00e1mara en una se\u00f1al de luz LED. Tambi\u00e9n es posible la fotograf\u00eda estrobosc\u00f3pica manual.<\/p>\n<p>Dise\u00f1ado tanto para objetivos de montura F con el adaptador de montura FTZ como para objetivos de montura Z.<br \/>\nEl dial de enfoque\/zoom tiene dos engranajes, uno para objetivos de montura F con el adaptador de montura FTZ y otro para objetivos de montura Z. La MDX-Z7 se ha dise\u00f1ado para tener en cuenta los distintos objetivos de montura Z que pronto estar\u00e1n disponibles.<\/p>\n<p>Se puede ver el panel de control superior de la c\u00e1mara.<br \/>\nTambi\u00e9n se ha incorporado una ventana para el panel de control superior de la c\u00e1mara. Como el brillo del panel de control superior de la c\u00e1mara ha aumentado, la visibilidad es ahora mucho mejor.<\/p>\n<p>MDX-Z7 Otras caracter\u00edsticas<\/p>\n<p>-El bloqueo de puerto impide que el puerto gire o se afloje y la palanca de bloqueo de puerto est\u00e1 espec\u00edficamente situada para evitar que se desbloquee accidentalmente.<br \/>\n-La carcasa est\u00e1 equipada con un bot\u00f3n de desbloqueo del objetivo que permite cambiarlo f\u00e1cilmente sin necesidad de abrir la carcasa.<br \/>\n-Al extraer el dial de enfoque\/zoom se obtiene suficiente espacio en el interior de la carcasa para alojar f\u00e1cilmente objetivos de mayor di\u00e1metro.<br \/>\n-El dial de ajuste di\u00f3ptrico de la c\u00e1mara puede manejarse desde el exterior de la carcasa. Esta funci\u00f3n es \u00fatil cuando dos o m\u00e1s personas con distinta visi\u00f3n utilizan la carcasa.<br \/>\n-Todos los mandos tienen pegatinas luminiscentes que brillan en entornos oscuros.<br \/>\nEquipada de serie con el visor \u00f3ptico 0,5x. Se pueden utilizar otros visores opcionales como el Visor \u00d3ptico 0,66x,y 0,8x.<br \/>\n\u203bSe produce cierto vi\u00f1eteado.Cuando el VF45 y el VF180 1.2x est\u00e1n montados en la carcasa, las esquinas del visor de la c\u00e1mara no pueden verse debido al vi\u00f1eteado.<br \/>\n-El conector de 2 clavijas del cable de sincronizaci\u00f3n permite utilizar un cable de sincronizaci\u00f3n convencional (s\u00f3lo en modo manual).<br \/>\n-Equipado con dos diodos de zinc de sacrificio (uno en la carcasa delantera y otro en la trasera) para evitar da\u00f1os por electr\u00f3lisis.<br \/>\n-Equipado con protector inferior para proteger de las rozaduras.<\/p>\n<p>Especificaciones<br \/>\nMDX-Z7<br \/>\n[Construcci\u00f3n] Cuerpo: aleaci\u00f3n de aluminio resistente a la corrosi\u00f3n (mecanizado)<br \/>\nEmpu\u00f1adura: aleaci\u00f3n de aluminio fundido resistente a la corrosi\u00f3n<br \/>\n[Profundidad] 100m \/ 330ft<br \/>\n[Dimensiones (AnxAlxPr)] 339 x 169 x 158 mm \/ 13,3 x 6,7 x 6,2 pulgadas<br \/>\n[Peso] Aprox. 2.700 g \/ 95 oz (s\u00f3lo carcasa)<\/p>","protected":false},"featured_media":396,"comment_status":"closed","ping_status":"closed","template":"","meta":{"_acf_changed":false},"product_cat":[150],"product_tag":[151,123,233,38,234],"class_list":{"0":"post-395","1":"product","2":"type-product","3":"status-publish","4":"has-post-thumbnail","6":"product_cat-behuizingen","7":"product_tag-behuizing","8":"product_tag-housing","9":"product_tag-nikon-z6","10":"product_tag-sea-sea","11":"product_tag-z7","13":"first","14":"instock","15":"product-type-simple"},"acf":[],"_links":{"self":[{"href":"https:\/\/seaandsea.eu\/es\/wp-json\/wp\/v2\/product\/395","targetHints":{"allow":["GET"]}}],"collection":[{"href":"https:\/\/seaandsea.eu\/es\/wp-json\/wp\/v2\/product"}],"about":[{"href":"https:\/\/seaandsea.eu\/es\/wp-json\/wp\/v2\/types\/product"}],"replies":[{"embeddable":true,"href":"https:\/\/seaandsea.eu\/es\/wp-json\/wp\/v2\/comments?post=395"}],"wp:featuredmedia":[{"embeddable":true,"href":"https:\/\/seaandsea.eu\/es\/wp-json\/wp\/v2\/media\/396"}],"wp:attachment":[{"href":"https:\/\/seaandsea.eu\/es\/wp-json\/wp\/v2\/media?parent=395"}],"wp:term":[{"taxonomy":"product_cat","embeddable":true,"href":"https:\/\/seaandsea.eu\/es\/wp-json\/wp\/v2\/product_cat?post=395"},{"taxonomy":"product_tag","embeddable":true,"href":"https:\/\/seaandsea.eu\/es\/wp-json\/wp\/v2\/product_tag?post=395"}],"curies":[{"name":"wp","href":"https:\/\/api.w.org\/{rel}","templated":true}]}}