{"id":421,"date":"2024-02-16T08:14:19","date_gmt":"2024-02-16T07:14:19","guid":{"rendered":"https:\/\/eager-benz.45-82-188-209.plesk.page\/product\/flitser-beschermhoes-voor-ys-d3\/"},"modified":"2024-04-17T10:52:06","modified_gmt":"2024-04-17T08:52:06","slug":"flitser-beschermhoes-voor-ys-d3","status":"publish","type":"product","link":"https:\/\/seaandsea.eu\/es\/producto\/flashguard-cubierta-para-ys-d3\/","title":{"rendered":"Tapa de flash para YS-D3"},"content":{"rendered":"","protected":false},"excerpt":{"rendered":"<p><strong>Tapa de flash para YS-D3<br \/>\nN.\u00ba de producto<br \/>\n<\/strong><\/p>\n<p>Proteja su preciada unidad de flash bajo el agua de ara\u00f1azos y, en medidas limitadas, de golpes con la ayuda de esta funda protectora de neopreno para flash. As\u00ed conservar\u00e1 su flash durante m\u00e1s tiempo y evitar\u00e1 posibles da\u00f1os permanentes en \u00e9l. La funda de neopreno tiene un efecto ligeramente positivo sobre la flotabilidad. La funda protectora de neopreno no cubre la parte delantera ni trasera del flash, por lo que podr\u00e1 seguir utilizando y manejando su flash en todas las condiciones.<\/p>","protected":false},"featured_media":422,"comment_status":"closed","ping_status":"closed","template":"","meta":{"_acf_changed":false},"product_cat":[44,184],"product_tag":[],"class_list":{"0":"post-421","1":"product","2":"type-product","3":"status-publish","4":"has-post-thumbnail","6":"product_cat-accessoires","7":"product_cat-flitser-accessoires","9":"first","10":"instock","11":"product-type-simple"},"acf":[],"_links":{"self":[{"href":"https:\/\/seaandsea.eu\/es\/wp-json\/wp\/v2\/product\/421","targetHints":{"allow":["GET"]}}],"collection":[{"href":"https:\/\/seaandsea.eu\/es\/wp-json\/wp\/v2\/product"}],"about":[{"href":"https:\/\/seaandsea.eu\/es\/wp-json\/wp\/v2\/types\/product"}],"replies":[{"embeddable":true,"href":"https:\/\/seaandsea.eu\/es\/wp-json\/wp\/v2\/comments?post=421"}],"wp:featuredmedia":[{"embeddable":true,"href":"https:\/\/seaandsea.eu\/es\/wp-json\/wp\/v2\/media\/422"}],"wp:attachment":[{"href":"https:\/\/seaandsea.eu\/es\/wp-json\/wp\/v2\/media?parent=421"}],"wp:term":[{"taxonomy":"product_cat","embeddable":true,"href":"https:\/\/seaandsea.eu\/es\/wp-json\/wp\/v2\/product_cat?post=421"},{"taxonomy":"product_tag","embeddable":true,"href":"https:\/\/seaandsea.eu\/es\/wp-json\/wp\/v2\/product_tag?post=421"}],"curies":[{"name":"wp","href":"https:\/\/api.w.org\/{rel}","templated":true}]}}