{"id":427,"date":"2024-02-16T08:14:19","date_gmt":"2024-02-16T07:14:19","guid":{"rendered":"https:\/\/eager-benz.45-82-188-209.plesk.page\/product\/ys-d3-duo-30129\/"},"modified":"2024-04-18T11:51:56","modified_gmt":"2024-04-18T09:51:56","slug":"ys-d3-duo-flitser","status":"publish","type":"product","link":"https:\/\/seaandsea.eu\/es\/producto\/flash-ys-d3-duo\/","title":{"rendered":"Unidad de flash YS-D3 DUO"},"content":{"rendered":"<p>Quieres aprovechar al m\u00e1ximo los escasos momentos que pasas bajo el agua. No dejas nada al azar e intentas capturar lo m\u00e1ximo posible con tu c\u00e1mara subacu\u00e1tica. Para ti, para tu familia, para tus amigos, pero tambi\u00e9n para esa foto \u00fanica. Y para esa toma excepcional, necesitas la iluminaci\u00f3n subacu\u00e1tica adecuada. Por eso necesita este flash subacu\u00e1tico Sea &amp; Sea YS-D3 DUO. Le permite controlar por completo la exposici\u00f3n bajo el agua.<\/p>\n<p>Gracias a su electr\u00f3nica de alta precisi\u00f3n, el flash subacu\u00e1tico YS-D3 DUO es capaz de rendir de forma \u00f3ptima en cualquier situaci\u00f3n. El flash Sea &amp; Sea YS-D3 DUO tiene de serie un n\u00famero gu\u00eda de nada menos que 33 y un \u00e1ngulo de exposici\u00f3n m\u00e1ximo de 110\u00b0. De este modo, siempre dispondr\u00e1 de una gran cantidad de luz bajo el agua. El tiempo de carga en dos pasos del flash le da la oportunidad de disparar continuamente sin restricciones en circunstancias especiales.<\/p>\n<p><strong><br \/>\nModerno, r\u00e1pido y potente.<br \/>\n<\/strong>La electr\u00f3nica ultramoderna del YS-D3 DUO es capaz de producir un destello de luz con un n\u00famero gu\u00eda de 33 en un tiempo extremadamente corto. Gracias a la lente \u00f3ptica de triodo asf\u00e9rica de alta precisi\u00f3n, de nuevo desarrollo exclusivo, colocada sobre los dos tubos de flash, la luz se difunde uniformemente desde el centro hacia los bordes. Esto crea una exposici\u00f3n sin precedentes y muy uniforme en toda la zona de disparo. El \u00e1ngulo de exposici\u00f3n del flash sin difusor es de 105\u00b0 x 80\u00b0. Con el difusor est\u00e1ndar suministrado, este \u00e1ngulo aumenta a 110\u00b0 x 100\u00b0. Cuando se utiliza el difusor de c\u00fapula opcional (#28116), el \u00e1ngulo de exposici\u00f3n es de aproximadamente 170\u00b0 x 150\u00b0.<\/p>\n<p>&nbsp;<\/p>\n<p><strong>Capta todos los momentos a gran velocidad gracias a la tecnolog\u00eda superior de flash continuo.<br \/>\n<\/strong>El YS-D3 DUO utiliza condensadores con una capacidad superior a la habitual en los flashes subacu\u00e1ticos.  Adem\u00e1s, el Sea &amp; Sea YS-D3 DUO est\u00e1 equipado con un circuito de carga de nuevo dise\u00f1o. Como resultado, el YS-D3 DUO puede destellar continuamente con un n\u00famero gu\u00eda de 16 sin ning\u00fan tiempo de intervalo. Y cuando se utiliza con un n\u00famero gu\u00eda de 22, el flash est\u00e1 listo para su uso una y otra vez en s\u00f3lo 0,6 segundos. El YS-D3 DUO dispone de una se\u00f1al de carga en dos pasos. Cuando se solicita al YS-D3 DUO una potencia de flash superior al n\u00famero gu\u00eda 22, la se\u00f1al de carga se emite en dos pasos. Despu\u00e9s de disparar el flash a la m\u00e1xima potencia del n\u00famero gu\u00eda 33, el flash emitir\u00e1 una se\u00f1al tanto visible como audible para hacerle saber que ya est\u00e1 listo para disparar el siguiente disparo con un n\u00famero gu\u00eda de 22. Y una vez que los condensadores est\u00e9n suficientemente cargados para destellar con un n\u00famero gu\u00eda de 33, se emitir\u00e1 una segunda se\u00f1al diferente. Esta tecnolog\u00eda le permite realizar disparos a velocidades que antes parec\u00edan casi imposibles. As\u00ed, \u00a1no se perder\u00e1 ni un momento!<\/p>\n<p class=\"h5\"><strong>Disparar en modo RC<br \/>\n<\/strong>Cuando se dispara en modo RC con una c\u00e1mara OM SYSTEMS (OLYMPUS), no es necesario realizar ajustes personalizados. Seleccione \"Disparo en modo RC\" en el ajuste del modo de flash en el lado de la c\u00e1mara; YS-D3 DUO debe estar ajustado en \"RC\" para el modo de disparo.<\/p>\n<p>*Para m\u00e1s informaci\u00f3n sobre el disparo en modo RC, consulte el manual de usuario de la c\u00e1mara que vaya a utilizar.<\/p>\n<p><strong>Luz direccional como luz de buceo.<br \/>\n<\/strong>El YS-D3 DUO est\u00e1 equipado con una l\u00e1mpara de enfoque\/apuntado de conmutaci\u00f3n manual. Esto le permite alinear con precisi\u00f3n el flash con el sujeto. Esto evita errores en momentos en los que no puede permit\u00edrselos. Adem\u00e1s, la c\u00e1mara subacu\u00e1tica puede enfocar m\u00e1s f\u00e1cil y a menudo m\u00e1s r\u00e1pido utilizando la luz auxiliar del flash. Esto tambi\u00e9n contribuye a un mejor control de tus tomas subacu\u00e1ticas.<\/p>\n<p>Gracias a su reflector de aluminio de dise\u00f1o exclusivo, esta linterna direccional es tan potente que incluso podr\u00eda funcionar como linterna de buceo. Y si te parece demasiado, puedes atenuarla a menos potencia con s\u00f3lo pulsar el bot\u00f3n de \"brillo en la oscuridad\" de la parte posterior de la linterna.<\/p>\n<p><strong>Visualizaci\u00f3n iluminada de los ajustes.<br \/>\n<\/strong>El flash YS-D3 DUO est\u00e1 equipado con una retroiluminaci\u00f3n en color de la pantalla. Cuando se dispara en condiciones de oscuridad, es posible leer los ajustes, como la potencia del flash y el ajuste de modo, especialmente bien. El color de la pantalla de la parte posterior del Sea &amp; Sea YS-D3 DUO cambia cada vez que se modifica el ajuste del interruptor de modo. Azul (en modo DS-TTLII), azul claro (en modo esclavo-TTL), naranja (en modo manual con flash previo) y verde (en modo manual sin flash previo)<\/p>\n<p><strong>\u00a0<\/strong><\/p>\n<p><strong>\u00d3ptico o electr\u00f3nico.<br \/>\n<\/strong>El flash subacu\u00e1tico YS-D3 DUO ofrece la posibilidad de utilizarlo en combinaci\u00f3n con una c\u00e1mara subacu\u00e1tica que controla el flash subacu\u00e1tico de forma \u00f3ptica a trav\u00e9s del cable de fibra \u00f3ptica. O electr\u00f3nicamente a trav\u00e9s del cable de sincronizaci\u00f3n conectado a la carcasa subacu\u00e1tica. En la parte frontal inferior del flash subacu\u00e1tico se encuentra el receptor esclavo para conectar el cable de fibra \u00f3ptica, que transmite la se\u00f1al del flash interno de la c\u00e1mara. En el lateral hay un segundo conector para conectar un segundo cable de fibra \u00f3ptica para controlar \u00f3pticamente un flash adicional.<\/p>\n<p>El conector electr\u00f3nico se encuentra en la parte inferior trasera de la unidad de flash. Es el cl\u00e1sico conector Sea &amp; Sea 5pin-S, que funciona con el cable Sea &amp; Sea Syncro #17100 para conectar una sola unidad de flash. O con el cable Sea &amp; Sea DUAL syncro # 03470 para controlar dos unidades de flash al mismo tiempo.<\/p>\n<p>Para el control del flash, Sea &amp; Sea cuenta con un disparador de flash manual de nuevo dise\u00f1o y un convertidor electr\u00f3nico YS, que se pueden montar opcionalmente en la carcasa subacu\u00e1tica.<\/p>\n<p><em>(* Si el YS-D3 se utiliza con una c\u00e1mara con flash incorporado en la carcasa, utilice \u00fanicamente los cables de fibra \u00f3ptica originales SEA &amp; SEA (#50128 Cable de fibra \u00f3ptica mediano \/ #50123 Cable de fibra \u00f3ptica grande \/ #50135 Cable de fibra \u00f3ptica peque\u00f1o). Es posible que las unidades de flash Sea &amp; Sea, especialmente en funciones como la exposici\u00f3n TTL autom\u00e1tica, no funcionen o no lo hagan correctamente si se utilizan cables no originales).<\/em><\/p>\n<p>&nbsp;<\/p>\n<p><strong>Soporte esf\u00e9rico<br \/>\n<\/strong>Para conectar el flash a un sistema de brazo o a una carcasa subacu\u00e1tica, la conexi\u00f3n universal de bola recta se incluye de serie en el paquete.<\/p>\n<p>Opcionalmente, est\u00e1 disponible la cl\u00e1sica conexi\u00f3n YS de Sea &amp; Sea. (Art\u00edculo: #12662 YS-Mount &amp; Screw system) Esto facilita el ajuste vertical del flash. O la nueva conexi\u00f3n de bola diagonal con un \u00e1ngulo de 35\u00b0, que facilita la colocaci\u00f3n del flash m\u00e1s atr\u00e1s, lo que lo hace m\u00e1s adecuado para su uso con un puerto de c\u00fapula. Adem\u00e1s, cuando el flash se controla electr\u00f3nicamente mediante el cable de sincronizaci\u00f3n, hay menos tensi\u00f3n en el cable con esta conexi\u00f3n de bola diagonal.<\/p>\n<p>&nbsp;<\/p>\n<p><strong><u>Especificaciones:<\/u><\/strong><\/p>\n<ul>\n<li>N\u00famero de gu\u00eda (ISO 100\/m pa\u00eds): 33 (Cuando se utiliza el difusor est\u00e1ndar: 28).<\/li>\n<li>\u00c1ngulo de exposici\u00f3n: 105\u00b0 x 80\u00b0 (sin difusor), (Cuando se utiliza el difusor est\u00e1ndar 110\u00b0 x 100\u00b0)<\/li>\n<li>Pilas: 4 x AAA: 6V - Ni-MH: 4,8V<\/li>\n<li>N\u00famero de destellos: Alcalina: 140 - Ni-MH: 220 (*1)<\/li>\n<li>Tiempo de reciclaje (descarga completa): Alcalina: 3,5 seg. - Ni-MH: 1,7 seg (*2)<\/li>\n<\/ul>\n<p><em>(*1)El n\u00famero de destellos y el tiempo de reciclado dependen de la marca de la pila, la temperatura y la frecuencia de uso).<\/em><\/p>\n<p><em>(*2) El n\u00famero de destellos y el tiempo de reciclado de las pilas Ni-MH se probaron con pilas de 2500 MAh).<\/em><\/p>\n<ul>\n<li>Temperatura de color: 5800 K.<\/li>\n<li>Temperatura de color con difusor est\u00e1ndar: 5500 K.<\/li>\n<li>Profundidad m\u00e1xima: 100 metros.<\/li>\n<li>Dimensiones (AnxAlxPr): 92 x 111 x 147 mm (sin incluir la conexi\u00f3n esf\u00e9rica)<\/li>\n<li>Peso: 610 gramos (sin pilas) (excluida la conexi\u00f3n de bola)<\/li>\n<li>Flotabilidad: Aproximadamente -20 gramos, negativo (incl. pilas y conexi\u00f3n de bola)<\/li>\n<\/ul>\n<p>&nbsp;<\/p>\n<p><strong>Otros:<\/strong><\/p>\n<ul>\n<li>Ajustes de exposici\u00f3n: DS-TTL II, TTL esclavo, Manual Bot\u00f3n de control del volumen de la luz (GN): 1 \/ 1,4 \/ 2 \/ 2,8 \/ 4 \/ 5,6 \/ 8\/11\/16\/22\/33 (11 pasos)<\/li>\n<li>Modo RC<\/li>\n<li>Funci\u00f3n Esclavo DS-TTL II<\/li>\n<li>Funci\u00f3n de desconexi\u00f3n autom\u00e1tica despu\u00e9s de 30 minutos<\/li>\n<li>Conexi\u00f3n electr\u00f3nica para: Cable sincro de 5 clavijas\/N, (#17100) o Cable sincro DUO (#03470).<\/li>\n<li>Conector \u00f3ptico para: Cable de fibra \u00f3ptica (#50128 Cable de fibra \u00f3ptica mediano \/ #50123 Cable de fibra \u00f3ptica grande \/ #50135 Cable de fibra \u00f3ptica peque\u00f1o)<\/li>\n<li>V\u00e1lvula de seguridad<\/li>\n<li>Luz LED de punter\u00eda\/enfoque (ajustable en 2 pasos)<\/li>\n<li>Se\u00f1al ac\u00fastica doble durante la carga del flash cuando est\u00e1 listo para usar.<\/li>\n<\/ul>\n<p><em><strong>Precio de venta al p\u00fablico: 879 euros, IVA incluido.<\/strong><\/em><\/p>\n<p><strong>Plazo de entrega: disponible en stock.<\/strong><\/p>\n<p>&nbsp;<\/p>\n<p><strong><u>Accesorios opcionales para la YS-D3 DUO:<\/u><\/strong><\/p>\n<p>&nbsp;<\/p>\n<p><strong>Difusor de c\u00fapula para YS-D3 DUO (#28116)<br \/>\n<\/strong>El difusor de c\u00fapula opcional aumenta el \u00e1ngulo de exposici\u00f3n a 170\u00b0\u00d7150\u00b0.  Este difusor es un accesorio necesario cuando se dispara con un objetivo gran angular u ojo de pez. O utilice este difusor cuando necesite una luz m\u00e1s suave. El n\u00famero de gu\u00eda disminuir\u00e1 aproximadamente -1,5 EV cuando el difusor est\u00e9 montado en el flash.<\/p>\n<p>Gracias a la conexi\u00f3n de bayoneta, este difusor puede montarse y desmontarse f\u00e1cilmente en la parte delantera del flash bajo el agua en un abrir y cerrar de ojos. El difusor puede equiparse con un cord\u00f3n de seguridad contra p\u00e9rdidas.<br \/>\n<em><br \/>\nPrecio de venta al p\u00fablico: 59 euros, IVA incluido.<\/em><\/p>\n<p><em>Plazo de entrega: Disponible en stock.<\/em><\/p>\n<p>&nbsp;<\/p>\n<p><strong>Snoot para YS-D3 DUO (#28115)<br \/>\n<\/strong>El Snoot estrecha el \u00e1ngulo de exposici\u00f3n de la YS-D3 DUO para una exposici\u00f3n precisa sobre un sujeto espec\u00edfico. El snoot se puede utilizar en 2 secciones. La abertura m\u00e1s estrecha es de 25 mm. Dentro del snoot, se incorpora un prisma para guiar la luz de enfoque desde la l\u00e1mpara de apunte\/enfoque hasta el centro del snoot.<\/p>\n<p>Gracias a la conexi\u00f3n de bayoneta, este Snoot, en lugar del difusor, puede montarse y desmontarse f\u00e1cilmente en la parte delantera del flash bajo el agua en un abrir y cerrar de ojos. El snoot puede ser equipado con un cord\u00f3n de seguridad contra p\u00e9rdidas.<\/p>\n<p><em>Precio de venta al p\u00fablico: 89 euros, IVA incluido.<\/em><\/p>\n<p><em>Plazo de entrega: Disponible en stock.<\/em><\/p>\n<p>&nbsp;<\/p>\n<p>&nbsp;<\/p>\n<p><strong>Prisma de flash para YS-D3 DUO (#50127)<br \/>\n<\/strong>Controle el YS-D3 DUO utilizando esta gu\u00eda \u00f3ptica. El prisma del flash subacu\u00e1tico se coloca en la conexi\u00f3n del cable \u00f3ptico en la parte delantera\/inferior del flash subacu\u00e1tico. Este accesorio es ideal cuando el flash se utiliza bajo el agua en una posici\u00f3n fija, alejado de la c\u00e1mara. Esto permite aplicar exposiciones originales y utilizar varias unidades de flash simult\u00e1neamente. Sigue siendo necesario utilizar un flash externo con control directo desde la c\u00e1mara. El prisma del flash debe alinearse con precisi\u00f3n para disparar el flash utilizando la fuente de luz externa. Se requiere pr\u00e1ctica.<\/p>\n<p><em>Precio de venta al p\u00fablico: 54,95 euros, IVA incluido.<\/em><\/p>\n<p><em>Plazo de entrega: Disponible en stock.<\/em><\/p>\n<p>&nbsp;<\/p>\n<p>&nbsp;<\/p>\n<p><strong>Conector de flash diagonal para flashes YS-D3\/D2 (#28117)<br \/>\n<\/strong>Esta conexi\u00f3n esf\u00e9rica se adapta a todos los modelos YS-D3, YS-D2 y YS-D1. Al utilizar esta conexi\u00f3n esf\u00e9rica de 35\u00b0, el flash puede colocarse en un \u00e1ngulo m\u00e1s favorable para primeros planos. Adem\u00e1s, el flash se puede alinear mejor cuando se utiliza un puerto de c\u00fapula de ojo de pez. Una ventaja adicional de esta conexi\u00f3n esf\u00e9rica en combinaci\u00f3n con el cable sincro electr\u00f3nico es que la conexi\u00f3n del cable a la unidad de flash sufre menos tensiones.<\/p>\n<p><em>Precio de venta al p\u00fablico: 52,95 euros, IVA incluido.<\/em><\/p>\n<p><em>Plazo de entrega: Disponible en stock.<\/em><\/p>\n<p>&nbsp;<\/p>\n<p>&nbsp;<\/p>\n<p><strong>Tapa de protecci\u00f3n contra flashes para YS-D3 DUO (#51291)<br \/>\n<\/strong>Proteja su preciada unidad de flash bajo el agua de ara\u00f1azos y, en medidas limitadas, de golpes con la ayuda de esta funda protectora de neopreno para flash. As\u00ed conservar\u00e1 su flash durante m\u00e1s tiempo y evitar\u00e1 posibles da\u00f1os permanentes en \u00e9l. La funda de neopreno tiene un efecto ligeramente positivo sobre la flotabilidad. La funda protectora de neopreno no cubre la parte delantera ni trasera del flash, por lo que podr\u00e1 seguir utilizando y manejando su flash en todas las condiciones.<\/p>\n<p><em>Precio de venta al p\u00fablico: 39,95 euros, IVA incluido.<\/em><\/p>\n<p><em>Plazo de entrega: Disponible en stock.<\/em><\/p>","protected":false},"excerpt":{"rendered":"<h2>Control total de la exposici\u00f3n para sus im\u00e1genes subacu\u00e1ticas con el nuevo flash subacu\u00e1tico Sea &amp; Sea YS-D3 DUO.<\/h2>","protected":false},"featured_media":656,"comment_status":"closed","ping_status":"closed","template":"","meta":{"_acf_changed":false},"product_cat":[27,142],"product_tag":[143,168,269,38,237,268,271,270],"class_list":{"0":"post-427","1":"product","2":"type-product","3":"status-publish","4":"has-post-thumbnail","6":"product_cat-geen-categorie","7":"product_cat-flitsers","8":"product_tag-flitser","9":"product_tag-onderwater","10":"product_tag-onderwaterfotografie","11":"product_tag-sea-sea","12":"product_tag-underwater","13":"product_tag-underwaterphotgraphy","14":"product_tag-ys-d3","15":"product_tag-ys-d3-duo","17":"first","18":"instock","19":"featured","20":"product-type-simple"},"acf":[],"_links":{"self":[{"href":"https:\/\/seaandsea.eu\/es\/wp-json\/wp\/v2\/product\/427","targetHints":{"allow":["GET"]}}],"collection":[{"href":"https:\/\/seaandsea.eu\/es\/wp-json\/wp\/v2\/product"}],"about":[{"href":"https:\/\/seaandsea.eu\/es\/wp-json\/wp\/v2\/types\/product"}],"replies":[{"embeddable":true,"href":"https:\/\/seaandsea.eu\/es\/wp-json\/wp\/v2\/comments?post=427"}],"wp:featuredmedia":[{"embeddable":true,"href":"https:\/\/seaandsea.eu\/es\/wp-json\/wp\/v2\/media\/656"}],"wp:attachment":[{"href":"https:\/\/seaandsea.eu\/es\/wp-json\/wp\/v2\/media?parent=427"}],"wp:term":[{"taxonomy":"product_cat","embeddable":true,"href":"https:\/\/seaandsea.eu\/es\/wp-json\/wp\/v2\/product_cat?post=427"},{"taxonomy":"product_tag","embeddable":true,"href":"https:\/\/seaandsea.eu\/es\/wp-json\/wp\/v2\/product_tag?post=427"}],"curies":[{"name":"wp","href":"https:\/\/api.w.org\/{rel}","templated":true}]}}