{"id":129,"date":"2024-02-16T08:13:37","date_gmt":"2024-02-16T07:13:37","guid":{"rendered":"https:\/\/eager-benz.45-82-188-209.plesk.page\/product\/optical-dome-port-ii-100-3-ersies-30133-30134-30135\/"},"modified":"2024-04-18T13:26:40","modified_gmt":"2024-04-18T11:26:40","slug":"optical-dome-port-ii-100-3-series","status":"publish","type":"product","link":"https:\/\/seaandsea.eu\/fi\/tuote\/optical-dome-port-ii-100-3-series\/","title":{"rendered":"Optinen kupoliportti II 100 (3 sarjaa)"},"content":{"rendered":"","protected":false},"excerpt":{"rendered":"<p>Optinen Dome Port II 100 (3 versiota)<br \/>\nTuotenro 30133 \/ 30134 \/ 30135<\/p>\n<p><span>Halkaisija 100 mm. SEA &amp; SEA:n pienikokoisin ja kevyin optinen kupoliportti. Suunniteltu yksinomaan kalansilm\u00e4objektiiveille.<br \/>\nOptinen kupoliportti ll 100 S (# 30133) (tilaustuote) Suunniteltu yksinomaan Nikon AF DX kalansilm\u00e4objektiiville Nikkor ED 10.5mm F2.8 Optinen kupoliportti ll 100 M (# 30134) Suunniteltu yksinomaan Tokina AT-X 107 DX kalansilm\u00e4objektiiville 10-17mm F3.5-4.5, Nikonin ja Canonin kameroille. Optinen kupoliportti ll 100 L (# 30135) Suunniteltu yksinomaan Canon EF 8-15mm F4L USM:lle ja Nikon AF-S Fisheye Nikkor 8-15mm F3.5-4.5 E ED:lle.<\/span><\/p>\n<p><span><strong>Ominaisuudet<\/strong><br \/>\n<\/span><span>\u30fb K\u00e4ytetty korkealaatuinen BK7-kristallilasi.<br \/>\n\u30fb Kuvanlaadun optimoimiseksi k\u00e4ytet\u00e4\u00e4n kahta erilaista heijastuksenestopinnoitetta, toinen optisten kupujen ulko- ja toinen sis\u00e4puolella. Kupolin ulkopuolella k\u00e4ytet\u00e4\u00e4n monikerrospinnoitetta, ja kupolien sis\u00e4puoli on p\u00e4\u00e4llystetty piidioksidipinnoitteella, joka est\u00e4\u00e4 tehokkaasti yliheijastumista ja haamukuvia. T\u00e4m\u00e4n tuloksena kunkin portin taitekerroin pienenee alle 0,01%:hen ja kupolit tuottavat eritt\u00e4in kontrastikkaita kuvia.<br \/>\nKuvanlaadun ero kalansilm\u00e4kuppiportin 240 ja optisen kupoliportin l 165 v\u00e4lill\u00e4 vastavalossa.<br \/>\nK\u00e4ytetty laitteisto: Canon 5D Mark lll ja EF 16-35mm F2.8L ll. Syvyys: 5 m<\/p>\n<p><strong>Tekniset tiedot<\/strong><br \/>\nMitat (DIAxD): 130 x 64,5 (S) \/ 81 (M) \/ 91 (L) mm \/ 5,1 x 2,5 (S) \/ 3,2 (M) \/ 3,6 (L) tuumaa.<br \/>\nPaino: (S) 423 g \/ 14.9 oz (M) 450 g \/ 15.9 oz (L)<br \/>\nSyvyysluokitus: 100m \/ 330ft<br \/>\nRakenne: POM-hartsi, BK7-kristallilasi (kupu) ja korroosionkest\u00e4v\u00e4 alumiiniseos (korkki).<br \/>\nLis\u00e4varusteet: K\u00e4ytt\u00f6ohjeet, sulkuventtiili, sulkulaatikko.<\/span><\/p>","protected":false},"featured_media":130,"comment_status":"closed","ping_status":"closed","template":"","meta":{"_acf_changed":false},"product_cat":[29,28],"product_tag":[30,31,32,33,34,35,36,37,38,39],"class_list":{"0":"post-129","1":"product","2":"type-product","3":"status-publish","4":"has-post-thumbnail","6":"product_cat-domeports","7":"product_cat-porten","8":"product_tag-30","9":"product_tag-31","10":"product_tag-32","11":"product_tag-33","12":"product_tag-dome","13":"product_tag-ii","14":"product_tag-optical","15":"product_tag-port","16":"product_tag-sea-sea","17":"product_tag-seasea","19":"first","20":"instock","21":"product-type-simple"},"acf":[],"_links":{"self":[{"href":"https:\/\/seaandsea.eu\/fi\/wp-json\/wp\/v2\/product\/129","targetHints":{"allow":["GET"]}}],"collection":[{"href":"https:\/\/seaandsea.eu\/fi\/wp-json\/wp\/v2\/product"}],"about":[{"href":"https:\/\/seaandsea.eu\/fi\/wp-json\/wp\/v2\/types\/product"}],"replies":[{"embeddable":true,"href":"https:\/\/seaandsea.eu\/fi\/wp-json\/wp\/v2\/comments?post=129"}],"wp:featuredmedia":[{"embeddable":true,"href":"https:\/\/seaandsea.eu\/fi\/wp-json\/wp\/v2\/media\/130"}],"wp:attachment":[{"href":"https:\/\/seaandsea.eu\/fi\/wp-json\/wp\/v2\/media?parent=129"}],"wp:term":[{"taxonomy":"product_cat","embeddable":true,"href":"https:\/\/seaandsea.eu\/fi\/wp-json\/wp\/v2\/product_cat?post=129"},{"taxonomy":"product_tag","embeddable":true,"href":"https:\/\/seaandsea.eu\/fi\/wp-json\/wp\/v2\/product_tag?post=129"}],"curies":[{"name":"wp","href":"https:\/\/api.w.org\/{rel}","templated":true}]}}