{"id":133,"date":"2024-02-16T08:13:37","date_gmt":"2024-02-16T07:13:37","guid":{"rendered":"https:\/\/eager-benz.45-82-188-209.plesk.page\/product\/optical-dome-port-ii-230-30137\/"},"modified":"2024-04-18T13:25:09","modified_gmt":"2024-04-18T11:25:09","slug":"optical-dome-port-ii-230","status":"publish","type":"product","link":"https:\/\/seaandsea.eu\/fi\/tuote\/optical-dome-port-ii-230\/","title":{"rendered":"Optinen kupoliportti II 230"},"content":{"rendered":"","protected":false},"excerpt":{"rendered":"<p>Optinen kupoliportti II 230<br \/>\nTuotenro 30137<\/p>\n<p>J\u00e4rjestelm\u00e4esimerkki<\/p>\n<p>Halkaisija 230 mm. Monipuolinen optinen kupoliportti, yhteensopiva erilaisten kalansilm\u00e4- ja laajakulmaobjektiivien kanssa. Tarjoaa parhaan kuvanlaadun, my\u00f6s oheiskuvan laadun. Soveltuu puoliksi vedenalaisiin ja puoliksi yl\u00e4puolisiin kuviin. Perifeerinen kuvanlaatu on viel\u00e4 parempi, kun sit\u00e4 k\u00e4ytet\u00e4\u00e4n sis\u00e4isen korjauslinssin kanssa.<\/p>\n<p><strong>Ominaisuudet<\/strong><br \/>\n\u30fb K\u00e4ytetty korkealaatuinen BK7-kristallilasi.<br \/>\n\u30fb Kuvanlaadun optimoimiseksi k\u00e4ytet\u00e4\u00e4n kahta erilaista heijastuksenestopinnoitetta, toinen optisten kupujen ulko- ja toinen sis\u00e4puolella. Kupolin ulkopinnalla k\u00e4ytet\u00e4\u00e4n monikerrospinnoitetta, ja kupolien sis\u00e4pinnalla on piidioksidipinnoite, joka est\u00e4\u00e4 tehokkaasti ylis\u00e4teilyn ja haamukuvien syntymisen. T\u00e4m\u00e4n tuloksena kunkin portin taitekerroin pienenee alle 0,01%:hen ja kupolit tuottavat eritt\u00e4in kontrastikkaita kuvia.<\/p>\n<p>Kuvanlaadun ero kalansilm\u00e4kuppiportin 240 ja optisen kupoliportin l 165 v\u00e4lill\u00e4 vastavalossa. K\u00e4ytetyt laitteet: Canon 5D Mark lll ja EF 16-35mm F2.8L ll. Syvyys: 5 m<\/p>\n<p><strong>Tekniset tiedot<\/strong><br \/>\nMitat (DIAxD): 250 x 120 mm \/ 9,8 x 4,7 tuumaa<br \/>\nPaino: Paino: noin 2100 g \/ 74,1 oz.<br \/>\nSyvyysluokitus: 100m \/ 330ft<br \/>\nRakenne: korroosionkest\u00e4v\u00e4 alumiiniseos (anodisoitu), BK7-kristallilasi (kupu) ja POM-hartsi (korkki).<br \/>\nLis\u00e4varusteet: Ohjekirja, optinen kupusuojaportti, porttikotelo.<\/p>","protected":false},"featured_media":134,"comment_status":"closed","ping_status":"closed","template":"","meta":{"_acf_changed":false},"product_cat":[29,28],"product_tag":[42,43,34,35,36,37,38],"class_list":{"0":"post-133","1":"product","2":"type-product","3":"status-publish","4":"has-post-thumbnail","6":"product_cat-domeports","7":"product_cat-porten","8":"product_tag-42","9":"product_tag-43","10":"product_tag-dome","11":"product_tag-ii","12":"product_tag-optical","13":"product_tag-port","14":"product_tag-sea-sea","16":"first","17":"instock","18":"product-type-simple"},"acf":[],"_links":{"self":[{"href":"https:\/\/seaandsea.eu\/fi\/wp-json\/wp\/v2\/product\/133","targetHints":{"allow":["GET"]}}],"collection":[{"href":"https:\/\/seaandsea.eu\/fi\/wp-json\/wp\/v2\/product"}],"about":[{"href":"https:\/\/seaandsea.eu\/fi\/wp-json\/wp\/v2\/types\/product"}],"replies":[{"embeddable":true,"href":"https:\/\/seaandsea.eu\/fi\/wp-json\/wp\/v2\/comments?post=133"}],"wp:featuredmedia":[{"embeddable":true,"href":"https:\/\/seaandsea.eu\/fi\/wp-json\/wp\/v2\/media\/134"}],"wp:attachment":[{"href":"https:\/\/seaandsea.eu\/fi\/wp-json\/wp\/v2\/media?parent=133"}],"wp:term":[{"taxonomy":"product_cat","embeddable":true,"href":"https:\/\/seaandsea.eu\/fi\/wp-json\/wp\/v2\/product_cat?post=133"},{"taxonomy":"product_tag","embeddable":true,"href":"https:\/\/seaandsea.eu\/fi\/wp-json\/wp\/v2\/product_tag?post=133"}],"curies":[{"name":"wp","href":"https:\/\/api.w.org\/{rel}","templated":true}]}}