{"id":1429,"date":"2024-09-11T12:35:07","date_gmt":"2024-09-11T10:35:07","guid":{"rendered":"https:\/\/seaandsea.eu\/?post_type=product&#038;p=1429"},"modified":"2024-09-11T12:35:07","modified_gmt":"2024-09-11T10:35:07","slug":"photo-video-light-kit-lx-1200sw-flood-spot-wit","status":"publish","type":"product","link":"https:\/\/seaandsea.eu\/fi\/tuote\/valokuva-video-valosarja-lx-1200sw-tulva-spot-valkoinen\/","title":{"rendered":"Valokuvaus-\/videovalaisinsarja LX-1200SW Flood &amp; Spot - valkoinen"},"content":{"rendered":"","protected":false},"excerpt":{"rendered":"<p>Valokuvaus-\/videovalaisinsarja LX-1200SW Flood &amp; Spot - Valkoinen<br \/>\nTuotenro 09135<\/p>\n<p>N\u00e4in kaunista ja kehittynytt\u00e4 vedenalainen valo-\/videovalaistus voi olla! Kyseess\u00e4 on Sea &amp; Sea -yhti\u00f6n uusi LX-valaisin. T\u00e4m\u00e4 korkealaatuinen lamppu <strong>JAPANS Brokerage<\/strong> olisi todella harkittava. Ly\u00f6n vetoa, ett\u00e4 laatu, muotoilu ja k\u00e4ytt\u00e4j\u00e4yst\u00e4v\u00e4llisyys tekev\u00e4t sinuun vaikutuksen. Uskaltaisimme melkeinp\u00e4 sanoa, ett\u00e4 mit\u00e4\u00e4n hienompaa j\u00e4rjestelm\u00e4\u00e4 ei ole olemassa.<\/p>\n<p>Lyhyt luettelo ominaisuuksista: (korostetaan edelleen alla).<\/p>\n<ol>\n<li><em>Kaksoislampputoiminto: Spot ja Flood kytkett\u00e4viss\u00e4 yhteen lamppuun.\u00a0<\/em><\/li>\n<li><em>COB LED valon kauneinta ja tasaisinta jakautumista varten.<\/em><\/li>\n<li><em>Tasaiset varjot monivarjojen sijaan COB:n ansiosta.<\/em><\/li>\n<li><em>100 tai 4 portaittain s\u00e4\u00e4dett\u00e4v\u00e4 valoteho, molempien lamppujen muistilla.<\/em><\/li>\n<li><em>Salamantunnistin, sammuttaa valaisimen lyhyesti, jos salama v\u00e4l\u00e4ht\u00e4\u00e4.<\/em><\/li>\n<li><em>Vaihdettavat valaisinp\u00e4\u00e4t tehon vaihtamiseksi.<\/em><\/li>\n<li><em>Vaihdettava ladattava akku, joka voidaan ladata lampussa tai erikseen ilman lamppua. K\u00e4tev\u00e4 yhdess\u00e4 toisen akun kanssa.\u00a0<\/em><\/li>\n<li><em>Selke\u00e4 luettava n\u00e4ytt\u00f6, jossa on t\u00e4ydellinen toiminton\u00e4ytt\u00f6. Yksinkertainen k\u00e4ytt\u00f6.<\/em><\/li>\n<li><em>Sis\u00e4lt\u00e4\u00e4 5 kiinnitysvaihtoehtoa.\u00a0<\/em><\/li>\n<\/ol>\n<p>&nbsp;<\/p>\n<p><strong>#1 - Kaksi valoa yhdess\u00e4: Flood ja Spot!<\/strong><\/p>\n<p>Valaisin voidaan vaihtaa laajakulma- ja kohdevalaistuksen v\u00e4lill\u00e4 ohjauspainikkeilla. Valokulma on 100\u00b0 laajakulmalla ja 30\u00b0 spottivalolla. T\u00e4m\u00e4 on k\u00e4tev\u00e4\u00e4, koska sen avulla voit helposti vaihtaa laajakulmasta spottivaloon ja spottivalosta laajakulmaan pit\u00e4m\u00e4ll\u00e4 on\/off\/valon s\u00e4\u00e4t\u00f6painiketta painettuna. Voit k\u00e4ytt\u00e4\u00e4 kohdevaloa katsellaksesi ymp\u00e4rillesi sukelluksen aikana ja vaihtaa sitten laajavaloon heti, kun haluat aloittaa kuvaamisen. Spot-valon etuna on se, ett\u00e4 se kuluttaa huomattavasti v\u00e4hemm\u00e4n virtaa kuin Flood-valo. Sinulla on siis enemm\u00e4n aikaa veden alla etsi\u00e4 ihanteellista kohdetta ennen kuin kytket suuren laajavalon p\u00e4\u00e4lle.<\/p>\n<p><strong>#2 - COB-valo, jossa on kaunein mahdollinen ihanteellinen \"keskitetty valonjako\".<\/strong><\/p>\n<p>Valonl\u00e4hteen\u00e4 on COB (LED), jolla on vakiintunut maine tasaisesta valonjakautumisesta. Alkuper\u00e4isess\u00e4 mallissa COB on muotoiltu donitsin muotoon. Leve\u00e4 valonl\u00e4hde on sijoitettu donitsin p\u00e4\u00e4lle ja valonheittimen LEDit on sijoitettu s\u00e4teilev\u00e4n pinnan keskelle (donitsin reik\u00e4). Optinen akseli on s\u00e4teilypinnan keskell\u00e4 riippumatta siit\u00e4, onko kyseess\u00e4 laaja- vai kohdevalaistus, ja se takaa aina optimaalisen valaistuksen.<\/p>\n<p><strong>Uudenlainen \"COB\".<\/strong><br \/>\nCOB on er\u00e4\u00e4nlainen LED. Se on lyhenne sanoista \"Chip on board\" (piirilevyll\u00e4 oleva siru), ja kuten nimest\u00e4 voi p\u00e4\u00e4tell\u00e4, useita LED-siruja on sijoitettu suoraan piirilevylle. Koska useat LED-sirut on sijoitettu keskitetysti, saavutetaan suuri valovoima. Suuri alue voidaan my\u00f6s valaista tasaisesti, koska valo s\u00e4teilee pinnan l\u00e4pi. SEA&amp;SEA on ensimm\u00e4inen Japanissa, joka on toteuttanut COB-valonl\u00e4hteen donitsin muotoon. Vaikka valoa olisi paljon, varjoja ei todenn\u00e4k\u00f6isesti synny keskelle, joten valo on tasaista.<\/p>\n<p><strong>#3 - COB-LEDin ansiosta v\u00e4ltyt\u00e4\u00e4n selv\u00e4sti monivarjostukselta.<\/strong><\/p>\n<p>COB poistaa \"monivarjot\" sek\u00e4 laajakulma- ett\u00e4 kohdevalaistuksessa. Luonnolliset varjot tuovat kohteen selv\u00e4sti ja ter\u00e4v\u00e4sti esiin, joten se on ihanteellinen valaisin valokuvaukseen ja videovalaistukseen.<\/p>\n<p><strong>Multi-varjot <\/strong><br \/>\nLED-valaistukselle ominaiset varjot. Kun kohdetta valaistaan LED-valaistuksella, joka koostuu lukuisista valaisevista osista, syntyy ep\u00e4luonnollisia moninkertaisia varjoja, jotka eroavat auringonvalon aiheuttamista varjoista. Useat varjot voivat peitt\u00e4\u00e4 kohteen \u00e4\u00e4riviivat ja heikent\u00e4\u00e4 sen n\u00e4kyvyytt\u00e4. Yksitt\u00e4inen COB-valonl\u00e4hde ei tuota moninkertaisia varjoja.<\/p>\n<p><strong># 4 - Nelj\u00e4 tai 100 askelta <\/strong><strong>valon s\u00e4\u00e4t\u00f6, jossa on muistin sammutus molemmille valonl\u00e4hteille.<\/strong><\/p>\n<p><strong>4-portainen valon s\u00e4\u00e4t\u00f6 (25%:n askelin) <\/strong><br \/>\nVoit s\u00e4\u00e4t\u00e4\u00e4 valoa 4-portaisesti painamalla on\/off\/valon s\u00e4\u00e4t\u00f6painiketta, kun valo on p\u00e4\u00e4ll\u00e4. Se kiert\u00e4\u00e4 v\u00e4lill\u00e4 25%, 50%, 75% ja 100% per painallus valon voimakkuuden s\u00e4\u00e4t\u00e4miseksi tilanteen mukaan. Valon voimakkuus n\u00e4kyy selv\u00e4sti %-n\u00e4yt\u00f6ll\u00e4.<\/p>\n<p><strong>100-portainen valons\u00e4\u00e4t\u00f6 (1%:n askelin) <\/strong><br \/>\nValon s\u00e4\u00e4t\u00f6 100 askeleella 0-100% tapahtuu vasemmalla ja oikealla puolella olevilla valon voimakkuuden s\u00e4\u00e4t\u00f6painikkeilla. Hienos\u00e4\u00e4t\u00f6 on mahdollista 1%:n askelin. Digitaalinen %:n hienos\u00e4\u00e4t\u00f6n\u00e4ytt\u00f6 on selv\u00e4sti luettavissa n\u00e4yt\u00f6st\u00e4.<\/p>\n<p><strong>Muistitoiminto <\/strong><br \/>\nLX-valaisimissa on \"muistitoiminto\", joka saa valaisimen s\u00e4ilytt\u00e4m\u00e4\u00e4n asetuksen, jossa se on sammutettu. Kun lamppu kytket\u00e4\u00e4n uudelleen p\u00e4\u00e4lle, se on samassa asetuksessa. joka syttyy uudelleen samalla valonvoimakkuudella kuin lamppu kytkettiin pois p\u00e4\u00e4lt\u00e4. Se on erityisen hy\u00f6dyllinen videokuvauksen aikana, koska se kytkeytyy p\u00e4\u00e4lle samalla valon voimakkuudella kuin silloin, kun lamppu kytkettiin pois p\u00e4\u00e4lt\u00e4.<\/p>\n<p><strong>#5 - Sis\u00e4\u00e4nrakennettu (kytkett\u00e4viss\u00e4 p\u00e4\u00e4lle ja pois) salamantunnistin ulkoisen salaman k\u00e4ytt\u00f6\u00e4 varten.\u00a0<\/strong><\/p>\n<p>Sea &amp; Sea LX -valaisimissa on \"salaman tunnistin\", joka havaitsee ulkoisen salaman salamavalon ja sammuttaa valon automaattisesti hetkeksi ja sytytt\u00e4\u00e4 sen uudelleen sekunnin kuluttua. Koska valo kytkeytyy pois p\u00e4\u00e4lt\u00e4 vastauksena salamavalon l\u00e4hett\u00e4miseen, videovalo ei vaikuta kuvaukseen, kun kohdevaloa k\u00e4ytet\u00e4\u00e4n esimerkiksi tarkennusvalona. Laajalla valolla voidaan etsi\u00e4 kohteita tai tarkastella ymp\u00e4rist\u00f6\u00e4 ja ottaa kuvia ilman huolta ep\u00e4tasaisesta valotuksesta tai v\u00e4rien haalistumisesta.<\/p>\n<p><strong>#6 - Tehonvaihto vaihtamalla valaisinp\u00e4\u00e4!<\/strong><\/p>\n<p>Kaikissa LX-valosarjoissa on sama kotelo. Valaisinp\u00e4\u00e4t ovat yhteensopivia. LX2400SW FS -valaisinp\u00e4\u00e4t\u00e4 voidaan k\u00e4ytt\u00e4\u00e4 2400 lm:n kotelona ja LX-4000SW FS -valaisinp\u00e4\u00e4t\u00e4 voidaan k\u00e4ytt\u00e4\u00e4 4000 lm:n kotelona, kun se asetetaan LX-1200SW FS -valaisimeen.<\/p>\n<p><em>*S\u00e4\u00e4t\u00f6\u00e4 on s\u00e4\u00e4dett\u00e4v\u00e4 lampun p\u00e4\u00e4n vaihtamisen j\u00e4lkeen.<\/em><em><br \/>\nLis\u00e4tietoja on k\u00e4ytt\u00f6oppaassa.<\/em><\/p>\n<p><strong>#7 - Kaksi akun latausvaihtoehtoa.\u00a0<\/strong><\/p>\n<p>Kompaktissa rungossa on suurikapasiteettinen 3400 mAh:n Li-ion-akku. Se voidaan ladata kahdella tavalla.<\/p>\n<p><strong>1.Charging kautta ulkovalaisin<\/strong><\/p>\n<p>Akku voidaan ladata suoraan kytkem\u00e4ll\u00e4 mukana toimitettu erityinen latauspistoke takaosassa kotelon takaosassa olevaan kaukos\u00e4\u00e4timen liittimeen (magneettinapa) samalla kun akku pysyy kytkettyn\u00e4 koteloon. Koska akkua ei tarvitse irrottaa kotelosta, ei ole vaaraa, ett\u00e4 se vuotaa lampun v\u00e4\u00e4r\u00e4nlaisesta sulkemisesta johtuen.<\/p>\n<p><strong>2. Lataus akun kautta, ilman lamppua<\/strong><\/p>\n<p>Akku voidaan irrottaa kotelosta ja ladata suoraan laturilla. N\u00e4in voit ty\u00f6skennell\u00e4 2 tai useamman akun kanssa. Kun lamppu on k\u00e4yt\u00f6ss\u00e4, vara-akkua voidaan ladata samanaikaisesti.<br \/>\n*On my\u00f6s mukava tiet\u00e4\u00e4, ett\u00e4 akku voidaan poistaa, kun se otetaan k\u00e4simatkatavaraksi lentokoneeseen.<\/p>\n<p><strong>#8 - Helppolukuinen n\u00e4ytt\u00f6 ja k\u00e4tev\u00e4 k\u00e4ytt\u00f6.<\/strong><\/p>\n<p>Erilaiset toiminnot n\u00e4kyv\u00e4t hyvin n\u00e4kyv\u00e4ll\u00e4 LCD-v\u00e4rin\u00e4yt\u00f6ll\u00e4. Valon voimakkuus ja j\u00e4ljell\u00e4 oleva valaistusaika, jotka ovat t\u00e4rkeimpi\u00e4 veden alla, n\u00e4kyv\u00e4t suurelta osin samassa helppolukuisessa n\u00e4yt\u00f6ss\u00e4. Valon voimakkuutta voidaan s\u00e4\u00e4t\u00e4\u00e4 s\u00e4\u00e4t\u00f6painikkeilla samalla, kun katsellaan paneelin n\u00e4ytt\u00f6\u00e4. Kun j\u00e4ljell\u00e4 oleva paristo on v\u00e4hiss\u00e4, valon voimakkuus v\u00e4henee automaattisesti 20%:een ja pariston merkkivalo vilkkuu. N\u00e4yt\u00f6ss\u00e4 n\u00e4kyy '10min' ja alkaa laskea alasp\u00e4in.<\/p>\n<p><strong>Lis\u00e4toiminnot ja -n\u00e4kym\u00e4t\u00a0<\/strong><\/p>\n<p>Valaisin on varustettu ominaisuuksilla, jotka ehk\u00e4isev\u00e4t mahdollisia ongelmia ja tarjoavat apua ep\u00e4todenn\u00e4k\u00f6isiss\u00e4 h\u00e4t\u00e4tilanteissa.<\/p>\n<p>Turvatila: Kun pariston varaus on v\u00e4hiss\u00e4, valon voimakkuus v\u00e4henee automaattisesti 20%:een ja pariston merkkivalo vilkkuu. N\u00e4yt\u00f6ss\u00e4 n\u00e4kyy \"10min\" ja alkaa laskea alasp\u00e4in.<\/p>\n<p>Korkean l\u00e4mp\u00f6tilan suojaustila: Jos valaisinp\u00e4\u00e4 saavuttaa 55 \u00b0C:n (131 \u00b0F) tai korkeamman l\u00e4mp\u00f6tilan k\u00e4yt\u00f6n aikana, se siirtyy automaattisesti suojaustilaan ja v\u00e4hent\u00e4\u00e4 valon voimakkuutta 20%:iin maksimista.<\/p>\n<p>Vilkkuva merkkitila: Se vilkkuu nopeasti pit\u00e4m\u00e4ll\u00e4 valon voimakkuuden s\u00e4\u00e4t\u00f6painiketta (+) ja on\/off\/valon s\u00e4\u00e4t\u00f6painiketta samanaikaisesti painettuna noin 2 sekunnin ajan. K\u00e4ytt\u00f6kelpoinen signaalina kaverillesi tai signaaleina y\u00f6sukellusten aikana.<\/p>\n<p>SOS-tila: Se vilkkuu h\u00e4t\u00e4signaalina pelastusta varten SOS-tilassa painamalla ja pit\u00e4m\u00e4ll\u00e4 valon voimakkuuden s\u00e4\u00e4t\u00f6painiketta (-) ja on\/off\/valon s\u00e4\u00e4t\u00f6painiketta samanaikaisesti painettuna noin 2 sekunnin ajan.<\/p>\n<p><strong>#9 - Laaja valikoima asennussovittimia<\/strong><\/p>\n<p>Pakkauksessa on useita sovittimia. Kuten Gun grip, jolla voit k\u00e4ytt\u00e4\u00e4 lamppua k\u00e4sivalaisimena. Ja my\u00f6s 4 kiinnikett\u00e4, YS-kiinnike, pallokiinnike, GoPro-kiinnike ja Loc-line-kiinnike, joita voidaan k\u00e4ytt\u00e4\u00e4 lampun kiinnitt\u00e4miseen halutulla tavalla varteen tai koteloon.<\/p>\n<p>Kukin kiinnike on kiinnitett\u00e4v\u00e4 tukevasti kiinnitysruuveilla, kun se on asetettu valaisimen kantaan.<\/p>","protected":false},"featured_media":1430,"comment_status":"open","ping_status":"closed","template":"","meta":{"_acf_changed":false},"product_cat":[274],"product_tag":[276,246,279,278,277,275,168,38,147,148,39],"class_list":{"0":"post-1429","1":"product","2":"type-product","3":"status-publish","4":"has-post-thumbnail","6":"product_cat-lampen","7":"product_tag-276","8":"product_tag-duiken","9":"product_tag-lamp","10":"product_tag-lampen","11":"product_tag-lights","12":"product_tag-lx-lights","13":"product_tag-onderwater","14":"product_tag-sea-sea","15":"product_tag-sea-and-sea","16":"product_tag-sea-en-sea","17":"product_tag-seasea","19":"first","20":"instock","21":"shipping-taxable","22":"product-type-simple"},"acf":[],"_links":{"self":[{"href":"https:\/\/seaandsea.eu\/fi\/wp-json\/wp\/v2\/product\/1429","targetHints":{"allow":["GET"]}}],"collection":[{"href":"https:\/\/seaandsea.eu\/fi\/wp-json\/wp\/v2\/product"}],"about":[{"href":"https:\/\/seaandsea.eu\/fi\/wp-json\/wp\/v2\/types\/product"}],"replies":[{"embeddable":true,"href":"https:\/\/seaandsea.eu\/fi\/wp-json\/wp\/v2\/comments?post=1429"}],"wp:featuredmedia":[{"embeddable":true,"href":"https:\/\/seaandsea.eu\/fi\/wp-json\/wp\/v2\/media\/1430"}],"wp:attachment":[{"href":"https:\/\/seaandsea.eu\/fi\/wp-json\/wp\/v2\/media?parent=1429"}],"wp:term":[{"taxonomy":"product_cat","embeddable":true,"href":"https:\/\/seaandsea.eu\/fi\/wp-json\/wp\/v2\/product_cat?post=1429"},{"taxonomy":"product_tag","embeddable":true,"href":"https:\/\/seaandsea.eu\/fi\/wp-json\/wp\/v2\/product_tag?post=1429"}],"curies":[{"name":"wp","href":"https:\/\/api.w.org\/{rel}","templated":true}]}}