{"id":1510,"date":"2025-03-31T17:15:35","date_gmt":"2025-03-31T15:15:35","guid":{"rendered":"https:\/\/seaandsea.eu\/?post_type=product&#038;p=1510"},"modified":"2025-03-31T17:16:56","modified_gmt":"2025-03-31T15:16:56","slug":"lx-snoot-for-lx-lights","status":"publish","type":"product","link":"https:\/\/seaandsea.eu\/fi\/tuote\/lx-suojus-lx-valoja-varten\/","title":{"rendered":"LX Snoot LX-Lightsille"},"content":{"rendered":"<p>LX-valaisimien yksinoikeus. Kun se on asennettu, se est\u00e4\u00e4 ymp\u00e4rist\u00f6\u00f6n osuvan valon ja valaisee kohteen tarkasti. Yksityiskohdat ja v\u00e4rit korostuvat, joten voit ottaa v\u00e4rikk\u00e4\u00e4mpi\u00e4 valokuvia. Se mahdollistaa kolmiulotteisen vaikutelman luomisen, valon ja varjojen kokeellisen k\u00e4yt\u00f6n sek\u00e4 ainutlaatuisen taiteellisen ilmaisun, joka poistaa mustan ja tuo kohteen esiin.<br \/>\n*LX-valaisimia on k\u00e4ytett\u00e4v\u00e4 \"valokeilatilassa\".<\/p>\n<p>Sarja perusrenkaita ja 3 erilaista sovitinta. Adaptereita on kolmea eri tyyppi\u00e4: 20 mm, 10 mm ja 5 mm. Adapterit voidaan vaihtaa s\u00e4teilytysalueen mukaan. My\u00f6s yhdistelmi\u00e4 20 mm + 10 mm ja 20 mm + 5 mm voidaan k\u00e4ytt\u00e4\u00e4, jolloin s\u00e4teilytys voidaan tehd\u00e4 kauempana kohteesta (valoa hieman v\u00e4hent\u00e4en).<\/p>","protected":false},"excerpt":{"rendered":"<p>LX-valaisimien yksinoikeus. Kun se on asennettu, se est\u00e4\u00e4 ymp\u00e4rist\u00f6\u00f6n osuvan valon ja antaa tarkan valaistuksen [...].<\/p>","protected":false},"featured_media":1511,"comment_status":"open","ping_status":"closed","template":"","meta":{"_acf_changed":false},"product_cat":[282],"product_tag":[251,246,277,275,168,38,147,148,39],"class_list":{"0":"post-1510","1":"product","2":"type-product","3":"status-publish","4":"has-post-thumbnail","6":"product_cat-accessoires-lampen","7":"product_tag-accessoires","8":"product_tag-duiken","9":"product_tag-lights","10":"product_tag-lx-lights","11":"product_tag-onderwater","12":"product_tag-sea-sea","13":"product_tag-sea-and-sea","14":"product_tag-sea-en-sea","15":"product_tag-seasea","17":"first","18":"instock","19":"featured","20":"shipping-taxable","21":"product-type-simple"},"acf":[],"_links":{"self":[{"href":"https:\/\/seaandsea.eu\/fi\/wp-json\/wp\/v2\/product\/1510","targetHints":{"allow":["GET"]}}],"collection":[{"href":"https:\/\/seaandsea.eu\/fi\/wp-json\/wp\/v2\/product"}],"about":[{"href":"https:\/\/seaandsea.eu\/fi\/wp-json\/wp\/v2\/types\/product"}],"replies":[{"embeddable":true,"href":"https:\/\/seaandsea.eu\/fi\/wp-json\/wp\/v2\/comments?post=1510"}],"wp:featuredmedia":[{"embeddable":true,"href":"https:\/\/seaandsea.eu\/fi\/wp-json\/wp\/v2\/media\/1511"}],"wp:attachment":[{"href":"https:\/\/seaandsea.eu\/fi\/wp-json\/wp\/v2\/media?parent=1510"}],"wp:term":[{"taxonomy":"product_cat","embeddable":true,"href":"https:\/\/seaandsea.eu\/fi\/wp-json\/wp\/v2\/product_cat?post=1510"},{"taxonomy":"product_tag","embeddable":true,"href":"https:\/\/seaandsea.eu\/fi\/wp-json\/wp\/v2\/product_tag?post=1510"}],"curies":[{"name":"wp","href":"https:\/\/api.w.org\/{rel}","templated":true}]}}