{"id":1515,"date":"2025-03-31T17:21:29","date_gmt":"2025-03-31T15:21:29","guid":{"rendered":"https:\/\/seaandsea.eu\/?post_type=product&#038;p=1515"},"modified":"2025-03-31T17:21:29","modified_gmt":"2025-03-31T15:21:29","slug":"lx-red-filter-for-lx-lights","status":"publish","type":"product","link":"https:\/\/seaandsea.eu\/fi\/tuote\/lx-punainen-suodatin-lx-valoille\/","title":{"rendered":"LX punainen suodatin LX-valoille"},"content":{"rendered":"<p>Halkaisijaltaan M52 punainen suodatin, joka kiinnitet\u00e4\u00e4n LX Lightin p\u00e4\u00e4h\u00e4n. T\u00e4m\u00e4 on tehokas, kun tarkkaillaan valolle herkki\u00e4 el\u00e4imi\u00e4. Ujoja el\u00e4imi\u00e4 tai ekologisia kohtauksia kuvattaessa tarkennusvalona voidaan k\u00e4ytt\u00e4\u00e4 punaista valoa, joka ei kuormita kohdetta liikaa, ja valon salamavalotunnistintoimintoa voidaan k\u00e4ytt\u00e4\u00e4 est\u00e4m\u00e4\u00e4n punaisen v\u00e4rin peittyminen kuvassa.<\/p>","protected":false},"excerpt":{"rendered":"<p>Halkaisijaltaan M52 punainen suodatin, joka kiinnitet\u00e4\u00e4n LX Lightin p\u00e4\u00e4h\u00e4n. T\u00e4m\u00e4 on tehokas, kun tarkkaillaan valolle herkki\u00e4 el\u00e4imi\u00e4. [...]<\/p>","protected":false},"featured_media":1518,"comment_status":"open","ping_status":"closed","template":"","meta":{"_acf_changed":false},"product_cat":[282,274],"product_tag":[275,38,147,148,39],"class_list":{"0":"post-1515","1":"product","2":"type-product","3":"status-publish","4":"has-post-thumbnail","6":"product_cat-accessoires-lampen","7":"product_cat-lampen","8":"product_tag-lx-lights","9":"product_tag-sea-sea","10":"product_tag-sea-and-sea","11":"product_tag-sea-en-sea","12":"product_tag-seasea","14":"first","15":"instock","16":"shipping-taxable","17":"product-type-simple"},"acf":[],"_links":{"self":[{"href":"https:\/\/seaandsea.eu\/fi\/wp-json\/wp\/v2\/product\/1515","targetHints":{"allow":["GET"]}}],"collection":[{"href":"https:\/\/seaandsea.eu\/fi\/wp-json\/wp\/v2\/product"}],"about":[{"href":"https:\/\/seaandsea.eu\/fi\/wp-json\/wp\/v2\/types\/product"}],"replies":[{"embeddable":true,"href":"https:\/\/seaandsea.eu\/fi\/wp-json\/wp\/v2\/comments?post=1515"}],"wp:featuredmedia":[{"embeddable":true,"href":"https:\/\/seaandsea.eu\/fi\/wp-json\/wp\/v2\/media\/1518"}],"wp:attachment":[{"href":"https:\/\/seaandsea.eu\/fi\/wp-json\/wp\/v2\/media?parent=1515"}],"wp:term":[{"taxonomy":"product_cat","embeddable":true,"href":"https:\/\/seaandsea.eu\/fi\/wp-json\/wp\/v2\/product_cat?post=1515"},{"taxonomy":"product_tag","embeddable":true,"href":"https:\/\/seaandsea.eu\/fi\/wp-json\/wp\/v2\/product_tag?post=1515"}],"curies":[{"name":"wp","href":"https:\/\/api.w.org\/{rel}","templated":true}]}}