{"id":225,"date":"2024-02-16T08:13:48","date_gmt":"2024-02-16T07:13:48","guid":{"rendered":"https:\/\/eager-benz.45-82-188-209.plesk.page\/product\/ys-01-flitser-03112\/"},"modified":"2024-04-18T11:46:25","modified_gmt":"2024-04-18T09:46:25","slug":"ys-01-flitser","status":"publish","type":"product","link":"https:\/\/seaandsea.eu\/fi\/tuote\/ys-01-salama\/","title":{"rendered":"YS-01 Flash"},"content":{"rendered":"","protected":false},"excerpt":{"rendered":"<p>YS-01<br \/>\nTuotenro 03112<\/p>\n<p>.<\/p>\n<p>Edullinen kompakti DS-TTL- ja k\u00e4sisalama kohdevalolla.<\/p>\n<p>Ominaisuudet:<br \/>\nMonipuoliset toiminnot yhdistettyn\u00e4 kompaktiin muotoiluun<br \/>\nPy\u00f6re\u00e4 s\u00e4dekulma 100\u00b0 x100\u00b0 ja ohjainluku jopa 20. YS-01 on uusi kompakti slave-stroboskooppi, jota voidaan k\u00e4ytt\u00e4\u00e4 kaikkiin sovelluksiin laajakulmakuvauksesta makrokuvaukseen.<br \/>\nVoit vaihtaa DS-TTL:n (Digital Slave TTL) ja kymmenportaisen k\u00e4sis\u00e4\u00e4t\u00f6tilan v\u00e4lill\u00e4, jolloin valotustaso voidaan s\u00e4\u00e4t\u00e4\u00e4 tarkasti valokuvaajan tarkoitusten mukaan. Voit my\u00f6s m\u00e4\u00e4ritt\u00e4\u00e4 valaistusj\u00e4rjestelm\u00e4n, jossa k\u00e4ytet\u00e4\u00e4n kahta salamalaitetta DS-TTL-tilassa. Virta tulee nelj\u00e4st\u00e4 AA-paristosta, joten salama on tehokas ja pitk\u00e4ik\u00e4inen. Voit ottaa kuvia koko p\u00e4iv\u00e4n ilman, ett\u00e4 sinun tarvitsee ladata paristoja. Kierr\u00e4tysaika kest\u00e4\u00e4 noin kaksi sekuntia nikkelimetallihydridiakkujen (2700 mAh) kanssa, joten jatkuva kuvaaminen on stressit\u00f6nt\u00e4. YS-01 on varustettu eritt\u00e4in kirkkaalla valkoisella LED-kohdevalaisimella (1 W), joka osoittaa etupuolelle kiinnitetyn salaman optisen akselin, mik\u00e4 on tehokas y\u00f6sukelluksessa.<br \/>\nVoit k\u00e4ytt\u00e4\u00e4 luovuuttasi t\u00e4ysill\u00e4 YS-01:n avulla, jota voidaan k\u00e4ytt\u00e4\u00e4 ensisijaisena salamana tai toissijaisena salamana monenlaisissa sovelluksissa, pienikokoisista digitaalisista kameroista digitaalisiin j\u00e4rjestelm\u00e4kameroihin.<\/p>\n<p>Tekniset tiedot:<br \/>\n[Ohjenumero (ISO 100 \/ m) (maa)] 20<br \/>\n[s\u00e4dekulma] 100 \u00b0 x 100 \u00b0 (diffuusorin kanssa 110 \u00b0 x 110 \u00b0)<br \/>\n[Paristot] 4xAA A: 6V Ni-MH: 4.8V<br \/>\n[V\u00e4l\u00e4hdysten m\u00e4\u00e4r\u00e4] A: 230 Ni-MH: 330<br \/>\n[Kierr\u00e4tysaika (t\u00e4ysi)] A: 2,5 sek. Ni-MH: 1,9 sek.<br \/>\n[V\u00e4ril\u00e4mp\u00f6tila] 5600K<br \/>\n[V\u00e4ril\u00e4mp\u00f6tila diffuusorin kanssa] 5250K<br \/>\n[Syvyysluokitus] 75m \/ 250ft<br \/>\n[Mitat (LxKxS)] 68x108x129mm \/ 2.7\u00d74.3\u00d75.2inch \/ 2.7\u00d74.3\u00d75.2inch<br \/>\n[Paino]: * Kiinnitt\u00e4\u00e4 kiinnityspultin stroboskooppiin.<br \/>\n[Vedenalainen paino]: noin +10 g \/ -0,4 oz (paristojen kanssa).<br \/>\n[Muut]<br \/>\n- Valotuksen s\u00e4\u00e4t\u00f6: DS-TTL, Valotustason s\u00e4\u00e4t\u00f6py\u00f6r\u00e4 (GN): 1 \/ 1,4 \/ 2 \/ 2,8 \/ 4 \/ 5,6 \/ 8\/11\/16\/20 (10 askelta).<br \/>\n- Esisalaman ohjaus: Varustettu esisalaman peruutustilalla.<br \/>\n- DS-TTL-toiminto<br \/>\n- Slave-toiminto<br \/>\n- Automaattinen sammutustoiminto<br \/>\n- Synkronointijohto: lasikuitukaapeli<br \/>\n- Ylipaineen varoventtiili<br \/>\n- LED kohdevalo<\/p>\n<p>&nbsp;<\/p>","protected":false},"featured_media":226,"comment_status":"closed","ping_status":"closed","template":"","meta":{"_acf_changed":false},"product_cat":[142],"product_tag":[38],"class_list":{"0":"post-225","1":"product","2":"type-product","3":"status-publish","4":"has-post-thumbnail","6":"product_cat-flitsers","7":"product_tag-sea-sea","9":"first","10":"outofstock","11":"product-type-simple"},"acf":[],"_links":{"self":[{"href":"https:\/\/seaandsea.eu\/fi\/wp-json\/wp\/v2\/product\/225","targetHints":{"allow":["GET"]}}],"collection":[{"href":"https:\/\/seaandsea.eu\/fi\/wp-json\/wp\/v2\/product"}],"about":[{"href":"https:\/\/seaandsea.eu\/fi\/wp-json\/wp\/v2\/types\/product"}],"replies":[{"embeddable":true,"href":"https:\/\/seaandsea.eu\/fi\/wp-json\/wp\/v2\/comments?post=225"}],"wp:featuredmedia":[{"embeddable":true,"href":"https:\/\/seaandsea.eu\/fi\/wp-json\/wp\/v2\/media\/226"}],"wp:attachment":[{"href":"https:\/\/seaandsea.eu\/fi\/wp-json\/wp\/v2\/media?parent=225"}],"wp:term":[{"taxonomy":"product_cat","embeddable":true,"href":"https:\/\/seaandsea.eu\/fi\/wp-json\/wp\/v2\/product_cat?post=225"},{"taxonomy":"product_tag","embeddable":true,"href":"https:\/\/seaandsea.eu\/fi\/wp-json\/wp\/v2\/product_tag?post=225"}],"curies":[{"name":"wp","href":"https:\/\/api.w.org\/{rel}","templated":true}]}}