{"id":227,"date":"2024-02-16T08:13:48","date_gmt":"2024-02-16T07:13:48","guid":{"rendered":"https:\/\/eager-benz.45-82-188-209.plesk.page\/product\/ys-03-flitser-03116\/"},"modified":"2024-04-18T11:46:37","modified_gmt":"2024-04-18T09:46:37","slug":"ys-03-flitser","status":"publish","type":"product","link":"https:\/\/seaandsea.eu\/fi\/tuote\/ys-03-salama\/","title":{"rendered":"YS-03 Flash"},"content":{"rendered":"","protected":false},"excerpt":{"rendered":"<p>YS-03<br \/>\nTuotenro 03116<br \/>\n.<\/p>\n<div class=\"text-wrap tlid-copy-target\">\n<div tabindex=\"0\"><\/div>\n<div class=\"result-shield-container tlid-copy-target\" tabindex=\"0\"><span class=\"tlid-translation translation\" lang=\"nl\"><span class=\"tlid-translation translation\" lang=\"nl\">Kuka tahansa voi nauttia TTL-salamavalokuvauksesta t\u00e4m\u00e4n edullisen,<br \/>\nHelppok\u00e4ytt\u00f6inen, kompakti vedenalainen salama.<\/span><\/span>Ominaisuudet:Helppo ja monipuolinen Slave TTL.<br \/>\nKoska YS-03 on suunniteltu j\u00e4ljittelem\u00e4\u00e4n kameran sis\u00e4\u00e4nrakennetun salaman valon voimakkuutta, valotehoa ei tarvitse s\u00e4\u00e4t\u00e4\u00e4 manuaalisesti. YS-03 on yhteensopiva mink\u00e4 tahansa kameran kanssa, jossa on etusalama, ja siin\u00e4 on TTL-salamavalotustoiminto merkist\u00e4 riippumatta. yksinkertainen k\u00e4ytt\u00f6<br \/>\nYS-03 on suunniteltu kaikkien vedenalaisten valokuvaajien k\u00e4ytt\u00f6\u00f6n, ja se on helppo ymm\u00e4rt\u00e4\u00e4. Ainoa hallintalaite on valintakiekko, ja k\u00e4\u00e4nt\u00e4m\u00e4ll\u00e4 kytkimen OFF:sta TTL:\u00e4\u00e4n voit ottaa kauniita kuvia.Mukana tulee diffuusori vakiona.<br \/>\nPuoliksi l\u00e4pikuultava osa hajottaa ja pehment\u00e4\u00e4 salaman valoa. Diffuusorin k\u00e4ytt\u00f6 tuottaa pehme\u00e4mpi\u00e4 ja tasaisemmin valottuneita kuvia. Diffuusori auttaa my\u00f6s v\u00e4hent\u00e4m\u00e4\u00e4n ylivalottuneiden kuvien vaikutuksia tai kun voimakas valo tuottaa varjoja\/varjoja kuvaan.Tekniset tiedot:<br \/>\n[Ohjenumero (ISO 100 \/ m) (maa)] 20<br \/>\n[s\u00e4dekulma] 100\u00b0 x 100\u00b0 (diffuusorin kanssa 110\u00b0 x 110\u00b0)<br \/>\n[Paristot] 4xAA A: 6V Ni-MH: 4.8V<br \/>\n[V\u00e4l\u00e4hdysten m\u00e4\u00e4r\u00e4] A: 230 Ni-MH: 330<br \/>\n[Kierr\u00e4tysaika (t\u00e4ysi)] A: 3,1 sek. Ni-MH: 2,5 sek.<br \/>\n[V\u00e4ril\u00e4mp\u00f6tila] 5600K<br \/>\n[V\u00e4ril\u00e4mp\u00f6tila diffuusorin kanssa] 5250K<br \/>\n[Syvyysluokitus] 75m \/ 250ft<br \/>\n[Mitat (LxKxS)] 68x108x129mm \/ 2.7\u00d74.3\u00d75.2 tuumaa].<br \/>\n[Paino]: (ilman paristoja) * Asennuspultti asennettu.<br \/>\n[Vedenalainen paino]: Paino: Noin +10g \/ 0.4oz (paristojen kanssa).<br \/>\n[Muut]<br \/>\n- Valotuksen s\u00e4\u00e4t\u00f6: Slave TTL<br \/>\n- Slave-toiminto<br \/>\n- Automaattinen sammutustoiminto<br \/>\n- Synkronointijohto: lasikuitukaapeli<br \/>\n- Ylipaineen varoventtiili<\/p>\n<\/div>\n<\/div>","protected":false},"featured_media":228,"comment_status":"closed","ping_status":"closed","template":"","meta":{"_acf_changed":false},"product_cat":[142],"product_tag":[38],"class_list":{"0":"post-227","1":"product","2":"type-product","3":"status-publish","4":"has-post-thumbnail","6":"product_cat-flitsers","7":"product_tag-sea-sea","9":"first","10":"instock","11":"product-type-simple"},"acf":[],"_links":{"self":[{"href":"https:\/\/seaandsea.eu\/fi\/wp-json\/wp\/v2\/product\/227","targetHints":{"allow":["GET"]}}],"collection":[{"href":"https:\/\/seaandsea.eu\/fi\/wp-json\/wp\/v2\/product"}],"about":[{"href":"https:\/\/seaandsea.eu\/fi\/wp-json\/wp\/v2\/types\/product"}],"replies":[{"embeddable":true,"href":"https:\/\/seaandsea.eu\/fi\/wp-json\/wp\/v2\/comments?post=227"}],"wp:featuredmedia":[{"embeddable":true,"href":"https:\/\/seaandsea.eu\/fi\/wp-json\/wp\/v2\/media\/228"}],"wp:attachment":[{"href":"https:\/\/seaandsea.eu\/fi\/wp-json\/wp\/v2\/media?parent=227"}],"wp:term":[{"taxonomy":"product_cat","embeddable":true,"href":"https:\/\/seaandsea.eu\/fi\/wp-json\/wp\/v2\/product_cat?post=227"},{"taxonomy":"product_tag","embeddable":true,"href":"https:\/\/seaandsea.eu\/fi\/wp-json\/wp\/v2\/product_tag?post=227"}],"curies":[{"name":"wp","href":"https:\/\/api.w.org\/{rel}","templated":true}]}}