{"id":251,"date":"2024-02-16T08:13:56","date_gmt":"2024-02-16T07:13:56","guid":{"rendered":"https:\/\/eager-benz.45-82-188-209.plesk.page\/product\/mdx-d850-behuizing-voor-nikon-d850-06187\/"},"modified":"2024-04-18T12:19:15","modified_gmt":"2024-04-18T10:19:15","slug":"mdx-d850-behuizing-voor-nikon-d850","status":"publish","type":"product","link":"https:\/\/seaandsea.eu\/fi\/tuote\/mdx-d850-kotelo-nikon-d850lle\/","title":{"rendered":"MDX-D850 kotelo Nikon D850:lle"},"content":{"rendered":"","protected":false},"excerpt":{"rendered":"<p><span class=\"tlid-translation translation\" lang=\"nl\">MDX-D850 (musta) (vain kotelo)<br \/>\nTuotenro 06187<\/p>\n<p>Vedenalainen kotelo Nikon D850:lle<\/p>\n<p><strong>Paljon kevyempi kuin aiemmat kotelot<\/strong>.<br \/>\nKotelon mitat ovat ennenn\u00e4kem\u00e4tt\u00f6m\u00e4n tarkan ty\u00f6st\u00f6n ansiosta samanlaiset kuin kameran mitat. Lis\u00e4ksi uudistettu sis\u00e4inen rakenne on my\u00f6s osaltaan v\u00e4hent\u00e4nyt painoa. MDX-D850 on noin 11% (350 g \/ 12,3 oz) kevyempi kuin edellinen MDX-D810-kotelo.<\/p>\n<p>Erilaisia hallintalaitteita voidaan k\u00e4ytt\u00e4\u00e4 kahvoista kiinni pit\u00e4en.<br \/>\nYleisesti k\u00e4ytetyt p\u00e4\u00e4- ja alas\u00e4\u00e4t\u00f6py\u00f6r\u00e4t sijaitsevat nyt suoraan kotelon oikealla puolella. ISO-, REC- ja muita kameran toimintoja voidaan s\u00e4\u00e4t\u00e4\u00e4 ulkoisilla vipuilla kahvasta kiinni pit\u00e4en. AF-lukitustoiminnon avulla voit kiinnitt\u00e4\u00e4 tarkennuspisteen halutulla tavalla.<\/p>\n<p>YS optinen muunnin \/ N1 voidaan rakentaa koteloon.<\/p>\n<p>Yhteensopiva optisen YS-muuntimen \/ N1 kanssa MDX-kotelolle, joka muuntaa kameran TTL-signaalin valotuskeng\u00e4n TTL-signaaliksi. Sek\u00e4 TTL- ett\u00e4 manuaalisia salama-asetuksia voidaan k\u00e4ytt\u00e4\u00e4 ja ohjata kotelosta kuituoptisen kaapelin II avulla.<br \/>\n* Optinen kaapeli II tarvitaan, kun k\u00e4ytet\u00e4\u00e4n optista YS-muunninta.<br \/>\n* Sarjanumerot 124000274 ja uudemmat ovat yhteensopivia Nikon D850:n kanssa. Sarjanumerot alle 124000274 eiv\u00e4t ole yhteensopivia. Tarvitaan uusi laiteohjelmisto ja\/tai muuntimen muuntaminen.<\/p>\n<p>Kaikissa s\u00e4\u00e4timiss\u00e4 on jousi (vaimennin), joka est\u00e4\u00e4 s\u00e4\u00e4timi\u00e4 liukumasta, vaikka kameroiden koot eroaisivat hieman toisistaan tai vaikka hammaspy\u00f6r\u00e4t tai muut osat kuluisivat hieman.<\/p>\n<p><strong>MDX-D850 Muut toiminnot<\/strong><br \/>\n-Portin lukitus est\u00e4\u00e4 porttia py\u00f6rim\u00e4st\u00e4 tai irtoamasta, ja portin lukitusvipu on sijoitettu siten, ett\u00e4 se est\u00e4\u00e4 portin lukituksen avaamisen vahingossa.<br \/>\n-Kotelossa on objektiivin lukituspainike, jonka avulla objektiivit on helppo vaihtaa avaamatta koteloa.<br \/>\n-Kameran diopteris\u00e4\u00e4dint\u00e4 voidaan k\u00e4ytt\u00e4\u00e4 kotelon ulkopuolelta. T\u00e4m\u00e4 ominaisuus on hy\u00f6dyllinen, kun koteloa k\u00e4ytt\u00e4\u00e4 kaksi tai useampi henkil\u00f6, joilla on erilainen n\u00e4k\u00f6kyky.<br \/>\n-Tarkennus-\/zoomauspy\u00f6r\u00e4n pident\u00e4minen antaa koteloon riitt\u00e4v\u00e4sti tilaa, jotta halkaisijaltaan suuremmat objektiivit mahtuvat helposti.<br \/>\nKaikissa ohjaimissa on Glow in the dark -tarrat, jotka syttyv\u00e4t pime\u00e4ss\u00e4 ymp\u00e4rist\u00f6ss\u00e4.<br \/>\n-Varustettu optisella etsimell\u00e4 vakiona 0,5x. Muita valinnaisia etsimi\u00e4, kuten VF180 1,2x, VF45 1,2x ja optinen etsin 0,8x, voidaan k\u00e4ytt\u00e4\u00e4.<br \/>\n* Kun VF180 1.2x on asennettu MDX-D850:n koteloon, kameran etsimen alaosaa (jossa kuvaustiedot n\u00e4kyv\u00e4t) ei voi tarkastella valon roskien vuoksi.<br \/>\n-Synkronointijohto 2-nastainen liitin mahdollistaa perinteisen kiinte\u00e4n synkronointikaapelin k\u00e4yt\u00f6n (vain manuaalinen tila).<br \/>\n-Lis\u00e4varusteportti mahdollistaa Leak Sentinelin (tyhji\u00f6anturi) k\u00e4yt\u00f6n.<br \/>\n-Varustettu kahdella sinkkidiodilla (toinen edess\u00e4 ja toinen takana) elektrolyysin aiheuttamien vaurioiden est\u00e4miseksi.<br \/>\n-Sis\u00e4\u00e4nrakennettu vuotoanturi h\u00e4lytt\u00e4\u00e4 v\u00e4litt\u00f6m\u00e4sti veden tunkeutumisesta.<br \/>\n-Jalustan ruuvikiinnitys sijaitsee kotelon keskell\u00e4 olevassa pohjassa.<\/p>\n<p><strong>Tekniset tiedot<\/strong><br \/>\nMDX-D850<br \/>\n[Rakenne] Runko: korroosionkest\u00e4v\u00e4 alumiiniseos (ty\u00f6stetty).<br \/>\nKahva: korroosionkest\u00e4v\u00e4 valettu alumiiniseos<br \/>\n[Syvyysluokitus] 100m \/ 330ft<br \/>\n[Mitat (LxKxS)] 346 x 202 x 140 mm \/ 13,6 x 8,0 x 5,5 tuumaa \/ 13,6 x 8,0 x 5,5 tuumaa].<br \/>\n[Paino] Noin 2850 g \/ 101oz (vain kotelo)<\/span><\/p>","protected":false},"featured_media":252,"comment_status":"closed","ping_status":"closed","template":"","meta":{"_acf_changed":false},"product_cat":[150],"product_tag":[151,152,153,155,54,38,147,148],"class_list":{"0":"post-251","1":"product","2":"type-product","3":"status-publish","4":"has-post-thumbnail","6":"product_cat-behuizingen","7":"product_tag-behuizing","8":"product_tag-camera","9":"product_tag-camerabehuizing","10":"product_tag-d850","11":"product_tag-nikon","12":"product_tag-sea-sea","13":"product_tag-sea-and-sea","14":"product_tag-sea-en-sea","16":"first","17":"instock","18":"product-type-simple"},"acf":[],"_links":{"self":[{"href":"https:\/\/seaandsea.eu\/fi\/wp-json\/wp\/v2\/product\/251","targetHints":{"allow":["GET"]}}],"collection":[{"href":"https:\/\/seaandsea.eu\/fi\/wp-json\/wp\/v2\/product"}],"about":[{"href":"https:\/\/seaandsea.eu\/fi\/wp-json\/wp\/v2\/types\/product"}],"replies":[{"embeddable":true,"href":"https:\/\/seaandsea.eu\/fi\/wp-json\/wp\/v2\/comments?post=251"}],"wp:featuredmedia":[{"embeddable":true,"href":"https:\/\/seaandsea.eu\/fi\/wp-json\/wp\/v2\/media\/252"}],"wp:attachment":[{"href":"https:\/\/seaandsea.eu\/fi\/wp-json\/wp\/v2\/media?parent=251"}],"wp:term":[{"taxonomy":"product_cat","embeddable":true,"href":"https:\/\/seaandsea.eu\/fi\/wp-json\/wp\/v2\/product_cat?post=251"},{"taxonomy":"product_tag","embeddable":true,"href":"https:\/\/seaandsea.eu\/fi\/wp-json\/wp\/v2\/product_tag?post=251"}],"curies":[{"name":"wp","href":"https:\/\/api.w.org\/{rel}","templated":true}]}}