{"id":263,"date":"2024-02-16T08:13:56","date_gmt":"2024-02-16T07:13:56","guid":{"rendered":"https:\/\/eager-benz.45-82-188-209.plesk.page\/product\/system-charts-for-sony-mdx\/"},"modified":"2024-02-16T08:13:58","modified_gmt":"2024-02-16T07:13:58","slug":"system-charts-for-sony-mdx","status":"publish","type":"product","link":"https:\/\/seaandsea.eu\/fi\/tuote\/system-charts-for-sony-mdx\/","title":{"rendered":"Sony MDX:n j\u00e4rjestelm\u00e4kaaviot"},"content":{"rendered":"","protected":false},"excerpt":{"rendered":"<p>J\u00e4rjestelm\u00e4kaavio Sony MDX -peilitt\u00f6mille koteloille<\/p>\n<p>&nbsp;<\/p>\n<p>Sony Alpha 6000\/6300\/6500 &amp; Alpha 7II -malleihin.<br \/>\n<em><strong>klikkaa t\u00e4st\u00e4<\/strong><\/em>: <a href=\"http:\/\/www.seaandsea.jp\/products\/system_chart\/mdx_sony.html\">http:\/\/www.seaandsea.jp\/products\/system_chart\/mdx_sony.html<\/a><\/p>\n<p>Sony Alpha 7III:lle<br \/>\nKlikkaa t\u00e4st\u00e4: <a href=\"http:\/\/www.seaandsea.jp\/products\/system_chart\/mdx_a7.html\">http:\/\/www.seaandsea.jp\/products\/system_chart\/mdx_a7.html<\/a><\/p>\n<p>&nbsp;<\/p>\n<p>&nbsp;<\/p>\n<p>&nbsp;<\/p>\n<p>&nbsp;<\/p>","protected":false},"featured_media":264,"comment_status":"closed","ping_status":"open","template":"","meta":{"_acf_changed":false},"product_cat":[150],"product_tag":[38],"class_list":{"0":"post-263","1":"product","2":"type-product","3":"status-publish","4":"has-post-thumbnail","6":"product_cat-behuizingen","7":"product_tag-sea-sea","9":"first","10":"instock","11":"product-type-simple"},"acf":[],"_links":{"self":[{"href":"https:\/\/seaandsea.eu\/fi\/wp-json\/wp\/v2\/product\/263","targetHints":{"allow":["GET"]}}],"collection":[{"href":"https:\/\/seaandsea.eu\/fi\/wp-json\/wp\/v2\/product"}],"about":[{"href":"https:\/\/seaandsea.eu\/fi\/wp-json\/wp\/v2\/types\/product"}],"replies":[{"embeddable":true,"href":"https:\/\/seaandsea.eu\/fi\/wp-json\/wp\/v2\/comments?post=263"}],"wp:featuredmedia":[{"embeddable":true,"href":"https:\/\/seaandsea.eu\/fi\/wp-json\/wp\/v2\/media\/264"}],"wp:attachment":[{"href":"https:\/\/seaandsea.eu\/fi\/wp-json\/wp\/v2\/media?parent=263"}],"wp:term":[{"taxonomy":"product_cat","embeddable":true,"href":"https:\/\/seaandsea.eu\/fi\/wp-json\/wp\/v2\/product_cat?post=263"},{"taxonomy":"product_tag","embeddable":true,"href":"https:\/\/seaandsea.eu\/fi\/wp-json\/wp\/v2\/product_tag?post=263"}],"curies":[{"name":"wp","href":"https:\/\/api.w.org\/{rel}","templated":true}]}}