{"id":271,"date":"2024-02-16T08:13:56","date_gmt":"2024-02-16T07:13:56","guid":{"rendered":"https:\/\/eager-benz.45-82-188-209.plesk.page\/product\/sa8-ball-clamp-ii-22139\/"},"modified":"2024-04-19T15:05:20","modified_gmt":"2024-04-19T13:05:20","slug":"sa8-ball-clamp-ii-22139","status":"publish","type":"product","link":"https:\/\/seaandsea.eu\/fi\/tuote\/sa8-ball-clamp-ii-22139\/","title":{"rendered":"SA8 pallopuristin II"},"content":{"rendered":"","protected":false},"excerpt":{"rendered":"<p>SA8 pallopuristin II<br \/>\ntuote: 22138<\/p>\n<p>Sea &amp; Sea -varsij\u00e4rjestelm\u00e4ss\u00e4 Sea Arm 8 on monia mahdollisuuksia. Se on modulaarinen, joten se voidaan mukauttaa mihin tahansa kameraj\u00e4rjestelm\u00e4\u00e4n.<br \/>\nSA8 on valmistettu korkealaatuisista materiaaleista, joten se on vankka ja kest\u00e4v\u00e4 k\u00e4yt\u00f6ss\u00e4.<\/p>\n<p>Tutustu my\u00f6s muihin elementteihin, jotta voit kiinnitt\u00e4\u00e4 ja k\u00e4ytt\u00e4\u00e4 valotusta optimaalisesti kamerasarjassa.<\/p>","protected":false},"featured_media":272,"comment_status":"closed","ping_status":"closed","template":"","meta":{"_acf_changed":false},"product_cat":[171,172],"product_tag":[173,174,38,175],"class_list":{"0":"post-271","1":"product","2":"type-product","3":"status-publish","4":"has-post-thumbnail","6":"product_cat-arm-systemen","7":"product_cat-sea-arm","8":"product_tag-ball-clamb","9":"product_tag-sa8","10":"product_tag-sea-sea","11":"product_tag-sea-arm-8","13":"first","14":"instock","15":"product-type-simple"},"acf":[],"_links":{"self":[{"href":"https:\/\/seaandsea.eu\/fi\/wp-json\/wp\/v2\/product\/271","targetHints":{"allow":["GET"]}}],"collection":[{"href":"https:\/\/seaandsea.eu\/fi\/wp-json\/wp\/v2\/product"}],"about":[{"href":"https:\/\/seaandsea.eu\/fi\/wp-json\/wp\/v2\/types\/product"}],"replies":[{"embeddable":true,"href":"https:\/\/seaandsea.eu\/fi\/wp-json\/wp\/v2\/comments?post=271"}],"wp:featuredmedia":[{"embeddable":true,"href":"https:\/\/seaandsea.eu\/fi\/wp-json\/wp\/v2\/media\/272"}],"wp:attachment":[{"href":"https:\/\/seaandsea.eu\/fi\/wp-json\/wp\/v2\/media?parent=271"}],"wp:term":[{"taxonomy":"product_cat","embeddable":true,"href":"https:\/\/seaandsea.eu\/fi\/wp-json\/wp\/v2\/product_cat?post=271"},{"taxonomy":"product_tag","embeddable":true,"href":"https:\/\/seaandsea.eu\/fi\/wp-json\/wp\/v2\/product_tag?post=271"}],"curies":[{"name":"wp","href":"https:\/\/api.w.org\/{rel}","templated":true}]}}