{"id":317,"date":"2024-02-16T08:14:02","date_gmt":"2024-02-16T07:14:02","guid":{"rendered":"https:\/\/eager-benz.45-82-188-209.plesk.page\/product\/fiber-optical-cable-l-50133\/"},"modified":"2024-04-18T12:14:46","modified_gmt":"2024-04-18T10:14:46","slug":"fiber-optical-cable-l","status":"publish","type":"product","link":"https:\/\/seaandsea.eu\/fi\/tuote\/kuituoptinen-kaapeli-l\/","title":{"rendered":"Valokaapeli L"},"content":{"rendered":"","protected":false},"excerpt":{"rendered":"<p>Kuituoptinen kaapeli II L\/2-liittimet<br \/>\nTuotenro 50133<\/p>\n<p>Laadukkaimmassa valokuitukaapelissa on 613 kuitua (ydint\u00e4). Vaikka kaapeli taipuu, valon vaimeneminen on minimaalista. Siksi valosignaali l\u00e4hetet\u00e4\u00e4n stroboskoopille ilman h\u00e4vi\u00f6it\u00e4. Yksikuituisiin kaapeleihin verrattuna valokaapeli II kest\u00e4\u00e4 paremmin v\u00e4\u00e4ristymi\u00e4, taivutusta ja fyysisi\u00e4 iskuja.<\/p>\n<p><strong>Tekniset tiedot<\/strong><br \/>\n<span title=\"\">Rakenne: metakryylihartsi<\/span><br \/>\n<span title=\"\">Kuidun halkaisija: 1,5 mm \/ 0,059 tuumaa.<\/span><br \/>\n<span title=\"\">Kaapelin halkaisija: 2.7 mm \/ 0.105 tuumaa<\/span><br \/>\n<span title=\"\">Pituus: 725 mm \/ 28,5 tuumaa<\/span><\/p>","protected":false},"featured_media":318,"comment_status":"closed","ping_status":"closed","template":"","meta":{"_acf_changed":false},"product_cat":[44,184],"product_tag":[38],"class_list":{"0":"post-317","1":"product","2":"type-product","3":"status-publish","4":"has-post-thumbnail","6":"product_cat-accessoires","7":"product_cat-flitser-accessoires","8":"product_tag-sea-sea","10":"first","11":"instock","12":"product-type-simple"},"acf":[],"_links":{"self":[{"href":"https:\/\/seaandsea.eu\/fi\/wp-json\/wp\/v2\/product\/317","targetHints":{"allow":["GET"]}}],"collection":[{"href":"https:\/\/seaandsea.eu\/fi\/wp-json\/wp\/v2\/product"}],"about":[{"href":"https:\/\/seaandsea.eu\/fi\/wp-json\/wp\/v2\/types\/product"}],"replies":[{"embeddable":true,"href":"https:\/\/seaandsea.eu\/fi\/wp-json\/wp\/v2\/comments?post=317"}],"wp:featuredmedia":[{"embeddable":true,"href":"https:\/\/seaandsea.eu\/fi\/wp-json\/wp\/v2\/media\/318"}],"wp:attachment":[{"href":"https:\/\/seaandsea.eu\/fi\/wp-json\/wp\/v2\/media?parent=317"}],"wp:term":[{"taxonomy":"product_cat","embeddable":true,"href":"https:\/\/seaandsea.eu\/fi\/wp-json\/wp\/v2\/product_cat?post=317"},{"taxonomy":"product_tag","embeddable":true,"href":"https:\/\/seaandsea.eu\/fi\/wp-json\/wp\/v2\/product_tag?post=317"}],"curies":[{"name":"wp","href":"https:\/\/api.w.org\/{rel}","templated":true}]}}