{"id":319,"date":"2024-02-16T08:14:02","date_gmt":"2024-02-16T07:14:02","guid":{"rendered":"https:\/\/eager-benz.45-82-188-209.plesk.page\/product\/5-pin-sync-cord-n-17100\/"},"modified":"2024-04-18T12:14:56","modified_gmt":"2024-04-18T10:14:56","slug":"5-pin-sync-cord-n","status":"publish","type":"product","link":"https:\/\/seaandsea.eu\/fi\/tuote\/5-nastainen-synkronointijohto-n\/","title":{"rendered":"5-nastainen synkronointijohto\/N"},"content":{"rendered":"","protected":false},"excerpt":{"rendered":"<p>5-nastainen synkronointijohto\/N<br \/>\nTuotenro.17100<\/p>\n<p>5-nastainen synkronointijohto\/N tarvitaan salaman elektroniseen ohjaukseen kamerasta, jossa on kotelo. Johdon toisella puolella on liitin Sea &amp; Sea YS-D1 \/ D2 -salamalle ja toisella puolella Nikonin 5-nastainen yleisliitin. T\u00e4m\u00e4 5-nastainen N-liitin sopii enemm\u00e4n tai v\u00e4hemm\u00e4n useimpien merkkien vedenalaisiin koteloihin.<\/p>\n<p>Mukana 2 suojakorkkia, jotka pit\u00e4v\u00e4t kaapelit puhtaina ja kuivina kuljetuksen aikana.<br \/>\nTulpat pysyv\u00e4t vesitiiviisti pistorasiassa o-renkaan avulla. Kuten salama, t\u00e4m\u00e4kin on pidett\u00e4v\u00e4 puhtaana ja huollettuna.<\/p>","protected":false},"featured_media":320,"comment_status":"closed","ping_status":"closed","template":"","meta":{"_acf_changed":false},"product_cat":[44,184],"product_tag":[38],"class_list":{"0":"post-319","1":"product","2":"type-product","3":"status-publish","4":"has-post-thumbnail","6":"product_cat-accessoires","7":"product_cat-flitser-accessoires","8":"product_tag-sea-sea","10":"first","11":"instock","12":"product-type-simple"},"acf":[],"_links":{"self":[{"href":"https:\/\/seaandsea.eu\/fi\/wp-json\/wp\/v2\/product\/319","targetHints":{"allow":["GET"]}}],"collection":[{"href":"https:\/\/seaandsea.eu\/fi\/wp-json\/wp\/v2\/product"}],"about":[{"href":"https:\/\/seaandsea.eu\/fi\/wp-json\/wp\/v2\/types\/product"}],"replies":[{"embeddable":true,"href":"https:\/\/seaandsea.eu\/fi\/wp-json\/wp\/v2\/comments?post=319"}],"wp:featuredmedia":[{"embeddable":true,"href":"https:\/\/seaandsea.eu\/fi\/wp-json\/wp\/v2\/media\/320"}],"wp:attachment":[{"href":"https:\/\/seaandsea.eu\/fi\/wp-json\/wp\/v2\/media?parent=319"}],"wp:term":[{"taxonomy":"product_cat","embeddable":true,"href":"https:\/\/seaandsea.eu\/fi\/wp-json\/wp\/v2\/product_cat?post=319"},{"taxonomy":"product_tag","embeddable":true,"href":"https:\/\/seaandsea.eu\/fi\/wp-json\/wp\/v2\/product_tag?post=319"}],"curies":[{"name":"wp","href":"https:\/\/api.w.org\/{rel}","templated":true}]}}