{"id":331,"date":"2024-02-16T08:14:08","date_gmt":"2024-02-16T07:14:08","guid":{"rendered":"https:\/\/eager-benz.45-82-188-209.plesk.page\/product\/handvat-met-drijfvermogen-46124-46131-46132\/"},"modified":"2024-04-19T15:00:28","modified_gmt":"2024-04-19T13:00:28","slug":"handvat-met-drijfvermogen","status":"publish","type":"product","link":"https:\/\/seaandsea.eu\/fi\/tuote\/kahva-virralla\/","title":{"rendered":"Kelluvuuskahva"},"content":{"rendered":"","protected":false},"excerpt":{"rendered":"<p>Kelluvuuskahva<br \/>\nTuotenro 46124<\/p>\n<p>Musta: 46124<\/p>\n<p>Monipuolinen lautta, jota voidaan k\u00e4ytt\u00e4\u00e4 kelluntavarrena ja kahvana.<\/p>\n<p>&nbsp;<\/p>\n<p>Maalla kahvan avulla voit kuljettaa koteloa turvallisesti sen ergonomisen muotoilun ja joustamattoman materiaalin ansiosta. Veden alla kahva toimii kellukkeena, ja koska se kelluu, se ei h\u00e4iritse kotelon toimintaa.<\/p>\n<p>Lis\u00e4varusteena saatavan SA8-kiinte\u00e4n kuulapohjan asennussarjan avulla voidaan kiinnitt\u00e4\u00e4 kaksi SA8-kiinte\u00e4\u00e4 kuulapohjaa kelluntavarren kahvaan. N\u00e4in voit k\u00e4ytt\u00e4\u00e4 kahvaa salamavarrena tai mukauttaa sen omien ideoiden mukaan.<\/p>\n<p><strong>Tekniset tiedot<br \/>\n<\/strong>Rakenne: polyeteeni<br \/>\nSyvyysluokitus: 50 m \/ 165 ft.<br \/>\nK\u00e4ytt\u00f6l\u00e4mp\u00f6tila: 1-40 astetta Celsiusta \/ 32-104 astetta Fahrenheitia.<br \/>\nMitat (LxKxS): 256 x 76 x 62 mm \/ 10,1 x 3,0 x 2,4 tuumaa \/ 10,1 x 3,0 x 2,4 tuumaa<br \/>\nPaino maalla: 210 g \/ 7,4 oz.<br \/>\nVedenalainen kelluvuus: noin 280 g \/ 9,9 oz.<br \/>\n* Yksitt\u00e4isten kahvojen paino maalla ja vedenalainen kelluvuus voivat vaihdella hieman.<\/p>","protected":false},"featured_media":1278,"comment_status":"closed","ping_status":"closed","template":"","meta":{"_acf_changed":false},"product_cat":[44,188],"product_tag":[38],"class_list":{"0":"post-331","1":"product","2":"type-product","3":"status-publish","4":"has-post-thumbnail","6":"product_cat-accessoires","7":"product_cat-behuizing-accessoires","8":"product_tag-sea-sea","10":"first","11":"instock","12":"product-type-simple"},"acf":[],"_links":{"self":[{"href":"https:\/\/seaandsea.eu\/fi\/wp-json\/wp\/v2\/product\/331","targetHints":{"allow":["GET"]}}],"collection":[{"href":"https:\/\/seaandsea.eu\/fi\/wp-json\/wp\/v2\/product"}],"about":[{"href":"https:\/\/seaandsea.eu\/fi\/wp-json\/wp\/v2\/types\/product"}],"replies":[{"embeddable":true,"href":"https:\/\/seaandsea.eu\/fi\/wp-json\/wp\/v2\/comments?post=331"}],"wp:featuredmedia":[{"embeddable":true,"href":"https:\/\/seaandsea.eu\/fi\/wp-json\/wp\/v2\/media\/1278"}],"wp:attachment":[{"href":"https:\/\/seaandsea.eu\/fi\/wp-json\/wp\/v2\/media?parent=331"}],"wp:term":[{"taxonomy":"product_cat","embeddable":true,"href":"https:\/\/seaandsea.eu\/fi\/wp-json\/wp\/v2\/product_cat?post=331"},{"taxonomy":"product_tag","embeddable":true,"href":"https:\/\/seaandsea.eu\/fi\/wp-json\/wp\/v2\/product_tag?post=331"}],"curies":[{"name":"wp","href":"https:\/\/api.w.org\/{rel}","templated":true}]}}