{"id":343,"date":"2024-02-16T08:14:08","date_gmt":"2024-02-16T07:14:08","guid":{"rendered":"https:\/\/eager-benz.45-82-188-209.plesk.page\/product\/optical-ys-converter-c1-voor-rdx-behuizingen-50137\/"},"modified":"2024-04-18T12:11:53","modified_gmt":"2024-04-18T10:11:53","slug":"optical-ys-converter-c1-voor-rdx-behuizingen","status":"publish","type":"product","link":"https:\/\/seaandsea.eu\/fi\/tuote\/optinen-ys-muunnin-c1-for-rdx-koteloihin\/","title":{"rendered":"Optinen YS-muunnin\/C1 RDX-koteloihin"},"content":{"rendered":"","protected":false},"excerpt":{"rendered":"<p>Optinen YS-muunnin\/C1 RDX-koteloihin<br \/>\nTuotenro 50137<\/p>\n<p><span>Kompakti yksikk\u00f6, joka muuntaa kameran TTL-signaalin valosignaaliksi. Muunnin voidaan asentaa kameran lis\u00e4varustekenk\u00e4\u00e4n, ja se voidaan liitt\u00e4\u00e4 SEA &amp; SEA-salamalaitteeseen (SEA &amp; SEA-salamalaitteisiin) valokuitukaapelilla (*). TTL- ja manuaalitilaa voidaan vaihtaa painamalla kotelossa olevaa tilakytkint\u00e4.<br \/>\n* SEA &amp; SEA:n valokaapeli II:ta on k\u00e4ytett\u00e4v\u00e4 YS-optisen muuntimen kanssa.<\/span><\/p>\n<p>Yhteensopiva kotelo: RDX-100D<\/p>\n<p><strong>Tekniset tiedot<\/strong><br \/>\n<span>Toiminta: ON \/ OFF \/ TTL-tila (merkitty sinisell\u00e4 valolla) \/ Manuaalinen tila (merkitty vihre\u00e4ll\u00e4 valolla).<br \/>\n* Akun j\u00e4ljell\u00e4 oleva varaustaso ilmoitetaan vilkkuvalla LED-valolla.<br \/>\nAutomaattinen virrankatkaisu: Muunnin kytkeytyy automaattisesti pois p\u00e4\u00e4lt\u00e4, jos suljinvipua tai toimintatilan kytkint\u00e4 ei ole aktivoitu yli tuntiin.<br \/>\n* Muunnin voidaan aktivoida uudelleen painamalla tilakytkint\u00e4.<br \/>\nVirtal\u00e4hde: 2 x AAA-paristo (alkaliparisto: 3,0 V \/ Ni-MH: 2,4 V).<br \/>\nVirtal\u00e4hde: (* 1) Alkali: 15 tuntia \/ Mi-MH: 12 tuntia (* 2)<br \/>\nRakenne: alumiiniseos (kotelo)<br \/>\nMitat (LxKxS): 54,4 x 41,4 x 48,8 mm \/ 2,1 x 1,6 x 1,9 tuumaa (ilman kaapelia).<br \/>\nPaino: 54 g \/ 1,9 oz.<\/p>\n<p>* 1 Akun kesto riippuu akun merkist\u00e4, l\u00e4mp\u00f6tilasta ja k\u00e4ytt\u00f6tiheydest\u00e4.<br \/>\n* 2 Toiminta-aika testattu 750 mAh:n akuilla.<\/p>\n<p>Video aiheesta \"Miten YS-optinen muunnin asennetaan yhteensopivaan koteloon\" on juuri julkaistu YouTubessa.<\/span><\/p>","protected":false},"featured_media":344,"comment_status":"closed","ping_status":"closed","template":"","meta":{"_acf_changed":false},"product_cat":[44,188],"product_tag":[196,36,76,38,149],"class_list":{"0":"post-343","1":"product","2":"type-product","3":"status-publish","4":"has-post-thumbnail","6":"product_cat-accessoires","7":"product_cat-behuizing-accessoires","8":"product_tag-converter","9":"product_tag-optical","10":"product_tag-rdx","11":"product_tag-sea-sea","12":"product_tag-ys","14":"first","15":"instock","16":"product-type-simple"},"acf":[],"_links":{"self":[{"href":"https:\/\/seaandsea.eu\/fi\/wp-json\/wp\/v2\/product\/343","targetHints":{"allow":["GET"]}}],"collection":[{"href":"https:\/\/seaandsea.eu\/fi\/wp-json\/wp\/v2\/product"}],"about":[{"href":"https:\/\/seaandsea.eu\/fi\/wp-json\/wp\/v2\/types\/product"}],"replies":[{"embeddable":true,"href":"https:\/\/seaandsea.eu\/fi\/wp-json\/wp\/v2\/comments?post=343"}],"wp:featuredmedia":[{"embeddable":true,"href":"https:\/\/seaandsea.eu\/fi\/wp-json\/wp\/v2\/media\/344"}],"wp:attachment":[{"href":"https:\/\/seaandsea.eu\/fi\/wp-json\/wp\/v2\/media?parent=343"}],"wp:term":[{"taxonomy":"product_cat","embeddable":true,"href":"https:\/\/seaandsea.eu\/fi\/wp-json\/wp\/v2\/product_cat?post=343"},{"taxonomy":"product_tag","embeddable":true,"href":"https:\/\/seaandsea.eu\/fi\/wp-json\/wp\/v2\/product_tag?post=343"}],"curies":[{"name":"wp","href":"https:\/\/api.w.org\/{rel}","templated":true}]}}