{"id":349,"date":"2024-02-16T08:14:08","date_gmt":"2024-02-16T07:14:08","guid":{"rendered":"https:\/\/eager-benz.45-82-188-209.plesk.page\/product\/vf180-12-viewfinder-46112\/"},"modified":"2024-04-19T16:22:34","modified_gmt":"2024-04-19T14:22:34","slug":"vf180-12-viewfinder-46112","status":"publish","type":"product","link":"https:\/\/seaandsea.eu\/fi\/tuote\/vf180-12-viewfinder-46112\/","title":{"rendered":"VF180 1.2 Etsin"},"content":{"rendered":"","protected":false},"excerpt":{"rendered":"<p>VF180 1.2x<br \/>\nTuotenro 46112<\/p>\n<p><span>RDX- ja MDX-sarjan koteloiden kanssa yhteensopiva suora prismaetsin. Voidaan kiinnitt\u00e4\u00e4 koteloon korvaamalla alkuper\u00e4inen etsin. Suurennussuhde on 1,2x ilman, ett\u00e4 n\u00e4k\u00f6kentt\u00e4 k\u00e4rsii. Koska VF180 1.2x on suora etsin, voit sommitella kuvia kuin katsoisit suoraan kameran etsimen l\u00e4pi. Optiset objektiivit, joissa on 8 elementti\u00e4 ja 6 ryhm\u00e4\u00e4, toistavat luonnolliset v\u00e4rit. Etsin on t\u00e4ytetty typpikaasulla kondensaation ja huurtumisen est\u00e4miseksi. Silm\u00e4suoja takaa selke\u00e4n n\u00e4kym\u00e4n, koska etsimeen ei p\u00e4\u00e4se valoa.<br \/>\n* Etsimen kiinnitt\u00e4miseen koteloon tarvitaan lis\u00e4varuste.<\/span><\/p>\n<p><strong>Tekniset tiedot<\/strong><br \/>\n<span>Rakenne: korroosionkest\u00e4v\u00e4 alumiiniseos<br \/>\nSyvyysluokitus: 100m \/ 330ft<br \/>\n<\/span><span>Mitat (DIAxD): 45\u00d7111 mm \/ 1,8 x 4,4 tuumaa.<br \/>\nPaino: 275 g \/ 9.6 oz<br \/>\nYhteensopivat kotelot: (vuoden 2007 j\u00e4lkeen valmistetut mallit)RDX-750D RDX-100D RDX-650D RDX-600D RDX-550D RDX-550D<br \/>\n(*2) MDX-D850 (*3) MDX-5D Mark IV MDX-80D MDX-D500 MDX-EM5 Mark II06177 MDX-\u03b17 II MDX-5D Mark III ver.2 MDX-7D Mark II MDX-70D MDX-5D Mark III MDX- 6D MDX-7D MDX-PRO 5D Mark II\uff08*1\uff09MDX-40D\uff08*2\uff09MDX-D800 MDX-D7100 MDX-D7000 MDX-D300s MDX-PRO D700 MDX-PRO D3 \uff08*2\uff09. MDX-D300\uff08*2\uff09 MDX-D300\uff08*2\uff09<\/p>\n<p>* 1 Lis\u00e4varusteen et\u00e4isyyspidike tarvitaan etsimen asentamiseen koteloon.<br \/>\n* 2 Etsimen asentaminen edellytt\u00e4\u00e4 tehdasmuutosta. Ota yhteytt\u00e4 viralliseen SEA &amp; SEA -j\u00e4lleenmyyj\u00e4\u00e4n tai -jakelijaan.<br \/>\n* 3 Kameran etsimen alaosaa (jossa kuvaustiedot n\u00e4kyv\u00e4t) ei voi tarkastella vinjetoinnin vuoksi.<\/span><\/p>","protected":false},"featured_media":350,"comment_status":"closed","ping_status":"closed","template":"","meta":{"_acf_changed":false},"product_cat":[44,188],"product_tag":[201,38,180,202],"class_list":{"0":"post-349","1":"product","2":"type-product","3":"status-publish","4":"has-post-thumbnail","6":"product_cat-accessoires","7":"product_cat-behuizing-accessoires","8":"product_tag-201","9":"product_tag-sea-sea","10":"product_tag-stay","11":"product_tag-viewfinder","13":"first","14":"instock","15":"product-type-simple"},"acf":[],"_links":{"self":[{"href":"https:\/\/seaandsea.eu\/fi\/wp-json\/wp\/v2\/product\/349","targetHints":{"allow":["GET"]}}],"collection":[{"href":"https:\/\/seaandsea.eu\/fi\/wp-json\/wp\/v2\/product"}],"about":[{"href":"https:\/\/seaandsea.eu\/fi\/wp-json\/wp\/v2\/types\/product"}],"replies":[{"embeddable":true,"href":"https:\/\/seaandsea.eu\/fi\/wp-json\/wp\/v2\/comments?post=349"}],"wp:featuredmedia":[{"embeddable":true,"href":"https:\/\/seaandsea.eu\/fi\/wp-json\/wp\/v2\/media\/350"}],"wp:attachment":[{"href":"https:\/\/seaandsea.eu\/fi\/wp-json\/wp\/v2\/media?parent=349"}],"wp:term":[{"taxonomy":"product_cat","embeddable":true,"href":"https:\/\/seaandsea.eu\/fi\/wp-json\/wp\/v2\/product_cat?post=349"},{"taxonomy":"product_tag","embeddable":true,"href":"https:\/\/seaandsea.eu\/fi\/wp-json\/wp\/v2\/product_tag?post=349"}],"curies":[{"name":"wp","href":"https:\/\/api.w.org\/{rel}","templated":true}]}}