{"id":351,"date":"2024-02-16T08:14:08","date_gmt":"2024-02-16T07:14:08","guid":{"rendered":"https:\/\/eager-benz.45-82-188-209.plesk.page\/product\/vf45-1-2-viewfinder-46111\/"},"modified":"2024-04-18T12:11:18","modified_gmt":"2024-04-18T10:11:18","slug":"vf45-1-2-viewfinder","status":"publish","type":"product","link":"https:\/\/seaandsea.eu\/fi\/tuote\/vf45-1-2-etsin\/","title":{"rendered":"VF45 1.2 Etsin"},"content":{"rendered":"","protected":false},"excerpt":{"rendered":"<p>VF45 1.2x<br \/>\nTuotenro 46111<\/p>\n<p><span>45\u00b0 prismaetsin (suurennos: 1,2x).<br \/>\nLis\u00e4varusteena saatava VF45 Prismaetsin korvaa kotelon alkuper\u00e4isen etsimen ja tarjoaa erinomaisen n\u00e4kyvyyden. VF45 kattaa koko n\u00e4k\u00f6kent\u00e4n, mik\u00e4 lis\u00e4\u00e4 suurennosta 1,2-kertaiseksi ja mahdollistaa kohteiden hienovaraisen rajaamisen ja tarkentamisen. Silm\u00e4kappale k\u00e4\u00e4ntyy 360\u00b0 90\u00b0:n askelin ihanteellisen kamera-asennon varmistamiseksi, olipa kyseess\u00e4 sitten maisema- tai muotokuva. 45 asteen prismaetsin sopii kaikkiin olosuhteisiin, mutta erityisen hyvin makrokuvaukseen, kun kamera on usein sijoitettu kuvaajaa alemmas. 45 asteen prismaetsin est\u00e4\u00e4 turhan valon p\u00e4\u00e4syn etsimeen, jolloin etsimen kautta saadaan selvi\u00e4 ja tarkkoja kuvia.<\/span><\/p>\n<p><strong>Tekniset tiedot<br \/>\n<\/strong>[Rakenne] korroosionkest\u00e4v\u00e4 alumiiniseos<br \/>\n[Syvyysluokitus] 100m \/ 330ft<br \/>\n[Mitat (WxHxD)] 57.5\u00d798.7x96mm \/ 2.3\u00d73.9\u00d73.8inch \/ 2.3\u00d73.9\u00d73.8inch<br \/>\n[Paino] 390 g \/ 13.7 oz<br \/>\n[Yhteensopivat kotelot]MDX-5D Mark III, MDX-6D, MDX-7D, MDX-PRO 5D Mark II \uff08\uff081 \u203b, MDX-40D \uff08\u203b 2\uff09MDX-D800, MDX-D7100, MDX-D7000, MDX-D300s, MDX-PRO D700, MDX-PRO D3 \uff08\u203b 2\uff09, MDX-D300 \uff08\u203b 2\uff09.<br \/>\n* 1 Tarvitaan lis\u00e4varusteiden et\u00e4isyyspidike, jotta etsin voidaan asentaa koteloon* 2 Etsimen asentaminen edellytt\u00e4\u00e4 tehdasmuutosta. Ota yhteytt\u00e4 viralliseen SEA &amp; SEA-j\u00e4lleenmyyj\u00e4\u00e4n tai -jakelijaan.<\/p>","protected":false},"featured_media":352,"comment_status":"closed","ping_status":"closed","template":"","meta":{"_acf_changed":false},"product_cat":[44,188],"product_tag":[38,203,202],"class_list":{"0":"post-351","1":"product","2":"type-product","3":"status-publish","4":"has-post-thumbnail","6":"product_cat-accessoires","7":"product_cat-behuizing-accessoires","8":"product_tag-sea-sea","9":"product_tag-vf45","10":"product_tag-viewfinder","12":"first","13":"instock","14":"product-type-simple"},"acf":[],"_links":{"self":[{"href":"https:\/\/seaandsea.eu\/fi\/wp-json\/wp\/v2\/product\/351","targetHints":{"allow":["GET"]}}],"collection":[{"href":"https:\/\/seaandsea.eu\/fi\/wp-json\/wp\/v2\/product"}],"about":[{"href":"https:\/\/seaandsea.eu\/fi\/wp-json\/wp\/v2\/types\/product"}],"replies":[{"embeddable":true,"href":"https:\/\/seaandsea.eu\/fi\/wp-json\/wp\/v2\/comments?post=351"}],"wp:featuredmedia":[{"embeddable":true,"href":"https:\/\/seaandsea.eu\/fi\/wp-json\/wp\/v2\/media\/352"}],"wp:attachment":[{"href":"https:\/\/seaandsea.eu\/fi\/wp-json\/wp\/v2\/media?parent=351"}],"wp:term":[{"taxonomy":"product_cat","embeddable":true,"href":"https:\/\/seaandsea.eu\/fi\/wp-json\/wp\/v2\/product_cat?post=351"},{"taxonomy":"product_tag","embeddable":true,"href":"https:\/\/seaandsea.eu\/fi\/wp-json\/wp\/v2\/product_tag?post=351"}],"curies":[{"name":"wp","href":"https:\/\/api.w.org\/{rel}","templated":true}]}}