{"id":353,"date":"2024-02-16T08:14:08","date_gmt":"2024-02-16T07:14:08","guid":{"rendered":"https:\/\/eager-benz.45-82-188-209.plesk.page\/product\/optical-viewfinder-08x-46104\/"},"modified":"2024-04-18T12:12:26","modified_gmt":"2024-04-18T10:12:26","slug":"optical-viewfinder-08x","status":"publish","type":"product","link":"https:\/\/seaandsea.eu\/fi\/tuote\/optinen-etsin-08x\/","title":{"rendered":"Optinen etsin 0,8x"},"content":{"rendered":"","protected":false},"excerpt":{"rendered":"<p>Optinen etsin 0,8x<br \/>\nTuotenro 46104<\/p>\n<p><span>Suosittelemme t\u00e4t\u00e4 etsint\u00e4 likin\u00e4k\u00f6isille k\u00e4ytt\u00e4jille ja valokuvaajille, jotka haluavat varmistaa, ett\u00e4 kuvan keskell\u00e4 oleva tarkennus on selke\u00e4 makrokuvauksessa. Voit vaihtaa t\u00e4m\u00e4n etsimen vakiopoimintatarkkailijan etsimen kanssa tarpeisiisi parhaiten sopivaksi.<br \/>\n* Heijastettu kuva n\u00e4kyy etsimen nelj\u00e4ss\u00e4 kulmassa.<\/span><\/p>","protected":false},"featured_media":354,"comment_status":"closed","ping_status":"closed","template":"","meta":{"_acf_changed":false},"product_cat":[44,188],"product_tag":[36,38,202],"class_list":{"0":"post-353","1":"product","2":"type-product","3":"status-publish","4":"has-post-thumbnail","6":"product_cat-accessoires","7":"product_cat-behuizing-accessoires","8":"product_tag-optical","9":"product_tag-sea-sea","10":"product_tag-viewfinder","12":"first","13":"instock","14":"product-type-simple"},"acf":[],"_links":{"self":[{"href":"https:\/\/seaandsea.eu\/fi\/wp-json\/wp\/v2\/product\/353","targetHints":{"allow":["GET"]}}],"collection":[{"href":"https:\/\/seaandsea.eu\/fi\/wp-json\/wp\/v2\/product"}],"about":[{"href":"https:\/\/seaandsea.eu\/fi\/wp-json\/wp\/v2\/types\/product"}],"replies":[{"embeddable":true,"href":"https:\/\/seaandsea.eu\/fi\/wp-json\/wp\/v2\/comments?post=353"}],"wp:featuredmedia":[{"embeddable":true,"href":"https:\/\/seaandsea.eu\/fi\/wp-json\/wp\/v2\/media\/354"}],"wp:attachment":[{"href":"https:\/\/seaandsea.eu\/fi\/wp-json\/wp\/v2\/media?parent=353"}],"wp:term":[{"taxonomy":"product_cat","embeddable":true,"href":"https:\/\/seaandsea.eu\/fi\/wp-json\/wp\/v2\/product_cat?post=353"},{"taxonomy":"product_tag","embeddable":true,"href":"https:\/\/seaandsea.eu\/fi\/wp-json\/wp\/v2\/product_tag?post=353"}],"curies":[{"name":"wp","href":"https:\/\/api.w.org\/{rel}","templated":true}]}}