{"id":365,"date":"2024-02-16T08:14:08","date_gmt":"2024-02-16T07:14:08","guid":{"rendered":"https:\/\/eager-benz.45-82-188-209.plesk.page\/product\/shade-ring-m405-52133\/"},"modified":"2024-04-18T12:11:06","modified_gmt":"2024-04-18T10:11:06","slug":"shade-ring-m405","status":"publish","type":"product","link":"https:\/\/seaandsea.eu\/fi\/tuote\/varjostinrengas-m405\/","title":{"rendered":"Varjostinrengas M40.5"},"content":{"rendered":"","protected":false},"excerpt":{"rendered":"<p>Varjostusrengas M40.5<br \/>\nTuotenro 52133<\/p>\n<p><span>Rengas est\u00e4\u00e4 tarpeettomat heijastukset ML Dome -portissa, kun sit\u00e4 k\u00e4ytet\u00e4\u00e4n SELP1650-objektiivin kanssa. Kun SELP1650-zoom-vaihde on kiinnitetty, yhdistelm\u00e4 est\u00e4\u00e4 sis\u00e4isen valon heijastukset sis\u00e4\u00e4nrakennetusta salamasta.<\/span><\/p>","protected":false},"featured_media":366,"comment_status":"closed","ping_status":"closed","template":"","meta":{"_acf_changed":false},"product_cat":[44,188],"product_tag":[38,206,207],"class_list":{"0":"post-365","1":"product","2":"type-product","3":"status-publish","4":"has-post-thumbnail","6":"product_cat-accessoires","7":"product_cat-behuizing-accessoires","8":"product_tag-sea-sea","9":"product_tag-shade-ring","10":"product_tag-shading-ring","12":"first","13":"instock","14":"product-type-simple"},"acf":[],"_links":{"self":[{"href":"https:\/\/seaandsea.eu\/fi\/wp-json\/wp\/v2\/product\/365","targetHints":{"allow":["GET"]}}],"collection":[{"href":"https:\/\/seaandsea.eu\/fi\/wp-json\/wp\/v2\/product"}],"about":[{"href":"https:\/\/seaandsea.eu\/fi\/wp-json\/wp\/v2\/types\/product"}],"replies":[{"embeddable":true,"href":"https:\/\/seaandsea.eu\/fi\/wp-json\/wp\/v2\/comments?post=365"}],"wp:featuredmedia":[{"embeddable":true,"href":"https:\/\/seaandsea.eu\/fi\/wp-json\/wp\/v2\/media\/366"}],"wp:attachment":[{"href":"https:\/\/seaandsea.eu\/fi\/wp-json\/wp\/v2\/media?parent=365"}],"wp:term":[{"taxonomy":"product_cat","embeddable":true,"href":"https:\/\/seaandsea.eu\/fi\/wp-json\/wp\/v2\/product_cat?post=365"},{"taxonomy":"product_tag","embeddable":true,"href":"https:\/\/seaandsea.eu\/fi\/wp-json\/wp\/v2\/product_tag?post=365"}],"curies":[{"name":"wp","href":"https:\/\/api.w.org\/{rel}","templated":true}]}}