{"id":377,"date":"2024-02-16T08:14:14","date_gmt":"2024-02-16T07:14:14","guid":{"rendered":"https:\/\/eager-benz.45-82-188-209.plesk.page\/product\/optional-ys-converter-2-pin-connector-50122\/"},"modified":"2024-02-16T08:14:14","modified_gmt":"2024-02-16T07:14:14","slug":"optional-ys-converter-2-pin-connector-50122","status":"publish","type":"product","link":"https:\/\/seaandsea.eu\/fi\/tuote\/valinnainen-ys-muunnin-2-nastainen-liitin-50122\/","title":{"rendered":"Valinnainen YS-muunnin \/ 2-nastainen liitin #50122"},"content":{"rendered":"","protected":false},"excerpt":{"rendered":"<p>Valinnainen synkronointijohto 2-nastainen liitin<br \/>\nTuotenro 50122<\/p>\n<p><span>K\u00e4ytt\u00e4j\u00e4n vaihdettava 2-nastainen salamaliitin ja synkronointisarja. Liitinsarja voidaan kiinnitt\u00e4\u00e4 lis\u00e4varusteportin korkin poistamisen j\u00e4lkeen.* Liitinsarjaa tarvitaan, jotta YS-sarjan salamalaitteet voidaan liitt\u00e4\u00e4 synkronointikaapelilla digitaalisten j\u00e4rjestelm\u00e4kameroiden SEA &amp; SEA-koteloihin, joissa on vakiona lis\u00e4varusteportti.<\/span><\/p>","protected":false},"featured_media":378,"comment_status":"closed","ping_status":"open","template":"","meta":{"_acf_changed":false},"product_cat":[44,188],"product_tag":[227,161,223,224,38,226],"class_list":{"0":"post-377","1":"product","2":"type-product","3":"status-publish","4":"has-post-thumbnail","6":"product_cat-accessoires","7":"product_cat-behuizing-accessoires","8":"product_tag-2-pin","9":"product_tag-cable","10":"product_tag-connector","11":"product_tag-cord","12":"product_tag-sea-sea","13":"product_tag-syncro","15":"first","16":"instock","17":"product-type-simple"},"acf":[],"_links":{"self":[{"href":"https:\/\/seaandsea.eu\/fi\/wp-json\/wp\/v2\/product\/377","targetHints":{"allow":["GET"]}}],"collection":[{"href":"https:\/\/seaandsea.eu\/fi\/wp-json\/wp\/v2\/product"}],"about":[{"href":"https:\/\/seaandsea.eu\/fi\/wp-json\/wp\/v2\/types\/product"}],"replies":[{"embeddable":true,"href":"https:\/\/seaandsea.eu\/fi\/wp-json\/wp\/v2\/comments?post=377"}],"wp:featuredmedia":[{"embeddable":true,"href":"https:\/\/seaandsea.eu\/fi\/wp-json\/wp\/v2\/media\/378"}],"wp:attachment":[{"href":"https:\/\/seaandsea.eu\/fi\/wp-json\/wp\/v2\/media?parent=377"}],"wp:term":[{"taxonomy":"product_cat","embeddable":true,"href":"https:\/\/seaandsea.eu\/fi\/wp-json\/wp\/v2\/product_cat?post=377"},{"taxonomy":"product_tag","embeddable":true,"href":"https:\/\/seaandsea.eu\/fi\/wp-json\/wp\/v2\/product_tag?post=377"}],"curies":[{"name":"wp","href":"https:\/\/api.w.org\/{rel}","templated":true}]}}