{"id":387,"date":"2024-02-16T08:14:14","date_gmt":"2024-02-16T07:14:14","guid":{"rendered":"https:\/\/eager-benz.45-82-188-209.plesk.page\/product\/lcd-monitor-hood-with-lens-52121\/"},"modified":"2024-04-18T12:08:10","modified_gmt":"2024-04-18T10:08:10","slug":"lcd-monitor-hood-with-lens","status":"publish","type":"product","link":"https:\/\/seaandsea.eu\/fi\/tuote\/lcd-monitorin-huppu-objektiivilla\/","title":{"rendered":"LCD-monitorin huppu objektiivin kanssa"},"content":{"rendered":"","protected":false},"excerpt":{"rendered":"<p>LCD-monitorin huppu objektiivin kanssa<br \/>\nTuotenro 52121<\/p>\n<p>Suojus kiinnitet\u00e4\u00e4n kompaktin digitaalikameran rungon LCD-n\u00e4yt\u00f6n alueelle. Huppu v\u00e4hent\u00e4\u00e4 valoa ja heijastuksia ja varmistaa LCD-monitorin selke\u00e4n kuvan kulmasta kulmaan. Objektiivissa on heijastuksenestopinnoite, joka v\u00e4hent\u00e4\u00e4 entisest\u00e4\u00e4n tarpeettomia heijastuksia ja h\u00e4ik\u00e4isy\u00e4. Ihanteellinen niille, jotka haluavat suuremman ja selke\u00e4mm\u00e4n n\u00e4kym\u00e4n LCD-monitoriin.<\/p>\n<p><strong>Tekniset tiedot<\/strong><br \/>\n<span title=\"\">Yhteensopiva malli: MDX-RX100III, MDX-RX100 \/ II, MDX-GRD IV, DX-GE5.<\/span><br \/>\n<span title=\"\">Yhteensopivan kokoinen LCD-n\u00e4ytt\u00f6: LCD-n\u00e4ytt\u00f6: Noin<\/span> <span title=\"\">62x47mm \/ 2.4\u00d71.9 tuumaa.<\/span><br \/>\n<span title=\"\">Paino: Paino: n.<\/span> <span title=\"\">123 g \/ 4.3 oz<\/span><br \/>\n<span title=\"\">Mitat (DIAxD): n.<\/span> <span title=\"\">84x85x67mm \/ 3.3\u00d73.3\u00d73.3\u00d72.6 tuumaa<\/span><\/p>","protected":false},"featured_media":388,"comment_status":"closed","ping_status":"closed","template":"","meta":{"_acf_changed":false},"product_cat":[44,231],"product_tag":[38],"class_list":{"0":"post-387","1":"product","2":"type-product","3":"status-publish","4":"has-post-thumbnail","6":"product_cat-accessoires","7":"product_cat-lenses-and-accessories","8":"product_tag-sea-sea","10":"first","11":"instock","12":"product-type-simple"},"acf":[],"_links":{"self":[{"href":"https:\/\/seaandsea.eu\/fi\/wp-json\/wp\/v2\/product\/387","targetHints":{"allow":["GET"]}}],"collection":[{"href":"https:\/\/seaandsea.eu\/fi\/wp-json\/wp\/v2\/product"}],"about":[{"href":"https:\/\/seaandsea.eu\/fi\/wp-json\/wp\/v2\/types\/product"}],"replies":[{"embeddable":true,"href":"https:\/\/seaandsea.eu\/fi\/wp-json\/wp\/v2\/comments?post=387"}],"wp:featuredmedia":[{"embeddable":true,"href":"https:\/\/seaandsea.eu\/fi\/wp-json\/wp\/v2\/media\/388"}],"wp:attachment":[{"href":"https:\/\/seaandsea.eu\/fi\/wp-json\/wp\/v2\/media?parent=387"}],"wp:term":[{"taxonomy":"product_cat","embeddable":true,"href":"https:\/\/seaandsea.eu\/fi\/wp-json\/wp\/v2\/product_cat?post=387"},{"taxonomy":"product_tag","embeddable":true,"href":"https:\/\/seaandsea.eu\/fi\/wp-json\/wp\/v2\/product_tag?post=387"}],"curies":[{"name":"wp","href":"https:\/\/api.w.org\/{rel}","templated":true}]}}