{"id":397,"date":"2024-02-16T08:14:14","date_gmt":"2024-02-16T07:14:14","guid":{"rendered":"https:\/\/eager-benz.45-82-188-209.plesk.page\/product\/mdx-r-behuizing-voor-canon-eos-r-06190\/"},"modified":"2024-04-18T12:09:06","modified_gmt":"2024-04-18T10:09:06","slug":"mdx-r-behuizing-voor-canon-eos-r","status":"publish","type":"product","link":"https:\/\/seaandsea.eu\/fi\/tuote\/mdx-r-kotelo-canon-eos-rlle\/","title":{"rendered":"MDX-R kotelo Canon EOS R:lle"},"content":{"rendered":"","protected":false},"excerpt":{"rendered":"<p><span class=\"tlid-translation translation\" lang=\"nl\">Vedenalainen kotelo Canon EOS R:lle<\/span><\/p>\n<p>MDX-R (musta) (vain kotelo)<br \/>\nTuotenro 06190<\/p>\n<p>Huippuluokan kotelo t\u00e4ysikehyksiselle peilitt\u00f6m\u00e4lle Canon EOS R -kameralle. Kompakti, yhteensopiva YS-optisen muuntimen kanssa ja ergonomisesti muotoiltu.<\/p>\n<p><strong>Ominaisuudet<\/strong><br \/>\nSuunniteltu kompaktiksi ja kevyeksi.<br \/>\nPeilitt\u00f6m\u00e4n kameran kompaktia muotoilua ja kevytt\u00e4 painoa hy\u00f6dynt\u00e4v\u00e4t kotelot on suunniteltu parantamaan n\u00e4it\u00e4 ominaisuuksia. SLR-kamerakoteloon MDX-5D Mark lV verrattuna MDX-R on 100 g \/ 3,5 oz kevyempi maalla.<\/p>\n<p>MDX-sarjan SLX-koteloiden portteja ja vaihteita voidaan k\u00e4ytt\u00e4\u00e4.<br \/>\nMDX-R on yhteensopiva MDX-sarjan SLR-kamerakoteloiden j\u00e4rjestelm\u00e4kortin kanssa. Voit k\u00e4ytt\u00e4\u00e4 EF-mount-objektiiveja MDX-sarjan koteloiden kiinnityssovittimen ja porttien\/varsien kanssa.<\/p>\n<p>Porttij\u00e4rjestelm\u00e4kortti<br \/>\nYhteensopiva optisen YS-muuntimen C\/R kanssa (alustava nimi). TTL-salama mahdollinen.<br \/>\nSaatavana on uusi valinnainen optinen YS-muunnin C\/R*, joka muuntaa kameran kuuman keng\u00e4n TTL-signaalin LED-valosignaaliksi. Muunnin mahdollistaa sek\u00e4 TTL- ett\u00e4 manuaalivalotuksen kuvaamisen.<\/p>\n<p>* Kehitt\u00e4\u00e4 parhaillaan uutta laiteohjelmistoa.<br \/>\nSuunniteltu RF-kiinnityksell\u00e4 varustetuille objektiiveille.<br \/>\nTarkennus-\/zoomausvalitsimessa on kaksi vaihdetta, joista toinen on tarkoitettu RF-kiinnityksell\u00e4 varustetuille objektiiveille.<br \/>\nKameran yl\u00e4ohjauspaneeli on n\u00e4kyviss\u00e4.<br \/>\nKameran yl\u00e4osan ohjauspaneelin ikkuna on my\u00f6s sis\u00e4llytetty kameraan. Koska kameran yl\u00e4ohjauspaneelin kirkkautta on lis\u00e4tty, n\u00e4kyvyys on nyt huomattavasti parempi.<\/p>\n<p>MDX-R:n muut ominaisuudet<br \/>\n- Portin lukitus est\u00e4\u00e4 porttia py\u00f6rim\u00e4st\u00e4 tai l\u00f6ystym\u00e4st\u00e4, ja portin lukitusvipu on sijoitettu siten, ett\u00e4 se est\u00e4\u00e4 portin lukituksen avaamisen vahingossa.<br \/>\n-Kotelossa on objektiivin lukituspainike, jonka avulla objektiivit on helppo vaihtaa avaamatta koteloa.<br \/>\n- Kun tarkennus-\/zoomausnuppi vedet\u00e4\u00e4n ulos, kotelossa on tarpeeksi tilaa, jotta sinne mahtuu helposti halkaisijaltaan suurempia objektiiveja.<br \/>\n- Kaikissa ohjaimissa on pime\u00e4ss\u00e4 hohtavat tarrat, jotka syttyv\u00e4t pime\u00e4ss\u00e4 ymp\u00e4rist\u00f6ss\u00e4.<br \/>\n- Vakiona optinen etsin 0,5x. Muita valinnaisia etsimi\u00e4, kuten optisia etsimi\u00e4 0,66x ja 0,8x, voidaan k\u00e4ytt\u00e4\u00e4.<br \/>\n\u203b Jonkin verran vinjetointia esiintyy. Kun VF45 ja VF180 1.2x on asennettu koteloon, kameran etsimen kulmia ei voi tarkastella vinjetoinnin vuoksi.<br \/>\n- Synkronointijohto 2-nastainen liitin mahdollistaa tavallisen langallisen synkronointikaapelin k\u00e4yt\u00f6n (vain manuaalitilassa).<br \/>\n- Varustettu kahdella uhrautuvalla sinkkidiodilla (toinen edess\u00e4 ja toinen takana) elektrolyysin aiheuttamien vaurioiden est\u00e4miseksi.<br \/>\n- Suojaa naarmuilta.<\/p>\n<p><strong>Tekniset tiedot<\/strong><br \/>\nMDX-R<br \/>\n[Rakenne] Runko: korroosionkest\u00e4v\u00e4 alumiiniseos (ty\u00f6stetty).<br \/>\nKahva: korroosionkest\u00e4v\u00e4 valettu alumiiniseos<br \/>\n[Syvyysluokitus] 100m \/ 330ft<br \/>\n[Mitat (LxKxS)] 342 x 174 x 159 mm \/ 13,5 x 6,9 x 6,3 tuumaa \/ 13,5 x 6,9 x 6,3 tuumaa<br \/>\n[Paino] Noin 2,900 g \/ 102 oz (vain kotelo)<\/p>\n<p>Satamakaavio: <a href=\"http:\/\/www.seaandsea.jp\/products\/system_chart\/mdx_canon.html\">http:\/\/www.seaandsea.jp\/products\/system_chart\/mdx_canon.html<\/a><\/p>","protected":false},"featured_media":398,"comment_status":"closed","ping_status":"closed","template":"","meta":{"_acf_changed":false},"product_cat":[150],"product_tag":[151,152,153,235,236,38],"class_list":{"0":"post-397","1":"product","2":"type-product","3":"status-publish","4":"has-post-thumbnail","6":"product_cat-behuizingen","7":"product_tag-behuizing","8":"product_tag-camera","9":"product_tag-camerabehuizing","10":"product_tag-canon-eos-r","11":"product_tag-onderbehuizing","12":"product_tag-sea-sea","14":"first","15":"instock","16":"product-type-simple"},"acf":[],"_links":{"self":[{"href":"https:\/\/seaandsea.eu\/fi\/wp-json\/wp\/v2\/product\/397","targetHints":{"allow":["GET"]}}],"collection":[{"href":"https:\/\/seaandsea.eu\/fi\/wp-json\/wp\/v2\/product"}],"about":[{"href":"https:\/\/seaandsea.eu\/fi\/wp-json\/wp\/v2\/types\/product"}],"replies":[{"embeddable":true,"href":"https:\/\/seaandsea.eu\/fi\/wp-json\/wp\/v2\/comments?post=397"}],"wp:featuredmedia":[{"embeddable":true,"href":"https:\/\/seaandsea.eu\/fi\/wp-json\/wp\/v2\/media\/398"}],"wp:attachment":[{"href":"https:\/\/seaandsea.eu\/fi\/wp-json\/wp\/v2\/media?parent=397"}],"wp:term":[{"taxonomy":"product_cat","embeddable":true,"href":"https:\/\/seaandsea.eu\/fi\/wp-json\/wp\/v2\/product_cat?post=397"},{"taxonomy":"product_tag","embeddable":true,"href":"https:\/\/seaandsea.eu\/fi\/wp-json\/wp\/v2\/product_tag?post=397"}],"curies":[{"name":"wp","href":"https:\/\/api.w.org\/{rel}","templated":true}]}}