{"id":405,"date":"2024-02-16T08:14:14","date_gmt":"2024-02-16T07:14:14","guid":{"rendered":"https:\/\/eager-benz.45-82-188-209.plesk.page\/product\/grip-extension-geel-voor-behuizingen-22144\/"},"modified":"2024-04-18T12:10:53","modified_gmt":"2024-04-18T10:10:53","slug":"grip-extension-geel-voor-behuizingen","status":"publish","type":"product","link":"https:\/\/seaandsea.eu\/fi\/tuote\/grip-extension-yellow-for-enclosures\/","title":{"rendered":"Grip Extension Keltainen koteloille"},"content":{"rendered":"","protected":false},"excerpt":{"rendered":"<p>Kahvan jatke keltainen<br \/>\ntuote #22144<\/p>\n<p>Huolimatta siit\u00e4, ett\u00e4 kotelon ja kahvan v\u00e4linen et\u00e4isyys on mitattu tarkasti, l\u00e4nsimaissa k\u00e4det saattavat olla hieman liian paksut, ja haluaisit, ett\u00e4 kahvan k\u00e4si olisi hieman kauempana kotelosta.<br \/>\nAseta sitten t\u00e4m\u00e4 sarja kahvan ja kotelon v\u00e4liin, niin saat hieman lis\u00e4tilaa, joka helpottaa kotelon k\u00e4ytt\u00f6\u00e4.<\/p>\n<p>Saatavana harmaana ja oranssi\/keltaisena<br \/>\nMukana toimitetaan ruostumattomasta ter\u00e4ksest\u00e4 valmistetut jatkopultit.<\/p>","protected":false},"featured_media":406,"comment_status":"closed","ping_status":"closed","template":"","meta":{"_acf_changed":false},"product_cat":[44,188],"product_tag":[243,242,115,128,38],"class_list":{"0":"post-405","1":"product","2":"type-product","3":"status-publish","4":"has-post-thumbnail","6":"product_cat-accessoires","7":"product_cat-behuizing-accessoires","8":"product_tag-243","9":"product_tag-242","10":"product_tag-extension","11":"product_tag-grip","12":"product_tag-sea-sea","14":"first","15":"instock","16":"product-type-simple"},"acf":[],"_links":{"self":[{"href":"https:\/\/seaandsea.eu\/fi\/wp-json\/wp\/v2\/product\/405","targetHints":{"allow":["GET"]}}],"collection":[{"href":"https:\/\/seaandsea.eu\/fi\/wp-json\/wp\/v2\/product"}],"about":[{"href":"https:\/\/seaandsea.eu\/fi\/wp-json\/wp\/v2\/types\/product"}],"replies":[{"embeddable":true,"href":"https:\/\/seaandsea.eu\/fi\/wp-json\/wp\/v2\/comments?post=405"}],"wp:featuredmedia":[{"embeddable":true,"href":"https:\/\/seaandsea.eu\/fi\/wp-json\/wp\/v2\/media\/406"}],"wp:attachment":[{"href":"https:\/\/seaandsea.eu\/fi\/wp-json\/wp\/v2\/media?parent=405"}],"wp:term":[{"taxonomy":"product_cat","embeddable":true,"href":"https:\/\/seaandsea.eu\/fi\/wp-json\/wp\/v2\/product_cat?post=405"},{"taxonomy":"product_tag","embeddable":true,"href":"https:\/\/seaandsea.eu\/fi\/wp-json\/wp\/v2\/product_tag?post=405"}],"curies":[{"name":"wp","href":"https:\/\/api.w.org\/{rel}","templated":true}]}}