{"id":415,"date":"2024-02-16T08:14:19","date_gmt":"2024-02-16T07:14:19","guid":{"rendered":"https:\/\/eager-benz.45-82-188-209.plesk.page\/product\/snoot-voor-ys-d3-28115\/"},"modified":"2024-04-18T12:05:36","modified_gmt":"2024-04-18T10:05:36","slug":"snoot-voor-ys-d3-28115","status":"publish","type":"product","link":"https:\/\/seaandsea.eu\/fi\/tuote\/snoot-voor-ys-d3-28115\/","title":{"rendered":"YS-D3-sarjan suulakkeet"},"content":{"rendered":"","protected":false},"excerpt":{"rendered":"<p><strong>Snoot YS-D3:lle<br \/>\nTuotenro 28115<\/strong><\/p>\n<p>Snoot kaventaa YS-D3:n valotuskulmaa, jotta valotus on tarkkaa tietyss\u00e4 kohteessa. Snoottia voidaan k\u00e4ytt\u00e4\u00e4 2 osassa. Kapein aukko on 25 mm. Snootin sis\u00e4ll\u00e4 on prisma, joka ohjaa tarkennusvalon kohdistus-\/tarkennusvalaisimesta snootin keskelle.<\/p>\n<p>Bajonettiliit\u00e4nn\u00e4n avulla t\u00e4m\u00e4 Snoot voidaan asentaa ja irrottaa helposti salaman etupuolelle veden alla hetkess\u00e4 diffuusorin sijasta. Snootti voidaan varustaa turvanarulla h\u00e4vi\u00f6iden varalta.<\/p>","protected":false},"featured_media":416,"comment_status":"closed","ping_status":"closed","template":"","meta":{"_acf_changed":false},"product_cat":[44,184],"product_tag":[246,143,146,168,252,38,147,148,253],"class_list":{"0":"post-415","1":"product","2":"type-product","3":"status-publish","4":"has-post-thumbnail","6":"product_cat-accessoires","7":"product_cat-flitser-accessoires","8":"product_tag-duiken","9":"product_tag-flitser","10":"product_tag-fotografie","11":"product_tag-onderwater","12":"product_tag-onderwaterwereld","13":"product_tag-sea-sea","14":"product_tag-sea-and-sea","15":"product_tag-sea-en-sea","16":"product_tag-snoot","18":"first","19":"instock","20":"product-type-simple"},"acf":[],"_links":{"self":[{"href":"https:\/\/seaandsea.eu\/fi\/wp-json\/wp\/v2\/product\/415","targetHints":{"allow":["GET"]}}],"collection":[{"href":"https:\/\/seaandsea.eu\/fi\/wp-json\/wp\/v2\/product"}],"about":[{"href":"https:\/\/seaandsea.eu\/fi\/wp-json\/wp\/v2\/types\/product"}],"replies":[{"embeddable":true,"href":"https:\/\/seaandsea.eu\/fi\/wp-json\/wp\/v2\/comments?post=415"}],"wp:featuredmedia":[{"embeddable":true,"href":"https:\/\/seaandsea.eu\/fi\/wp-json\/wp\/v2\/media\/416"}],"wp:attachment":[{"href":"https:\/\/seaandsea.eu\/fi\/wp-json\/wp\/v2\/media?parent=415"}],"wp:term":[{"taxonomy":"product_cat","embeddable":true,"href":"https:\/\/seaandsea.eu\/fi\/wp-json\/wp\/v2\/product_cat?post=415"},{"taxonomy":"product_tag","embeddable":true,"href":"https:\/\/seaandsea.eu\/fi\/wp-json\/wp\/v2\/product_tag?post=415"}],"curies":[{"name":"wp","href":"https:\/\/api.w.org\/{rel}","templated":true}]}}